{"id":1009,"date":"2025-11-01T04:19:37","date_gmt":"2025-11-01T03:19:37","guid":{"rendered":"https:\/\/creandoregalos.com\/?post_type=product&#038;p=1009"},"modified":"2025-12-30T11:52:35","modified_gmt":"2025-12-30T10:52:35","slug":"trona-para-munecas","status":"publish","type":"product","link":"https:\/\/creandoregalos.com\/en\/producto\/trona-para-munecas\/","title":{"rendered":"Trona para mu\u00f1ecas Flowers Monn\u00ebka"},"content":{"rendered":"<p>Haz que la hora dar de comer a tus mu\u00f1ecos sea a\u00fan m\u00e1s especial con esta preciosa trona plegable para mu\u00f1ecos de Monn\u00ebka, ideal para peques que disfrutan imitando las rutinas del d\u00eda a d\u00eda. Gracias a su dise\u00f1o funcional esta trona es perfecta para alimentar a mu\u00f1ecos o peluches con total comodidad.<\/p>\n<p>Puedes personalizarla con el nombre de tu peque bordado y darle un toque a\u00fan m\u00e1s personal.<\/p>\n<p>Caracter\u00edsticas<\/p>\n<p>Material: poli\u00e9ster<br \/>\nEstructura de metal<br \/>\nMedidas: 39 x 27 x 60 cm<br \/>\nPlegable<br \/>\nAsiento f\u00e1cil de desmontar<br \/>\nTextil lavable a 30\u00ba<br \/>\nPerfecta para mu\u00f1ecas de hasta 45 cm<br \/>\nA partir de 3 a\u00f1os<br \/>\nEAN: 8434149279188<\/p>\n<p>(*) Este producto incluye marcado CE de conformidad con la legislaci\u00f3n de la Uni\u00f3n Europea<\/p>\n","protected":false},"excerpt":{"rendered":"<p>Haz que la hora dar de comer a tus mu\u00f1ecos sea a\u00fan m\u00e1s especial con esta preciosa trona plegable para mu\u00f1ecos de Monn\u00ebka, ideal para peques que disfrutan imitando las rutinas del d\u00eda a d\u00eda. Gracias a su dise\u00f1o funcional esta trona es perfecta para alimentar a mu\u00f1ecos o peluches con total comodidad. Puedes personalizarla [&hellip;]<\/p>\n","protected":false},"featured_media":1010,"template":"","meta":{"site-sidebar-layout":"default","site-content-layout":"","ast-site-content-layout":"default","site-content-style":"default","site-sidebar-style":"default","ast-global-header-display":"","ast-banner-title-visibility":"","ast-main-header-display":"","ast-hfb-above-header-display":"","ast-hfb-below-header-display":"","ast-hfb-mobile-header-display":"","site-post-title":"","ast-breadcrumbs-content":"","ast-featured-img":"","footer-sml-layout":"","theme-transparent-header-meta":"default","adv-header-id-meta":"","stick-header-meta":"","header-above-stick-meta":"","header-main-stick-meta":"","header-below-stick-meta":"","astra-migrate-meta-layouts":"set","ast-page-background-enabled":"default","ast-page-background-meta":{"desktop":{"background-color":"var(--ast-global-color-4)","background-image":"","background-repeat":"repeat","background-position":"center center","background-size":"auto","background-attachment":"scroll","background-type":"","background-media":"","overlay-type":"","overlay-color":"","overlay-opacity":"","overlay-gradient":""},"tablet":{"background-color":"","background-image":"","background-repeat":"repeat","background-position":"center center","background-size":"auto","background-attachment":"scroll","background-type":"","background-media":"","overlay-type":"","overlay-color":"","overlay-opacity":"","overlay-gradient":""},"mobile":{"background-color":"","background-image":"","background-repeat":"repeat","background-position":"center center","background-size":"auto","background-attachment":"scroll","background-type":"","background-media":"","overlay-type":"","overlay-color":"","overlay-opacity":"","overlay-gradient":""}},"ast-content-background-meta":{"desktop":{"background-color":"var(--ast-global-color-5)","background-image":"","background-repeat":"repeat","background-position":"center center","background-size":"auto","background-attachment":"scroll","background-type":"","background-media":"","overlay-type":"","overlay-color":"","overlay-opacity":"","overlay-gradient":""},"tablet":{"background-color":"var(--ast-global-color-5)","background-image":"","background-repeat":"repeat","background-position":"center center","background-size":"auto","background-attachment":"scroll","background-type":"","background-media":"","overlay-type":"","overlay-color":"","overlay-opacity":"","overlay-gradient":""},"mobile":{"background-color":"var(--ast-global-color-5)","background-image":"","background-repeat":"repeat","background-position":"center center","background-size":"auto","background-attachment":"scroll","background-type":"","background-media":"","overlay-type":"","overlay-color":"","overlay-opacity":"","overlay-gradient":""}}},"product_brand":[96],"product_cat":[95],"product_tag":[109,111,101,100,103,110],"class_list":{"0":"post-1009","1":"product","2":"type-product","3":"status-publish","4":"has-post-thumbnail","6":"product_brand-monneka","7":"product_cat-monneka","8":"product_tag-accesorio-munecas","9":"product_tag-juguetes","10":"product_tag-juguetes-monneka","11":"product_tag-monneka","12":"product_tag-navidad","13":"product_tag-trona-para-munecas","14":"desktop-align-left","15":"tablet-align-left","16":"mobile-align-left","18":"first","19":"outofstock","20":"taxable","21":"shipping-taxable","22":"purchasable","23":"product-type-simple"},"yoast_head":"<!-- This site is optimized with the Yoast SEO plugin v26.2 - https:\/\/yoast.com\/wordpress\/plugins\/seo\/ -->\n<title>Trona para mu\u00f1ecas Flowers Monn\u00ebka - Creando Regalos<\/title>\n<meta name=\"description\" content=\"Haz que la hora dar de comer a tus mu\u00f1ecos sea a\u00fan m\u00e1s especial con esta preciosa trona plegable para mu\u00f1ecos de Monn\u00ebka, ideal para peques que disfrutan imitando las rutinas del d\u00eda a d\u00eda. Gracias a su dise\u00f1o funcional esta trona es perfecta para alimentar a mu\u00f1ecos o peluches con total comodidad.\" \/>\n<meta name=\"robots\" content=\"index, follow, max-snippet:-1, max-image-preview:large, max-video-preview:-1\" \/>\n<link rel=\"canonical\" href=\"https:\/\/creandoregalos.com\/en\/producto\/trona-para-munecas\/\" \/>\n<meta property=\"og:locale\" content=\"en_US\" \/>\n<meta property=\"og:type\" content=\"article\" \/>\n<meta property=\"og:title\" content=\"Trona para mu\u00f1ecas Flowers Monn\u00ebka - Creando Regalos\" \/>\n<meta property=\"og:description\" content=\"Haz que la hora dar de comer a tus mu\u00f1ecos sea a\u00fan m\u00e1s especial con esta preciosa trona plegable para mu\u00f1ecos de Monn\u00ebka, ideal para peques que disfrutan imitando las rutinas del d\u00eda a d\u00eda. Gracias a su dise\u00f1o funcional esta trona es perfecta para alimentar a mu\u00f1ecos o peluches con total comodidad.\" \/>\n<meta property=\"og:url\" content=\"https:\/\/creandoregalos.com\/en\/producto\/trona-para-munecas\/\" \/>\n<meta property=\"og:site_name\" content=\"Creando Regalos\" \/>\n<meta property=\"article:modified_time\" content=\"2025-12-30T10:52:35+00:00\" \/>\n<meta property=\"og:image\" content=\"https:\/\/creandoregalos.com\/wp-content\/uploads\/2025\/11\/Imagen-de-WhatsApp-2025-11-01-a-las-04.16.29_5f7a2174.jpg\" \/>\n\t<meta property=\"og:image:width\" content=\"994\" \/>\n\t<meta property=\"og:image:height\" content=\"1414\" \/>\n\t<meta property=\"og:image:type\" content=\"image\/jpeg\" \/>\n<meta name=\"twitter:card\" content=\"summary_large_image\" \/>\n<meta name=\"twitter:label1\" content=\"Est. reading time\" \/>\n\t<meta name=\"twitter:data1\" content=\"1 minute\" \/>\n<script type=\"application\/ld+json\" class=\"yoast-schema-graph\">{\"@context\":\"https:\/\/schema.org\",\"@graph\":[{\"@type\":\"WebPage\",\"@id\":\"https:\/\/creandoregalos.com\/en\/producto\/trona-para-munecas\/\",\"url\":\"https:\/\/creandoregalos.com\/en\/producto\/trona-para-munecas\/\",\"name\":\"Trona para mu\u00f1ecas Flowers Monn\u00ebka - Creando Regalos\",\"isPartOf\":{\"@id\":\"https:\/\/creandoregalos.com\/en\/#website\"},\"primaryImageOfPage\":{\"@id\":\"https:\/\/creandoregalos.com\/en\/producto\/trona-para-munecas\/#primaryimage\"},\"image\":{\"@id\":\"https:\/\/creandoregalos.com\/en\/producto\/trona-para-munecas\/#primaryimage\"},\"thumbnailUrl\":\"https:\/\/creandoregalos.com\/wp-content\/uploads\/2025\/11\/Imagen-de-WhatsApp-2025-11-01-a-las-04.16.29_5f7a2174.jpg\",\"datePublished\":\"2025-11-01T03:19:37+00:00\",\"dateModified\":\"2025-12-30T10:52:35+00:00\",\"description\":\"Haz que la hora dar de comer a tus mu\u00f1ecos sea a\u00fan m\u00e1s especial con esta preciosa trona plegable para mu\u00f1ecos de Monn\u00ebka, ideal para peques que disfrutan imitando las rutinas del d\u00eda a d\u00eda. Gracias a su dise\u00f1o funcional esta trona es perfecta para alimentar a mu\u00f1ecos o peluches con total comodidad.\",\"breadcrumb\":{\"@id\":\"https:\/\/creandoregalos.com\/en\/producto\/trona-para-munecas\/#breadcrumb\"},\"inLanguage\":\"en-US\",\"potentialAction\":[{\"@type\":\"ReadAction\",\"target\":[\"https:\/\/creandoregalos.com\/en\/producto\/trona-para-munecas\/\"]}]},{\"@type\":\"ImageObject\",\"inLanguage\":\"en-US\",\"@id\":\"https:\/\/creandoregalos.com\/en\/producto\/trona-para-munecas\/#primaryimage\",\"url\":\"https:\/\/creandoregalos.com\/wp-content\/uploads\/2025\/11\/Imagen-de-WhatsApp-2025-11-01-a-las-04.16.29_5f7a2174.jpg\",\"contentUrl\":\"https:\/\/creandoregalos.com\/wp-content\/uploads\/2025\/11\/Imagen-de-WhatsApp-2025-11-01-a-las-04.16.29_5f7a2174.jpg\",\"width\":994,\"height\":1414},{\"@type\":\"BreadcrumbList\",\"@id\":\"https:\/\/creandoregalos.com\/en\/producto\/trona-para-munecas\/#breadcrumb\",\"itemListElement\":[{\"@type\":\"ListItem\",\"position\":1,\"name\":\"Portada\",\"item\":\"https:\/\/creandoregalos.com\/en\/\"},{\"@type\":\"ListItem\",\"position\":2,\"name\":\"Shop\",\"item\":\"https:\/\/creandoregalos.com\/tienda\/\"},{\"@type\":\"ListItem\",\"position\":3,\"name\":\"Trona para mu\u00f1ecas Flowers Monn\u00ebka\"}]},{\"@type\":\"WebSite\",\"@id\":\"https:\/\/creandoregalos.com\/en\/#website\",\"url\":\"https:\/\/creandoregalos.com\/en\/\",\"name\":\"Creando Regalos\",\"description\":\"Tienda de regalos personalizados y mu\u00f1ecas newborn\",\"publisher\":{\"@id\":\"https:\/\/creandoregalos.com\/en\/#organization\"},\"potentialAction\":[{\"@type\":\"SearchAction\",\"target\":{\"@type\":\"EntryPoint\",\"urlTemplate\":\"https:\/\/creandoregalos.com\/en\/?s={search_term_string}\"},\"query-input\":{\"@type\":\"PropertyValueSpecification\",\"valueRequired\":true,\"valueName\":\"search_term_string\"}}],\"inLanguage\":\"en-US\"},{\"@type\":\"Organization\",\"@id\":\"https:\/\/creandoregalos.com\/en\/#organization\",\"name\":\"Creando Regalos\",\"url\":\"https:\/\/creandoregalos.com\/en\/\",\"logo\":{\"@type\":\"ImageObject\",\"inLanguage\":\"en-US\",\"@id\":\"https:\/\/creandoregalos.com\/en\/#\/schema\/logo\/image\/\",\"url\":\"https:\/\/creandoregalos.com\/wp-content\/uploads\/2025\/01\/Creando-regalos-logo-1.svg\",\"contentUrl\":\"https:\/\/creandoregalos.com\/wp-content\/uploads\/2025\/01\/Creando-regalos-logo-1.svg\",\"width\":286,\"height\":91,\"caption\":\"Creando Regalos\"},\"image\":{\"@id\":\"https:\/\/creandoregalos.com\/en\/#\/schema\/logo\/image\/\"}}]}<\/script>\n<!-- \/ Yoast SEO plugin. -->","yoast_head_json":{"title":"Trona para mu\u00f1ecas Flowers Monn\u00ebka - Creando Regalos","description":"Haz que la hora dar de comer a tus mu\u00f1ecos sea a\u00fan m\u00e1s especial con esta preciosa trona plegable para mu\u00f1ecos de Monn\u00ebka, ideal para peques que disfrutan imitando las rutinas del d\u00eda a d\u00eda. Gracias a su dise\u00f1o funcional esta trona es perfecta para alimentar a mu\u00f1ecos o peluches con total comodidad.","robots":{"index":"index","follow":"follow","max-snippet":"max-snippet:-1","max-image-preview":"max-image-preview:large","max-video-preview":"max-video-preview:-1"},"canonical":"https:\/\/creandoregalos.com\/en\/producto\/trona-para-munecas\/","og_locale":"en_US","og_type":"article","og_title":"Trona para mu\u00f1ecas Flowers Monn\u00ebka - Creando Regalos","og_description":"Haz que la hora dar de comer a tus mu\u00f1ecos sea a\u00fan m\u00e1s especial con esta preciosa trona plegable para mu\u00f1ecos de Monn\u00ebka, ideal para peques que disfrutan imitando las rutinas del d\u00eda a d\u00eda. Gracias a su dise\u00f1o funcional esta trona es perfecta para alimentar a mu\u00f1ecos o peluches con total comodidad.","og_url":"https:\/\/creandoregalos.com\/en\/producto\/trona-para-munecas\/","og_site_name":"Creando Regalos","article_modified_time":"2025-12-30T10:52:35+00:00","og_image":[{"width":994,"height":1414,"url":"https:\/\/creandoregalos.com\/wp-content\/uploads\/2025\/11\/Imagen-de-WhatsApp-2025-11-01-a-las-04.16.29_5f7a2174.jpg","type":"image\/jpeg"}],"twitter_card":"summary_large_image","twitter_misc":{"Est. reading time":"1 minute"},"schema":{"@context":"https:\/\/schema.org","@graph":[{"@type":"WebPage","@id":"https:\/\/creandoregalos.com\/en\/producto\/trona-para-munecas\/","url":"https:\/\/creandoregalos.com\/en\/producto\/trona-para-munecas\/","name":"Trona para mu\u00f1ecas Flowers Monn\u00ebka - Creando Regalos","isPartOf":{"@id":"https:\/\/creandoregalos.com\/en\/#website"},"primaryImageOfPage":{"@id":"https:\/\/creandoregalos.com\/en\/producto\/trona-para-munecas\/#primaryimage"},"image":{"@id":"https:\/\/creandoregalos.com\/en\/producto\/trona-para-munecas\/#primaryimage"},"thumbnailUrl":"https:\/\/creandoregalos.com\/wp-content\/uploads\/2025\/11\/Imagen-de-WhatsApp-2025-11-01-a-las-04.16.29_5f7a2174.jpg","datePublished":"2025-11-01T03:19:37+00:00","dateModified":"2025-12-30T10:52:35+00:00","description":"Haz que la hora dar de comer a tus mu\u00f1ecos sea a\u00fan m\u00e1s especial con esta preciosa trona plegable para mu\u00f1ecos de Monn\u00ebka, ideal para peques que disfrutan imitando las rutinas del d\u00eda a d\u00eda. Gracias a su dise\u00f1o funcional esta trona es perfecta para alimentar a mu\u00f1ecos o peluches con total comodidad.","breadcrumb":{"@id":"https:\/\/creandoregalos.com\/en\/producto\/trona-para-munecas\/#breadcrumb"},"inLanguage":"en-US","potentialAction":[{"@type":"ReadAction","target":["https:\/\/creandoregalos.com\/en\/producto\/trona-para-munecas\/"]}]},{"@type":"ImageObject","inLanguage":"en-US","@id":"https:\/\/creandoregalos.com\/en\/producto\/trona-para-munecas\/#primaryimage","url":"https:\/\/creandoregalos.com\/wp-content\/uploads\/2025\/11\/Imagen-de-WhatsApp-2025-11-01-a-las-04.16.29_5f7a2174.jpg","contentUrl":"https:\/\/creandoregalos.com\/wp-content\/uploads\/2025\/11\/Imagen-de-WhatsApp-2025-11-01-a-las-04.16.29_5f7a2174.jpg","width":994,"height":1414},{"@type":"BreadcrumbList","@id":"https:\/\/creandoregalos.com\/en\/producto\/trona-para-munecas\/#breadcrumb","itemListElement":[{"@type":"ListItem","position":1,"name":"Portada","item":"https:\/\/creandoregalos.com\/en\/"},{"@type":"ListItem","position":2,"name":"Shop","item":"https:\/\/creandoregalos.com\/tienda\/"},{"@type":"ListItem","position":3,"name":"Trona para mu\u00f1ecas Flowers Monn\u00ebka"}]},{"@type":"WebSite","@id":"https:\/\/creandoregalos.com\/en\/#website","url":"https:\/\/creandoregalos.com\/en\/","name":"Creando Regalos","description":"Tienda de regalos personalizados y mu\u00f1ecas newborn","publisher":{"@id":"https:\/\/creandoregalos.com\/en\/#organization"},"potentialAction":[{"@type":"SearchAction","target":{"@type":"EntryPoint","urlTemplate":"https:\/\/creandoregalos.com\/en\/?s={search_term_string}"},"query-input":{"@type":"PropertyValueSpecification","valueRequired":true,"valueName":"search_term_string"}}],"inLanguage":"en-US"},{"@type":"Organization","@id":"https:\/\/creandoregalos.com\/en\/#organization","name":"Creando Regalos","url":"https:\/\/creandoregalos.com\/en\/","logo":{"@type":"ImageObject","inLanguage":"en-US","@id":"https:\/\/creandoregalos.com\/en\/#\/schema\/logo\/image\/","url":"https:\/\/creandoregalos.com\/wp-content\/uploads\/2025\/01\/Creando-regalos-logo-1.svg","contentUrl":"https:\/\/creandoregalos.com\/wp-content\/uploads\/2025\/01\/Creando-regalos-logo-1.svg","width":286,"height":91,"caption":"Creando Regalos"},"image":{"@id":"https:\/\/creandoregalos.com\/en\/#\/schema\/logo\/image\/"}}]}},"_links":{"self":[{"href":"https:\/\/creandoregalos.com\/en\/wp-json\/wp\/v2\/product\/1009","targetHints":{"allow":["GET"]}}],"collection":[{"href":"https:\/\/creandoregalos.com\/en\/wp-json\/wp\/v2\/product"}],"about":[{"href":"https:\/\/creandoregalos.com\/en\/wp-json\/wp\/v2\/types\/product"}],"wp:featuredmedia":[{"embeddable":true,"href":"https:\/\/creandoregalos.com\/en\/wp-json\/wp\/v2\/media\/1010"}],"wp:attachment":[{"href":"https:\/\/creandoregalos.com\/en\/wp-json\/wp\/v2\/media?parent=1009"}],"wp:term":[{"taxonomy":"product_brand","embeddable":true,"href":"https:\/\/creandoregalos.com\/en\/wp-json\/wp\/v2\/product_brand?post=1009"},{"taxonomy":"product_cat","embeddable":true,"href":"https:\/\/creandoregalos.com\/en\/wp-json\/wp\/v2\/product_cat?post=1009"},{"taxonomy":"product_tag","embeddable":true,"href":"https:\/\/creandoregalos.com\/en\/wp-json\/wp\/v2\/product_tag?post=1009"}],"curies":[{"name":"wp","href":"https:\/\/api.w.org\/{rel}","templated":true}]}}