{"id":1038,"date":"2025-11-03T10:12:17","date_gmt":"2025-11-03T09:12:17","guid":{"rendered":"https:\/\/creandoregalos.com\/?post_type=product&#038;p=1038"},"modified":"2025-11-03T10:56:33","modified_gmt":"2025-11-03T09:56:33","slug":"saco-papa-noel-personalizado-60x44-cm","status":"publish","type":"product","link":"https:\/\/creandoregalos.com\/en\/producto\/saco-papa-noel-personalizado-60x44-cm\/","title":{"rendered":"Saco Pap\u00e1 Noel personalizado 60&#215;44 cm."},"content":{"rendered":"<p>\ud83c\udf85 <strong>\u00a1Haz que esta Navidad sea inolvidable con nuestro saco personalizado de Pap\u00e1 Noel!<\/strong> Ideal para envolver regalos con un toque m\u00e1gico, este saco est\u00e1 confeccionado en tela resistente y decorado con motivos navide\u00f1os. Personal\u00edzalo con el nombre que quieras para sorprender a grandes y peque\u00f1os. Perfecto para colocar junto al \u00e1rbol y llenar de ilusi\u00f3n cada rinc\u00f3n del hogar. \u00a1Un detalle \u00fanico que har\u00e1 brillar la noche m\u00e1s especial del a\u00f1o!<\/p>\n","protected":false},"excerpt":{"rendered":"<p>\ud83c\udf85 <strong>\u00a1Haz que esta Navidad sea inolvidable con nuestro saco personalizado de Pap\u00e1 Noel!<\/strong> Ideal para envolver regalos con un toque m\u00e1gico, este saco est\u00e1 confeccionado en tela resistente y decorado con motivos navide\u00f1os. Personal\u00edzalo con el nombre que quieras para sorprender a grandes y peque\u00f1os. Perfecto para colocar junto al \u00e1rbol y llenar de ilusi\u00f3n cada rinc\u00f3n del hogar. \u00a1Un detalle \u00fanico que har\u00e1 brillar la noche m\u00e1s especial del a\u00f1o!<\/p>\n","protected":false},"featured_media":1043,"template":"","meta":{"site-sidebar-layout":"default","site-content-layout":"","ast-site-content-layout":"default","site-content-style":"default","site-sidebar-style":"default","ast-global-header-display":"","ast-banner-title-visibility":"","ast-main-header-display":"","ast-hfb-above-header-display":"","ast-hfb-below-header-display":"","ast-hfb-mobile-header-display":"","site-post-title":"","ast-breadcrumbs-content":"","ast-featured-img":"","footer-sml-layout":"","theme-transparent-header-meta":"default","adv-header-id-meta":"","stick-header-meta":"","header-above-stick-meta":"","header-main-stick-meta":"","header-below-stick-meta":"","astra-migrate-meta-layouts":"set","ast-page-background-enabled":"default","ast-page-background-meta":{"desktop":{"background-color":"var(--ast-global-color-4)","background-image":"","background-repeat":"repeat","background-position":"center center","background-size":"auto","background-attachment":"scroll","background-type":"","background-media":"","overlay-type":"","overlay-color":"","overlay-opacity":"","overlay-gradient":""},"tablet":{"background-color":"","background-image":"","background-repeat":"repeat","background-position":"center center","background-size":"auto","background-attachment":"scroll","background-type":"","background-media":"","overlay-type":"","overlay-color":"","overlay-opacity":"","overlay-gradient":""},"mobile":{"background-color":"","background-image":"","background-repeat":"repeat","background-position":"center center","background-size":"auto","background-attachment":"scroll","background-type":"","background-media":"","overlay-type":"","overlay-color":"","overlay-opacity":"","overlay-gradient":""}},"ast-content-background-meta":{"desktop":{"background-color":"var(--ast-global-color-5)","background-image":"","background-repeat":"repeat","background-position":"center center","background-size":"auto","background-attachment":"scroll","background-type":"","background-media":"","overlay-type":"","overlay-color":"","overlay-opacity":"","overlay-gradient":""},"tablet":{"background-color":"var(--ast-global-color-5)","background-image":"","background-repeat":"repeat","background-position":"center center","background-size":"auto","background-attachment":"scroll","background-type":"","background-media":"","overlay-type":"","overlay-color":"","overlay-opacity":"","overlay-gradient":""},"mobile":{"background-color":"var(--ast-global-color-5)","background-image":"","background-repeat":"repeat","background-position":"center center","background-size":"auto","background-attachment":"scroll","background-type":"","background-media":"","overlay-type":"","overlay-color":"","overlay-opacity":"","overlay-gradient":""}}},"product_brand":[],"product_cat":[44,120],"product_tag":[103,117,118,119],"class_list":{"0":"post-1038","1":"product","2":"type-product","3":"status-publish","4":"has-post-thumbnail","6":"product_cat-regalos-personalizados","7":"product_cat-sacos-personalizados","8":"product_tag-navidad","9":"product_tag-saco-de-papa-noel","10":"product_tag-saco-de-papa-noel-personalizado","11":"product_tag-santa-claus","12":"desktop-align-left","13":"tablet-align-left","14":"mobile-align-left","16":"first","17":"instock","18":"taxable","19":"shipping-taxable","20":"purchasable","21":"product-type-simple"},"yoast_head":"<!-- This site is optimized with the Yoast SEO plugin v26.2 - https:\/\/yoast.com\/wordpress\/plugins\/seo\/ -->\n<title>Saco Pap\u00e1 Noel personalizado 60x44 cm. - Creando Regalos<\/title>\n<meta name=\"description\" content=\"\ud83c\udf85 \u00a1Haz que esta Navidad sea inolvidable con nuestro saco personalizado de Pap\u00e1 Noel! Ideal para envolver regalos con un toque m\u00e1gico, este saco est\u00e1 confeccionado en tela resistente y decorado con motivos navide\u00f1os. Personal\u00edzalo con el nombre que quieras para sorprender a grandes y peque\u00f1os. Perfecto para colocar junto al \u00e1rbol y llenar de ilusi\u00f3n cada rinc\u00f3n del hogar. \u00a1Un detalle \u00fanico que har\u00e1 brillar la noche m\u00e1s especial del a\u00f1o!\" \/>\n<meta name=\"robots\" content=\"index, follow, max-snippet:-1, max-image-preview:large, max-video-preview:-1\" \/>\n<link rel=\"canonical\" href=\"https:\/\/creandoregalos.com\/en\/producto\/saco-papa-noel-personalizado-60x44-cm\/\" \/>\n<meta property=\"og:locale\" content=\"en_US\" \/>\n<meta property=\"og:type\" content=\"article\" \/>\n<meta property=\"og:title\" content=\"Saco Pap\u00e1 Noel personalizado 60x44 cm. - Creando Regalos\" \/>\n<meta property=\"og:description\" content=\"\ud83c\udf85 \u00a1Haz que esta Navidad sea inolvidable con nuestro saco personalizado de Pap\u00e1 Noel! Ideal para envolver regalos con un toque m\u00e1gico, este saco est\u00e1 confeccionado en tela resistente y decorado con motivos navide\u00f1os. Personal\u00edzalo con el nombre que quieras para sorprender a grandes y peque\u00f1os. Perfecto para colocar junto al \u00e1rbol y llenar de ilusi\u00f3n cada rinc\u00f3n del hogar. \u00a1Un detalle \u00fanico que har\u00e1 brillar la noche m\u00e1s especial del a\u00f1o!\" \/>\n<meta property=\"og:url\" content=\"https:\/\/creandoregalos.com\/en\/producto\/saco-papa-noel-personalizado-60x44-cm\/\" \/>\n<meta property=\"og:site_name\" content=\"Creando Regalos\" \/>\n<meta property=\"article:modified_time\" content=\"2025-11-03T09:56:33+00:00\" \/>\n<meta property=\"og:image\" content=\"https:\/\/creandoregalos.com\/wp-content\/uploads\/2025\/11\/Imagen-de-WhatsApp-2025-11-03-a-las-10.06.10_7ca39cc6.jpg\" \/>\n\t<meta property=\"og:image:width\" content=\"1536\" \/>\n\t<meta property=\"og:image:height\" content=\"2048\" \/>\n\t<meta property=\"og:image:type\" content=\"image\/jpeg\" \/>\n<meta name=\"twitter:card\" content=\"summary_large_image\" \/>\n<meta name=\"twitter:label1\" content=\"Est. reading time\" \/>\n\t<meta name=\"twitter:data1\" content=\"1 minute\" \/>\n<script type=\"application\/ld+json\" class=\"yoast-schema-graph\">{\"@context\":\"https:\/\/schema.org\",\"@graph\":[{\"@type\":\"WebPage\",\"@id\":\"https:\/\/creandoregalos.com\/en\/producto\/saco-papa-noel-personalizado-60x44-cm\/\",\"url\":\"https:\/\/creandoregalos.com\/en\/producto\/saco-papa-noel-personalizado-60x44-cm\/\",\"name\":\"Saco Pap\u00e1 Noel personalizado 60x44 cm. - Creando Regalos\",\"isPartOf\":{\"@id\":\"https:\/\/creandoregalos.com\/en\/#website\"},\"primaryImageOfPage\":{\"@id\":\"https:\/\/creandoregalos.com\/en\/producto\/saco-papa-noel-personalizado-60x44-cm\/#primaryimage\"},\"image\":{\"@id\":\"https:\/\/creandoregalos.com\/en\/producto\/saco-papa-noel-personalizado-60x44-cm\/#primaryimage\"},\"thumbnailUrl\":\"https:\/\/creandoregalos.com\/wp-content\/uploads\/2025\/11\/Imagen-de-WhatsApp-2025-11-03-a-las-10.06.10_7ca39cc6.jpg\",\"datePublished\":\"2025-11-03T09:12:17+00:00\",\"dateModified\":\"2025-11-03T09:56:33+00:00\",\"description\":\"\ud83c\udf85 \u00a1Haz que esta Navidad sea inolvidable con nuestro saco personalizado de Pap\u00e1 Noel! Ideal para envolver regalos con un toque m\u00e1gico, este saco est\u00e1 confeccionado en tela resistente y decorado con motivos navide\u00f1os. Personal\u00edzalo con el nombre que quieras para sorprender a grandes y peque\u00f1os. Perfecto para colocar junto al \u00e1rbol y llenar de ilusi\u00f3n cada rinc\u00f3n del hogar. \u00a1Un detalle \u00fanico que har\u00e1 brillar la noche m\u00e1s especial del a\u00f1o!\",\"breadcrumb\":{\"@id\":\"https:\/\/creandoregalos.com\/en\/producto\/saco-papa-noel-personalizado-60x44-cm\/#breadcrumb\"},\"inLanguage\":\"en-US\",\"potentialAction\":[{\"@type\":\"ReadAction\",\"target\":[\"https:\/\/creandoregalos.com\/en\/producto\/saco-papa-noel-personalizado-60x44-cm\/\"]}]},{\"@type\":\"ImageObject\",\"inLanguage\":\"en-US\",\"@id\":\"https:\/\/creandoregalos.com\/en\/producto\/saco-papa-noel-personalizado-60x44-cm\/#primaryimage\",\"url\":\"https:\/\/creandoregalos.com\/wp-content\/uploads\/2025\/11\/Imagen-de-WhatsApp-2025-11-03-a-las-10.06.10_7ca39cc6.jpg\",\"contentUrl\":\"https:\/\/creandoregalos.com\/wp-content\/uploads\/2025\/11\/Imagen-de-WhatsApp-2025-11-03-a-las-10.06.10_7ca39cc6.jpg\",\"width\":1536,\"height\":2048},{\"@type\":\"BreadcrumbList\",\"@id\":\"https:\/\/creandoregalos.com\/en\/producto\/saco-papa-noel-personalizado-60x44-cm\/#breadcrumb\",\"itemListElement\":[{\"@type\":\"ListItem\",\"position\":1,\"name\":\"Portada\",\"item\":\"https:\/\/creandoregalos.com\/en\/\"},{\"@type\":\"ListItem\",\"position\":2,\"name\":\"Shop\",\"item\":\"https:\/\/creandoregalos.com\/tienda\/\"},{\"@type\":\"ListItem\",\"position\":3,\"name\":\"Saco Pap\u00e1 Noel personalizado 60&#215;44 cm.\"}]},{\"@type\":\"WebSite\",\"@id\":\"https:\/\/creandoregalos.com\/en\/#website\",\"url\":\"https:\/\/creandoregalos.com\/en\/\",\"name\":\"Creando Regalos\",\"description\":\"Tienda de regalos personalizados y mu\u00f1ecas newborn\",\"publisher\":{\"@id\":\"https:\/\/creandoregalos.com\/en\/#organization\"},\"potentialAction\":[{\"@type\":\"SearchAction\",\"target\":{\"@type\":\"EntryPoint\",\"urlTemplate\":\"https:\/\/creandoregalos.com\/en\/?s={search_term_string}\"},\"query-input\":{\"@type\":\"PropertyValueSpecification\",\"valueRequired\":true,\"valueName\":\"search_term_string\"}}],\"inLanguage\":\"en-US\"},{\"@type\":\"Organization\",\"@id\":\"https:\/\/creandoregalos.com\/en\/#organization\",\"name\":\"Creando Regalos\",\"url\":\"https:\/\/creandoregalos.com\/en\/\",\"logo\":{\"@type\":\"ImageObject\",\"inLanguage\":\"en-US\",\"@id\":\"https:\/\/creandoregalos.com\/en\/#\/schema\/logo\/image\/\",\"url\":\"https:\/\/creandoregalos.com\/wp-content\/uploads\/2025\/01\/Creando-regalos-logo-1.svg\",\"contentUrl\":\"https:\/\/creandoregalos.com\/wp-content\/uploads\/2025\/01\/Creando-regalos-logo-1.svg\",\"width\":286,\"height\":91,\"caption\":\"Creando Regalos\"},\"image\":{\"@id\":\"https:\/\/creandoregalos.com\/en\/#\/schema\/logo\/image\/\"}}]}<\/script>\n<!-- \/ Yoast SEO plugin. -->","yoast_head_json":{"title":"Saco Pap\u00e1 Noel personalizado 60x44 cm. - Creando Regalos","description":"\ud83c\udf85 \u00a1Haz que esta Navidad sea inolvidable con nuestro saco personalizado de Pap\u00e1 Noel! Ideal para envolver regalos con un toque m\u00e1gico, este saco est\u00e1 confeccionado en tela resistente y decorado con motivos navide\u00f1os. Personal\u00edzalo con el nombre que quieras para sorprender a grandes y peque\u00f1os. Perfecto para colocar junto al \u00e1rbol y llenar de ilusi\u00f3n cada rinc\u00f3n del hogar. \u00a1Un detalle \u00fanico que har\u00e1 brillar la noche m\u00e1s especial del a\u00f1o!","robots":{"index":"index","follow":"follow","max-snippet":"max-snippet:-1","max-image-preview":"max-image-preview:large","max-video-preview":"max-video-preview:-1"},"canonical":"https:\/\/creandoregalos.com\/en\/producto\/saco-papa-noel-personalizado-60x44-cm\/","og_locale":"en_US","og_type":"article","og_title":"Saco Pap\u00e1 Noel personalizado 60x44 cm. - Creando Regalos","og_description":"\ud83c\udf85 \u00a1Haz que esta Navidad sea inolvidable con nuestro saco personalizado de Pap\u00e1 Noel! Ideal para envolver regalos con un toque m\u00e1gico, este saco est\u00e1 confeccionado en tela resistente y decorado con motivos navide\u00f1os. Personal\u00edzalo con el nombre que quieras para sorprender a grandes y peque\u00f1os. Perfecto para colocar junto al \u00e1rbol y llenar de ilusi\u00f3n cada rinc\u00f3n del hogar. \u00a1Un detalle \u00fanico que har\u00e1 brillar la noche m\u00e1s especial del a\u00f1o!","og_url":"https:\/\/creandoregalos.com\/en\/producto\/saco-papa-noel-personalizado-60x44-cm\/","og_site_name":"Creando Regalos","article_modified_time":"2025-11-03T09:56:33+00:00","og_image":[{"width":1536,"height":2048,"url":"https:\/\/creandoregalos.com\/wp-content\/uploads\/2025\/11\/Imagen-de-WhatsApp-2025-11-03-a-las-10.06.10_7ca39cc6.jpg","type":"image\/jpeg"}],"twitter_card":"summary_large_image","twitter_misc":{"Est. reading time":"1 minute"},"schema":{"@context":"https:\/\/schema.org","@graph":[{"@type":"WebPage","@id":"https:\/\/creandoregalos.com\/en\/producto\/saco-papa-noel-personalizado-60x44-cm\/","url":"https:\/\/creandoregalos.com\/en\/producto\/saco-papa-noel-personalizado-60x44-cm\/","name":"Saco Pap\u00e1 Noel personalizado 60x44 cm. - Creando Regalos","isPartOf":{"@id":"https:\/\/creandoregalos.com\/en\/#website"},"primaryImageOfPage":{"@id":"https:\/\/creandoregalos.com\/en\/producto\/saco-papa-noel-personalizado-60x44-cm\/#primaryimage"},"image":{"@id":"https:\/\/creandoregalos.com\/en\/producto\/saco-papa-noel-personalizado-60x44-cm\/#primaryimage"},"thumbnailUrl":"https:\/\/creandoregalos.com\/wp-content\/uploads\/2025\/11\/Imagen-de-WhatsApp-2025-11-03-a-las-10.06.10_7ca39cc6.jpg","datePublished":"2025-11-03T09:12:17+00:00","dateModified":"2025-11-03T09:56:33+00:00","description":"\ud83c\udf85 \u00a1Haz que esta Navidad sea inolvidable con nuestro saco personalizado de Pap\u00e1 Noel! Ideal para envolver regalos con un toque m\u00e1gico, este saco est\u00e1 confeccionado en tela resistente y decorado con motivos navide\u00f1os. Personal\u00edzalo con el nombre que quieras para sorprender a grandes y peque\u00f1os. Perfecto para colocar junto al \u00e1rbol y llenar de ilusi\u00f3n cada rinc\u00f3n del hogar. \u00a1Un detalle \u00fanico que har\u00e1 brillar la noche m\u00e1s especial del a\u00f1o!","breadcrumb":{"@id":"https:\/\/creandoregalos.com\/en\/producto\/saco-papa-noel-personalizado-60x44-cm\/#breadcrumb"},"inLanguage":"en-US","potentialAction":[{"@type":"ReadAction","target":["https:\/\/creandoregalos.com\/en\/producto\/saco-papa-noel-personalizado-60x44-cm\/"]}]},{"@type":"ImageObject","inLanguage":"en-US","@id":"https:\/\/creandoregalos.com\/en\/producto\/saco-papa-noel-personalizado-60x44-cm\/#primaryimage","url":"https:\/\/creandoregalos.com\/wp-content\/uploads\/2025\/11\/Imagen-de-WhatsApp-2025-11-03-a-las-10.06.10_7ca39cc6.jpg","contentUrl":"https:\/\/creandoregalos.com\/wp-content\/uploads\/2025\/11\/Imagen-de-WhatsApp-2025-11-03-a-las-10.06.10_7ca39cc6.jpg","width":1536,"height":2048},{"@type":"BreadcrumbList","@id":"https:\/\/creandoregalos.com\/en\/producto\/saco-papa-noel-personalizado-60x44-cm\/#breadcrumb","itemListElement":[{"@type":"ListItem","position":1,"name":"Portada","item":"https:\/\/creandoregalos.com\/en\/"},{"@type":"ListItem","position":2,"name":"Shop","item":"https:\/\/creandoregalos.com\/tienda\/"},{"@type":"ListItem","position":3,"name":"Saco Pap\u00e1 Noel personalizado 60&#215;44 cm."}]},{"@type":"WebSite","@id":"https:\/\/creandoregalos.com\/en\/#website","url":"https:\/\/creandoregalos.com\/en\/","name":"Creando Regalos","description":"Tienda de regalos personalizados y mu\u00f1ecas newborn","publisher":{"@id":"https:\/\/creandoregalos.com\/en\/#organization"},"potentialAction":[{"@type":"SearchAction","target":{"@type":"EntryPoint","urlTemplate":"https:\/\/creandoregalos.com\/en\/?s={search_term_string}"},"query-input":{"@type":"PropertyValueSpecification","valueRequired":true,"valueName":"search_term_string"}}],"inLanguage":"en-US"},{"@type":"Organization","@id":"https:\/\/creandoregalos.com\/en\/#organization","name":"Creando Regalos","url":"https:\/\/creandoregalos.com\/en\/","logo":{"@type":"ImageObject","inLanguage":"en-US","@id":"https:\/\/creandoregalos.com\/en\/#\/schema\/logo\/image\/","url":"https:\/\/creandoregalos.com\/wp-content\/uploads\/2025\/01\/Creando-regalos-logo-1.svg","contentUrl":"https:\/\/creandoregalos.com\/wp-content\/uploads\/2025\/01\/Creando-regalos-logo-1.svg","width":286,"height":91,"caption":"Creando Regalos"},"image":{"@id":"https:\/\/creandoregalos.com\/en\/#\/schema\/logo\/image\/"}}]}},"_links":{"self":[{"href":"https:\/\/creandoregalos.com\/en\/wp-json\/wp\/v2\/product\/1038","targetHints":{"allow":["GET"]}}],"collection":[{"href":"https:\/\/creandoregalos.com\/en\/wp-json\/wp\/v2\/product"}],"about":[{"href":"https:\/\/creandoregalos.com\/en\/wp-json\/wp\/v2\/types\/product"}],"wp:featuredmedia":[{"embeddable":true,"href":"https:\/\/creandoregalos.com\/en\/wp-json\/wp\/v2\/media\/1043"}],"wp:attachment":[{"href":"https:\/\/creandoregalos.com\/en\/wp-json\/wp\/v2\/media?parent=1038"}],"wp:term":[{"taxonomy":"product_brand","embeddable":true,"href":"https:\/\/creandoregalos.com\/en\/wp-json\/wp\/v2\/product_brand?post=1038"},{"taxonomy":"product_cat","embeddable":true,"href":"https:\/\/creandoregalos.com\/en\/wp-json\/wp\/v2\/product_cat?post=1038"},{"taxonomy":"product_tag","embeddable":true,"href":"https:\/\/creandoregalos.com\/en\/wp-json\/wp\/v2\/product_tag?post=1038"}],"curies":[{"name":"wp","href":"https:\/\/api.w.org\/{rel}","templated":true}]}}