{"id":1060,"date":"2025-11-05T08:43:21","date_gmt":"2025-11-05T07:43:21","guid":{"rendered":"https:\/\/creandoregalos.com\/?post_type=product&#038;p=1060"},"modified":"2025-11-05T08:43:22","modified_gmt":"2025-11-05T07:43:22","slug":"mochilamedianabugs-mochila-tutete","status":"publish","type":"product","link":"https:\/\/creandoregalos.com\/en\/producto\/mochilamedianabugs-mochila-tutete\/","title":{"rendered":"Mochila mediana Bugs + LLavero personalizable"},"content":{"rendered":"<p>Descubre las nuevas mochilas medianas escolares de Tutete decoradas con las nuevas colecciones de vuelta al cole 2024.Las puedes personalizar con el llavero personalizable que incluyen de regalo.<\/p>\n<p>Las mochilas medianas de Tutete son la opci\u00f3n ideal para ni\u00f1os de primaria por su tama\u00f1o, que le proporcionan una gran funcionalidad y versatilidad para el d\u00eda a d\u00eda, y su dise\u00f1o, orientado a que sean de lo m\u00e1s c\u00f3modas.<\/p>\n<p>Cuentan con organizaci\u00f3n inteligente en dos compartimentos con cierre de cremallera:<\/p>\n<p>Un compartimento principal muy espacioso con amplio bolsillo interior abierto en la zona de la espalda, donde guardar cuadernos, estuches o agendas<br \/>\nUn bolsillo frontal, que ocupa casi la altura de la mochila, con m\u00faltiples separadores interiores donde guardar l\u00e1pices,cubiertos y peque\u00f1os art\u00edculos, que los peques tendr\u00e1n m\u00e1s accesible<br \/>\nUn bolsillo lateral con malla reforzada para botellas(compatible con Botellas Pl\u00e1stico Tutete y Botellas Acero 350\/500ml sin funda)<\/p>\n<p>Caracter\u00edsticas<\/p>\n<p>Incluye llavero silicona personalizable para que puedas personalizar tu mochila<br \/>\nComposici\u00f3n: 100% RPET (pl\u00e1stico reciclado)<br \/>\nCabe una carpeta est\u00e1ndar de aproximadamente alto 30cm x ancho 25cm o libreta A4<br \/>\nMedidas: 35 cm alto x 26 cm ancho x 12.5 cm profundidad<br \/>\nBolsillo exterior delantero con cierre de cremallera(28 cm alto x 25 cm ancho)<br \/>\nCierre en clip en el pecho<br \/>\nCompartimento principal con cierre de cremallera bidireccional<br \/>\nBolsillo lateral de maya reforzada para colocar botella de agua<br \/>\nTiradores de silicona en las cremalleras de las colecciones Tutete Vuelta al Cole 2024<br \/>\nBolsillo interior abierto<br \/>\nRespaldo acolchado con espuma, que permite llevarla durante per\u00edodos largos de tiempo sin causar molestias<br \/>\nAsas especialmente reforzadas y ajustables, que proporcionan gran soporte y comodidad<br \/>\nExterior impermeable<br \/>\nPara ni\u00f1os entre 5 y 10 a\u00f1os<br \/>\nApta para lavadora en fr\u00edo(30\u00baC), no centrifugar<\/p>\n","protected":false},"excerpt":{"rendered":"<p>Descubre las nuevas mochilas medianas escolares de Tutete decoradas con las nuevas colecciones de vuelta al cole 2024.Las puedes personalizar con el llavero personalizable que incluyen de regalo.<\/p>\n<p>Las mochilas medianas de Tutete son la opci\u00f3n ideal para ni\u00f1os de primaria por su tama\u00f1o, que le proporcionan una gran funcionalidad y versatilidad para el d\u00eda a d\u00eda, y su dise\u00f1o, orientado a que sean de lo m\u00e1s c\u00f3modas.<\/p>\n<p>Cuentan con organizaci\u00f3n inteligente en dos compartimentos con cierre de cremallera:<\/p>\n<p>Un compartimento principal muy espacioso con amplio bolsillo interior abierto en la zona de la espalda, donde guardar cuadernos, estuches o agendas<br \/>\nUn bolsillo frontal, que ocupa casi la altura de la mochila, con m\u00faltiples separadores interiores donde guardar l\u00e1pices,cubiertos y peque\u00f1os art\u00edculos, que los peques tendr\u00e1n m\u00e1s accesible<br \/>\nUn bolsillo lateral con malla reforzada para botellas(compatible con Botellas Pl\u00e1stico Tutete y Botellas Acero 350\/500ml sin funda)<br \/>\nPodr\u00e1s ver la colecci\u00f3n al completo Tutete Bugs pinchando AQU\u00cd<\/p>\n<p>Caracter\u00edsticas<\/p>\n<p>Incluye llavero silicona personalizable para que puedas personalizar tu mochila<br \/>\nComposici\u00f3n: 100% RPET (pl\u00e1stico reciclado)<br \/>\nCabe una carpeta est\u00e1ndar de aproximadamente alto 30cm x ancho 25cm o libreta A4<br \/>\nMedidas: 35 cm alto x 26 cm ancho x 12.5 cm profundidad<br \/>\nBolsillo exterior delantero con cierre de cremallera(28 cm alto x 25 cm ancho)<\/p>\n","protected":false},"featured_media":1069,"template":"","meta":{"site-sidebar-layout":"default","site-content-layout":"","ast-site-content-layout":"default","site-content-style":"default","site-sidebar-style":"default","ast-global-header-display":"","ast-banner-title-visibility":"","ast-main-header-display":"","ast-hfb-above-header-display":"","ast-hfb-below-header-display":"","ast-hfb-mobile-header-display":"","site-post-title":"","ast-breadcrumbs-content":"","ast-featured-img":"","footer-sml-layout":"","theme-transparent-header-meta":"default","adv-header-id-meta":"","stick-header-meta":"","header-above-stick-meta":"","header-main-stick-meta":"","header-below-stick-meta":"","astra-migrate-meta-layouts":"set","ast-page-background-enabled":"default","ast-page-background-meta":{"desktop":{"background-color":"var(--ast-global-color-4)","background-image":"","background-repeat":"repeat","background-position":"center center","background-size":"auto","background-attachment":"scroll","background-type":"","background-media":"","overlay-type":"","overlay-color":"","overlay-opacity":"","overlay-gradient":""},"tablet":{"background-color":"","background-image":"","background-repeat":"repeat","background-position":"center center","background-size":"auto","background-attachment":"scroll","background-type":"","background-media":"","overlay-type":"","overlay-color":"","overlay-opacity":"","overlay-gradient":""},"mobile":{"background-color":"","background-image":"","background-repeat":"repeat","background-position":"center center","background-size":"auto","background-attachment":"scroll","background-type":"","background-media":"","overlay-type":"","overlay-color":"","overlay-opacity":"","overlay-gradient":""}},"ast-content-background-meta":{"desktop":{"background-color":"var(--ast-global-color-5)","background-image":"","background-repeat":"repeat","background-position":"center center","background-size":"auto","background-attachment":"scroll","background-type":"","background-media":"","overlay-type":"","overlay-color":"","overlay-opacity":"","overlay-gradient":""},"tablet":{"background-color":"var(--ast-global-color-5)","background-image":"","background-repeat":"repeat","background-position":"center center","background-size":"auto","background-attachment":"scroll","background-type":"","background-media":"","overlay-type":"","overlay-color":"","overlay-opacity":"","overlay-gradient":""},"mobile":{"background-color":"var(--ast-global-color-5)","background-image":"","background-repeat":"repeat","background-position":"center center","background-size":"auto","background-attachment":"scroll","background-type":"","background-media":"","overlay-type":"","overlay-color":"","overlay-opacity":"","overlay-gradient":""}}},"product_brand":[131],"product_cat":[130],"product_tag":[135,132,103,133,134],"class_list":{"0":"post-1060","1":"product","2":"type-product","3":"status-publish","4":"has-post-thumbnail","6":"product_brand-tutete","7":"product_cat-tutete","8":"product_tag-materialescolar","9":"product_tag-mochilas","10":"product_tag-navidad","11":"product_tag-tutete","12":"product_tag-vueltalacole","13":"desktop-align-left","14":"tablet-align-left","15":"mobile-align-left","17":"first","18":"instock","19":"taxable","20":"shipping-taxable","21":"purchasable","22":"product-type-simple"},"yoast_head":"<!-- This site is optimized with the Yoast SEO plugin v26.2 - https:\/\/yoast.com\/wordpress\/plugins\/seo\/ -->\n<title>Mochila mediana Bugs + LLavero personalizable - Creando Regalos<\/title>\n<meta name=\"description\" content=\"Descubre las nuevas mochilas medianas escolares de Tutete decoradas con las nuevas colecciones de vuelta al cole 2024.Las puedes personalizar con el llavero personalizable que incluyen de regalo. Las mochilas medianas de Tutete son la opci\u00f3n ideal para ni\u00f1os de primaria por su tama\u00f1o, que le proporcionan una gran funcionalidad y versatilidad para el d\u00eda a d\u00eda, y su dise\u00f1o, orientado a que sean de lo m\u00e1s c\u00f3modas. Cuentan con organizaci\u00f3n inteligente en dos compartimentos con cierre de cremallera: Un compartimento principal muy espacioso con amplio bolsillo interior abierto en la zona de la espalda, donde guardar cuadernos, estuches o agendas Un bolsillo frontal, que ocupa casi la altura de la mochila, con m\u00faltiples separadores interiores donde guardar l\u00e1pices, cubiertos y peque\u00f1os art\u00edculos, que los peques tendr\u00e1n m\u00e1s accesible Un bolsillo lateral con malla reforzada para botellas(compatible con Botellas Pl\u00e1stico Tutete y Botellas Acero 350\/500ml sin funda)\" \/>\n<meta name=\"robots\" content=\"index, follow, max-snippet:-1, max-image-preview:large, max-video-preview:-1\" \/>\n<link rel=\"canonical\" href=\"https:\/\/creandoregalos.com\/en\/producto\/mochilamedianabugs-mochila-tutete\/\" \/>\n<meta property=\"og:locale\" content=\"en_US\" \/>\n<meta property=\"og:type\" content=\"article\" \/>\n<meta property=\"og:title\" content=\"Mochila mediana Bugs + LLavero personalizable - Creando Regalos\" \/>\n<meta property=\"og:description\" content=\"Descubre las nuevas mochilas medianas escolares de Tutete decoradas con las nuevas colecciones de vuelta al cole 2024.Las puedes personalizar con el llavero personalizable que incluyen de regalo. Las mochilas medianas de Tutete son la opci\u00f3n ideal para ni\u00f1os de primaria por su tama\u00f1o, que le proporcionan una gran funcionalidad y versatilidad para el d\u00eda a d\u00eda, y su dise\u00f1o, orientado a que sean de lo m\u00e1s c\u00f3modas. Cuentan con organizaci\u00f3n inteligente en dos compartimentos con cierre de cremallera: Un compartimento principal muy espacioso con amplio bolsillo interior abierto en la zona de la espalda, donde guardar cuadernos, estuches o agendas Un bolsillo frontal, que ocupa casi la altura de la mochila, con m\u00faltiples separadores interiores donde guardar l\u00e1pices, cubiertos y peque\u00f1os art\u00edculos, que los peques tendr\u00e1n m\u00e1s accesible Un bolsillo lateral con malla reforzada para botellas(compatible con Botellas Pl\u00e1stico Tutete y Botellas Acero 350\/500ml sin funda)\" \/>\n<meta property=\"og:url\" content=\"https:\/\/creandoregalos.com\/en\/producto\/mochilamedianabugs-mochila-tutete\/\" \/>\n<meta property=\"og:site_name\" content=\"Creando Regalos\" \/>\n<meta property=\"article:modified_time\" content=\"2025-11-05T07:43:22+00:00\" \/>\n<meta property=\"og:image\" content=\"https:\/\/creandoregalos.com\/wp-content\/uploads\/2025\/11\/Imagen-de-WhatsApp-2025-11-05-a-las-08.31.10_9eac1191.jpg\" \/>\n\t<meta property=\"og:image:width\" content=\"1200\" \/>\n\t<meta property=\"og:image:height\" content=\"1000\" \/>\n\t<meta property=\"og:image:type\" content=\"image\/jpeg\" \/>\n<meta name=\"twitter:card\" content=\"summary_large_image\" \/>\n<meta name=\"twitter:label1\" content=\"Est. reading time\" \/>\n\t<meta name=\"twitter:data1\" content=\"2 minutes\" \/>\n<script type=\"application\/ld+json\" class=\"yoast-schema-graph\">{\"@context\":\"https:\/\/schema.org\",\"@graph\":[{\"@type\":\"WebPage\",\"@id\":\"https:\/\/creandoregalos.com\/en\/producto\/mochilamedianabugs-mochila-tutete\/\",\"url\":\"https:\/\/creandoregalos.com\/en\/producto\/mochilamedianabugs-mochila-tutete\/\",\"name\":\"Mochila mediana Bugs + LLavero personalizable - Creando Regalos\",\"isPartOf\":{\"@id\":\"https:\/\/creandoregalos.com\/en\/#website\"},\"primaryImageOfPage\":{\"@id\":\"https:\/\/creandoregalos.com\/en\/producto\/mochilamedianabugs-mochila-tutete\/#primaryimage\"},\"image\":{\"@id\":\"https:\/\/creandoregalos.com\/en\/producto\/mochilamedianabugs-mochila-tutete\/#primaryimage\"},\"thumbnailUrl\":\"https:\/\/creandoregalos.com\/wp-content\/uploads\/2025\/11\/Imagen-de-WhatsApp-2025-11-05-a-las-08.31.10_9eac1191.jpg\",\"datePublished\":\"2025-11-05T07:43:21+00:00\",\"dateModified\":\"2025-11-05T07:43:22+00:00\",\"description\":\"Descubre las nuevas mochilas medianas escolares de Tutete decoradas con las nuevas colecciones de vuelta al cole 2024.Las puedes personalizar con el llavero personalizable que incluyen de regalo. Las mochilas medianas de Tutete son la opci\u00f3n ideal para ni\u00f1os de primaria por su tama\u00f1o, que le proporcionan una gran funcionalidad y versatilidad para el d\u00eda a d\u00eda, y su dise\u00f1o, orientado a que sean de lo m\u00e1s c\u00f3modas. Cuentan con organizaci\u00f3n inteligente en dos compartimentos con cierre de cremallera: Un compartimento principal muy espacioso con amplio bolsillo interior abierto en la zona de la espalda, donde guardar cuadernos, estuches o agendas Un bolsillo frontal, que ocupa casi la altura de la mochila, con m\u00faltiples separadores interiores donde guardar l\u00e1pices, cubiertos y peque\u00f1os art\u00edculos, que los peques tendr\u00e1n m\u00e1s accesible Un bolsillo lateral con malla reforzada para botellas(compatible con Botellas Pl\u00e1stico Tutete y Botellas Acero 350\/500ml sin funda)\",\"breadcrumb\":{\"@id\":\"https:\/\/creandoregalos.com\/en\/producto\/mochilamedianabugs-mochila-tutete\/#breadcrumb\"},\"inLanguage\":\"en-US\",\"potentialAction\":[{\"@type\":\"ReadAction\",\"target\":[\"https:\/\/creandoregalos.com\/en\/producto\/mochilamedianabugs-mochila-tutete\/\"]}]},{\"@type\":\"ImageObject\",\"inLanguage\":\"en-US\",\"@id\":\"https:\/\/creandoregalos.com\/en\/producto\/mochilamedianabugs-mochila-tutete\/#primaryimage\",\"url\":\"https:\/\/creandoregalos.com\/wp-content\/uploads\/2025\/11\/Imagen-de-WhatsApp-2025-11-05-a-las-08.31.10_9eac1191.jpg\",\"contentUrl\":\"https:\/\/creandoregalos.com\/wp-content\/uploads\/2025\/11\/Imagen-de-WhatsApp-2025-11-05-a-las-08.31.10_9eac1191.jpg\",\"width\":1200,\"height\":1000},{\"@type\":\"BreadcrumbList\",\"@id\":\"https:\/\/creandoregalos.com\/en\/producto\/mochilamedianabugs-mochila-tutete\/#breadcrumb\",\"itemListElement\":[{\"@type\":\"ListItem\",\"position\":1,\"name\":\"Portada\",\"item\":\"https:\/\/creandoregalos.com\/en\/\"},{\"@type\":\"ListItem\",\"position\":2,\"name\":\"Shop\",\"item\":\"https:\/\/creandoregalos.com\/tienda\/\"},{\"@type\":\"ListItem\",\"position\":3,\"name\":\"Mochila mediana Bugs + LLavero personalizable\"}]},{\"@type\":\"WebSite\",\"@id\":\"https:\/\/creandoregalos.com\/en\/#website\",\"url\":\"https:\/\/creandoregalos.com\/en\/\",\"name\":\"Creando Regalos\",\"description\":\"Tienda de regalos personalizados y mu\u00f1ecas newborn\",\"publisher\":{\"@id\":\"https:\/\/creandoregalos.com\/en\/#organization\"},\"potentialAction\":[{\"@type\":\"SearchAction\",\"target\":{\"@type\":\"EntryPoint\",\"urlTemplate\":\"https:\/\/creandoregalos.com\/en\/?s={search_term_string}\"},\"query-input\":{\"@type\":\"PropertyValueSpecification\",\"valueRequired\":true,\"valueName\":\"search_term_string\"}}],\"inLanguage\":\"en-US\"},{\"@type\":\"Organization\",\"@id\":\"https:\/\/creandoregalos.com\/en\/#organization\",\"name\":\"Creando Regalos\",\"url\":\"https:\/\/creandoregalos.com\/en\/\",\"logo\":{\"@type\":\"ImageObject\",\"inLanguage\":\"en-US\",\"@id\":\"https:\/\/creandoregalos.com\/en\/#\/schema\/logo\/image\/\",\"url\":\"https:\/\/creandoregalos.com\/wp-content\/uploads\/2025\/01\/Creando-regalos-logo-1.svg\",\"contentUrl\":\"https:\/\/creandoregalos.com\/wp-content\/uploads\/2025\/01\/Creando-regalos-logo-1.svg\",\"width\":286,\"height\":91,\"caption\":\"Creando Regalos\"},\"image\":{\"@id\":\"https:\/\/creandoregalos.com\/en\/#\/schema\/logo\/image\/\"}}]}<\/script>\n<!-- \/ Yoast SEO plugin. -->","yoast_head_json":{"title":"Mochila mediana Bugs + LLavero personalizable - Creando Regalos","description":"Descubre las nuevas mochilas medianas escolares de Tutete decoradas con las nuevas colecciones de vuelta al cole 2024.Las puedes personalizar con el llavero personalizable que incluyen de regalo. Las mochilas medianas de Tutete son la opci\u00f3n ideal para ni\u00f1os de primaria por su tama\u00f1o, que le proporcionan una gran funcionalidad y versatilidad para el d\u00eda a d\u00eda, y su dise\u00f1o, orientado a que sean de lo m\u00e1s c\u00f3modas. Cuentan con organizaci\u00f3n inteligente en dos compartimentos con cierre de cremallera: Un compartimento principal muy espacioso con amplio bolsillo interior abierto en la zona de la espalda, donde guardar cuadernos, estuches o agendas Un bolsillo frontal, que ocupa casi la altura de la mochila, con m\u00faltiples separadores interiores donde guardar l\u00e1pices, cubiertos y peque\u00f1os art\u00edculos, que los peques tendr\u00e1n m\u00e1s accesible Un bolsillo lateral con malla reforzada para botellas(compatible con Botellas Pl\u00e1stico Tutete y Botellas Acero 350\/500ml sin funda)","robots":{"index":"index","follow":"follow","max-snippet":"max-snippet:-1","max-image-preview":"max-image-preview:large","max-video-preview":"max-video-preview:-1"},"canonical":"https:\/\/creandoregalos.com\/en\/producto\/mochilamedianabugs-mochila-tutete\/","og_locale":"en_US","og_type":"article","og_title":"Mochila mediana Bugs + LLavero personalizable - Creando Regalos","og_description":"Descubre las nuevas mochilas medianas escolares de Tutete decoradas con las nuevas colecciones de vuelta al cole 2024.Las puedes personalizar con el llavero personalizable que incluyen de regalo. Las mochilas medianas de Tutete son la opci\u00f3n ideal para ni\u00f1os de primaria por su tama\u00f1o, que le proporcionan una gran funcionalidad y versatilidad para el d\u00eda a d\u00eda, y su dise\u00f1o, orientado a que sean de lo m\u00e1s c\u00f3modas. Cuentan con organizaci\u00f3n inteligente en dos compartimentos con cierre de cremallera: Un compartimento principal muy espacioso con amplio bolsillo interior abierto en la zona de la espalda, donde guardar cuadernos, estuches o agendas Un bolsillo frontal, que ocupa casi la altura de la mochila, con m\u00faltiples separadores interiores donde guardar l\u00e1pices, cubiertos y peque\u00f1os art\u00edculos, que los peques tendr\u00e1n m\u00e1s accesible Un bolsillo lateral con malla reforzada para botellas(compatible con Botellas Pl\u00e1stico Tutete y Botellas Acero 350\/500ml sin funda)","og_url":"https:\/\/creandoregalos.com\/en\/producto\/mochilamedianabugs-mochila-tutete\/","og_site_name":"Creando Regalos","article_modified_time":"2025-11-05T07:43:22+00:00","og_image":[{"width":1200,"height":1000,"url":"https:\/\/creandoregalos.com\/wp-content\/uploads\/2025\/11\/Imagen-de-WhatsApp-2025-11-05-a-las-08.31.10_9eac1191.jpg","type":"image\/jpeg"}],"twitter_card":"summary_large_image","twitter_misc":{"Est. reading time":"2 minutes"},"schema":{"@context":"https:\/\/schema.org","@graph":[{"@type":"WebPage","@id":"https:\/\/creandoregalos.com\/en\/producto\/mochilamedianabugs-mochila-tutete\/","url":"https:\/\/creandoregalos.com\/en\/producto\/mochilamedianabugs-mochila-tutete\/","name":"Mochila mediana Bugs + LLavero personalizable - Creando Regalos","isPartOf":{"@id":"https:\/\/creandoregalos.com\/en\/#website"},"primaryImageOfPage":{"@id":"https:\/\/creandoregalos.com\/en\/producto\/mochilamedianabugs-mochila-tutete\/#primaryimage"},"image":{"@id":"https:\/\/creandoregalos.com\/en\/producto\/mochilamedianabugs-mochila-tutete\/#primaryimage"},"thumbnailUrl":"https:\/\/creandoregalos.com\/wp-content\/uploads\/2025\/11\/Imagen-de-WhatsApp-2025-11-05-a-las-08.31.10_9eac1191.jpg","datePublished":"2025-11-05T07:43:21+00:00","dateModified":"2025-11-05T07:43:22+00:00","description":"Descubre las nuevas mochilas medianas escolares de Tutete decoradas con las nuevas colecciones de vuelta al cole 2024.Las puedes personalizar con el llavero personalizable que incluyen de regalo. Las mochilas medianas de Tutete son la opci\u00f3n ideal para ni\u00f1os de primaria por su tama\u00f1o, que le proporcionan una gran funcionalidad y versatilidad para el d\u00eda a d\u00eda, y su dise\u00f1o, orientado a que sean de lo m\u00e1s c\u00f3modas. Cuentan con organizaci\u00f3n inteligente en dos compartimentos con cierre de cremallera: Un compartimento principal muy espacioso con amplio bolsillo interior abierto en la zona de la espalda, donde guardar cuadernos, estuches o agendas Un bolsillo frontal, que ocupa casi la altura de la mochila, con m\u00faltiples separadores interiores donde guardar l\u00e1pices, cubiertos y peque\u00f1os art\u00edculos, que los peques tendr\u00e1n m\u00e1s accesible Un bolsillo lateral con malla reforzada para botellas(compatible con Botellas Pl\u00e1stico Tutete y Botellas Acero 350\/500ml sin funda)","breadcrumb":{"@id":"https:\/\/creandoregalos.com\/en\/producto\/mochilamedianabugs-mochila-tutete\/#breadcrumb"},"inLanguage":"en-US","potentialAction":[{"@type":"ReadAction","target":["https:\/\/creandoregalos.com\/en\/producto\/mochilamedianabugs-mochila-tutete\/"]}]},{"@type":"ImageObject","inLanguage":"en-US","@id":"https:\/\/creandoregalos.com\/en\/producto\/mochilamedianabugs-mochila-tutete\/#primaryimage","url":"https:\/\/creandoregalos.com\/wp-content\/uploads\/2025\/11\/Imagen-de-WhatsApp-2025-11-05-a-las-08.31.10_9eac1191.jpg","contentUrl":"https:\/\/creandoregalos.com\/wp-content\/uploads\/2025\/11\/Imagen-de-WhatsApp-2025-11-05-a-las-08.31.10_9eac1191.jpg","width":1200,"height":1000},{"@type":"BreadcrumbList","@id":"https:\/\/creandoregalos.com\/en\/producto\/mochilamedianabugs-mochila-tutete\/#breadcrumb","itemListElement":[{"@type":"ListItem","position":1,"name":"Portada","item":"https:\/\/creandoregalos.com\/en\/"},{"@type":"ListItem","position":2,"name":"Shop","item":"https:\/\/creandoregalos.com\/tienda\/"},{"@type":"ListItem","position":3,"name":"Mochila mediana Bugs + LLavero personalizable"}]},{"@type":"WebSite","@id":"https:\/\/creandoregalos.com\/en\/#website","url":"https:\/\/creandoregalos.com\/en\/","name":"Creando Regalos","description":"Tienda de regalos personalizados y mu\u00f1ecas newborn","publisher":{"@id":"https:\/\/creandoregalos.com\/en\/#organization"},"potentialAction":[{"@type":"SearchAction","target":{"@type":"EntryPoint","urlTemplate":"https:\/\/creandoregalos.com\/en\/?s={search_term_string}"},"query-input":{"@type":"PropertyValueSpecification","valueRequired":true,"valueName":"search_term_string"}}],"inLanguage":"en-US"},{"@type":"Organization","@id":"https:\/\/creandoregalos.com\/en\/#organization","name":"Creando Regalos","url":"https:\/\/creandoregalos.com\/en\/","logo":{"@type":"ImageObject","inLanguage":"en-US","@id":"https:\/\/creandoregalos.com\/en\/#\/schema\/logo\/image\/","url":"https:\/\/creandoregalos.com\/wp-content\/uploads\/2025\/01\/Creando-regalos-logo-1.svg","contentUrl":"https:\/\/creandoregalos.com\/wp-content\/uploads\/2025\/01\/Creando-regalos-logo-1.svg","width":286,"height":91,"caption":"Creando Regalos"},"image":{"@id":"https:\/\/creandoregalos.com\/en\/#\/schema\/logo\/image\/"}}]}},"_links":{"self":[{"href":"https:\/\/creandoregalos.com\/en\/wp-json\/wp\/v2\/product\/1060","targetHints":{"allow":["GET"]}}],"collection":[{"href":"https:\/\/creandoregalos.com\/en\/wp-json\/wp\/v2\/product"}],"about":[{"href":"https:\/\/creandoregalos.com\/en\/wp-json\/wp\/v2\/types\/product"}],"wp:featuredmedia":[{"embeddable":true,"href":"https:\/\/creandoregalos.com\/en\/wp-json\/wp\/v2\/media\/1069"}],"wp:attachment":[{"href":"https:\/\/creandoregalos.com\/en\/wp-json\/wp\/v2\/media?parent=1060"}],"wp:term":[{"taxonomy":"product_brand","embeddable":true,"href":"https:\/\/creandoregalos.com\/en\/wp-json\/wp\/v2\/product_brand?post=1060"},{"taxonomy":"product_cat","embeddable":true,"href":"https:\/\/creandoregalos.com\/en\/wp-json\/wp\/v2\/product_cat?post=1060"},{"taxonomy":"product_tag","embeddable":true,"href":"https:\/\/creandoregalos.com\/en\/wp-json\/wp\/v2\/product_tag?post=1060"}],"curies":[{"name":"wp","href":"https:\/\/api.w.org\/{rel}","templated":true}]}}