{"id":1073,"date":"2025-11-06T18:38:04","date_gmt":"2025-11-06T17:38:04","guid":{"rendered":"https:\/\/creandoregalos.com\/?post_type=product&#038;p=1073"},"modified":"2025-11-06T18:38:04","modified_gmt":"2025-11-06T17:38:04","slug":"elfomagico-cajadeelfo-elfonavidad","status":"publish","type":"product","link":"https:\/\/creandoregalos.com\/en\/producto\/elfomagico-cajadeelfo-elfonavidad\/","title":{"rendered":"Elfo M\u00e1gico personalizado con nombre Kit completo"},"content":{"rendered":"<p>Caja m\u00e1gica de Elfo que incluye:<\/p>\n<p>* Elfo de Navidad<br \/>\n* Carta de Bienvenida<br \/>\n* Certificado de adopci\u00f3n<br \/>\n* 25 tips de travesuras<br \/>\n* Diario del Elfo<br \/>\n* Flotador para travesuras<br \/>\n* Molde huellas de pies para travesuras<br \/>\n* Gorro de Papa Noel<br \/>\n* Carta de despedida<br \/>\nRecuerda que el Elfo llega el 1 de Diciembre. Os esperamos en calle Andaluc\u00eda 49, #arroyodelamiel #elfonavidad #elfom\u00e1gico Info 611962848<\/p>\n","protected":false},"excerpt":{"rendered":"<p>Caja m\u00e1gica de Elfo que incluye:<\/p>\n<p>* Elfo de Navidad<br \/>\n* Carta de Bienvenida<br \/>\n* Certificado de adopci\u00f3n<br \/>\n* 25 tips de travesuras<br \/>\n* Diario del Elfo<br \/>\n* Flotador para travesuras<br \/>\n* Molde huellas de pies para travesuras<br \/>\n* Gorro de Papa Noel<br \/>\n* Carta de despedida<br \/>\nRecuerda que el Elfo llega el 1 de Diciembre. Os esperamos en calle Andaluc\u00eda 49, #arroyodelamiel #elfonavidad #elfom\u00e1gico Info 611962848<\/p>\n","protected":false},"featured_media":1078,"template":"","meta":{"site-sidebar-layout":"default","site-content-layout":"","ast-site-content-layout":"default","site-content-style":"default","site-sidebar-style":"default","ast-global-header-display":"","ast-banner-title-visibility":"","ast-main-header-display":"","ast-hfb-above-header-display":"","ast-hfb-below-header-display":"","ast-hfb-mobile-header-display":"","site-post-title":"","ast-breadcrumbs-content":"","ast-featured-img":"","footer-sml-layout":"","theme-transparent-header-meta":"default","adv-header-id-meta":"","stick-header-meta":"","header-above-stick-meta":"","header-main-stick-meta":"","header-below-stick-meta":"","astra-migrate-meta-layouts":"set","ast-page-background-enabled":"default","ast-page-background-meta":{"desktop":{"background-color":"var(--ast-global-color-4)","background-image":"","background-repeat":"repeat","background-position":"center center","background-size":"auto","background-attachment":"scroll","background-type":"","background-media":"","overlay-type":"","overlay-color":"","overlay-opacity":"","overlay-gradient":""},"tablet":{"background-color":"","background-image":"","background-repeat":"repeat","background-position":"center center","background-size":"auto","background-attachment":"scroll","background-type":"","background-media":"","overlay-type":"","overlay-color":"","overlay-opacity":"","overlay-gradient":""},"mobile":{"background-color":"","background-image":"","background-repeat":"repeat","background-position":"center center","background-size":"auto","background-attachment":"scroll","background-type":"","background-media":"","overlay-type":"","overlay-color":"","overlay-opacity":"","overlay-gradient":""}},"ast-content-background-meta":{"desktop":{"background-color":"var(--ast-global-color-5)","background-image":"","background-repeat":"repeat","background-position":"center center","background-size":"auto","background-attachment":"scroll","background-type":"","background-media":"","overlay-type":"","overlay-color":"","overlay-opacity":"","overlay-gradient":""},"tablet":{"background-color":"var(--ast-global-color-5)","background-image":"","background-repeat":"repeat","background-position":"center center","background-size":"auto","background-attachment":"scroll","background-type":"","background-media":"","overlay-type":"","overlay-color":"","overlay-opacity":"","overlay-gradient":""},"mobile":{"background-color":"var(--ast-global-color-5)","background-image":"","background-repeat":"repeat","background-position":"center center","background-size":"auto","background-attachment":"scroll","background-type":"","background-media":"","overlay-type":"","overlay-color":"","overlay-opacity":"","overlay-gradient":""}}},"product_brand":[],"product_cat":[44],"product_tag":[138,136,137],"class_list":{"0":"post-1073","1":"product","2":"type-product","3":"status-publish","4":"has-post-thumbnail","6":"product_cat-regalos-personalizados","7":"product_tag-cajade-elfo","8":"product_tag-elfo","9":"product_tag-elfo-navidad","10":"desktop-align-left","11":"tablet-align-left","12":"mobile-align-left","14":"first","15":"instock","16":"taxable","17":"shipping-taxable","18":"purchasable","19":"product-type-simple"},"yoast_head":"<!-- This site is optimized with the Yoast SEO plugin v26.2 - https:\/\/yoast.com\/wordpress\/plugins\/seo\/ -->\n<title>Elfo M\u00e1gico personalizado con nombre Kit completo - Creando Regalos<\/title>\n<meta name=\"description\" content=\"Caja m\u00e1gica de Elfo que incluye:* Elfo de Navidad* Carta de Bienvenida* Certificado de adopci\u00f3n* 25 tips de travesuras* Diario del Elfo* Flotador para travesuras* Molde huellas de pies para travesuras* Gorro de Papa Noel* Carta de despedidaRecuerda que el Elfo llega el 1 de Diciembre. Os esperamos en calle Andaluc\u00eda 49, #arroyodelamiel #elfonavidad #elfom\u00e1gico Info 611962848\" \/>\n<meta name=\"robots\" content=\"index, follow, max-snippet:-1, max-image-preview:large, max-video-preview:-1\" \/>\n<link rel=\"canonical\" href=\"https:\/\/creandoregalos.com\/en\/producto\/elfomagico-cajadeelfo-elfonavidad\/\" \/>\n<meta property=\"og:locale\" content=\"en_US\" \/>\n<meta property=\"og:type\" content=\"article\" \/>\n<meta property=\"og:title\" content=\"Elfo M\u00e1gico personalizado con nombre Kit completo - Creando Regalos\" \/>\n<meta property=\"og:description\" content=\"Caja m\u00e1gica de Elfo que incluye:* Elfo de Navidad* Carta de Bienvenida* Certificado de adopci\u00f3n* 25 tips de travesuras* Diario del Elfo* Flotador para travesuras* Molde huellas de pies para travesuras* Gorro de Papa Noel* Carta de despedidaRecuerda que el Elfo llega el 1 de Diciembre. Os esperamos en calle Andaluc\u00eda 49, #arroyodelamiel #elfonavidad #elfom\u00e1gico Info 611962848\" \/>\n<meta property=\"og:url\" content=\"https:\/\/creandoregalos.com\/en\/producto\/elfomagico-cajadeelfo-elfonavidad\/\" \/>\n<meta property=\"og:site_name\" content=\"Creando Regalos\" \/>\n<meta property=\"og:image\" content=\"https:\/\/creandoregalos.com\/wp-content\/uploads\/2025\/11\/Imagen-de-WhatsApp-2025-11-06-a-las-18.36.29_d112fca6.jpg\" \/>\n\t<meta property=\"og:image:width\" content=\"1500\" \/>\n\t<meta property=\"og:image:height\" content=\"2000\" \/>\n\t<meta property=\"og:image:type\" content=\"image\/jpeg\" \/>\n<meta name=\"twitter:card\" content=\"summary_large_image\" \/>\n<meta name=\"twitter:label1\" content=\"Est. reading time\" \/>\n\t<meta name=\"twitter:data1\" content=\"1 minute\" \/>\n<script type=\"application\/ld+json\" class=\"yoast-schema-graph\">{\"@context\":\"https:\/\/schema.org\",\"@graph\":[{\"@type\":\"WebPage\",\"@id\":\"https:\/\/creandoregalos.com\/en\/producto\/elfomagico-cajadeelfo-elfonavidad\/\",\"url\":\"https:\/\/creandoregalos.com\/en\/producto\/elfomagico-cajadeelfo-elfonavidad\/\",\"name\":\"Elfo M\u00e1gico personalizado con nombre Kit completo - Creando Regalos\",\"isPartOf\":{\"@id\":\"https:\/\/creandoregalos.com\/en\/#website\"},\"primaryImageOfPage\":{\"@id\":\"https:\/\/creandoregalos.com\/en\/producto\/elfomagico-cajadeelfo-elfonavidad\/#primaryimage\"},\"image\":{\"@id\":\"https:\/\/creandoregalos.com\/en\/producto\/elfomagico-cajadeelfo-elfonavidad\/#primaryimage\"},\"thumbnailUrl\":\"https:\/\/creandoregalos.com\/wp-content\/uploads\/2025\/11\/Imagen-de-WhatsApp-2025-11-06-a-las-18.36.29_d112fca6.jpg\",\"datePublished\":\"2025-11-06T17:38:04+00:00\",\"description\":\"Caja m\u00e1gica de Elfo que incluye:* Elfo de Navidad* Carta de Bienvenida* Certificado de adopci\u00f3n* 25 tips de travesuras* Diario del Elfo* Flotador para travesuras* Molde huellas de pies para travesuras* Gorro de Papa Noel* Carta de despedidaRecuerda que el Elfo llega el 1 de Diciembre. Os esperamos en calle Andaluc\u00eda 49, #arroyodelamiel #elfonavidad #elfom\u00e1gico Info 611962848\",\"breadcrumb\":{\"@id\":\"https:\/\/creandoregalos.com\/en\/producto\/elfomagico-cajadeelfo-elfonavidad\/#breadcrumb\"},\"inLanguage\":\"en-US\",\"potentialAction\":[{\"@type\":\"ReadAction\",\"target\":[\"https:\/\/creandoregalos.com\/en\/producto\/elfomagico-cajadeelfo-elfonavidad\/\"]}]},{\"@type\":\"ImageObject\",\"inLanguage\":\"en-US\",\"@id\":\"https:\/\/creandoregalos.com\/en\/producto\/elfomagico-cajadeelfo-elfonavidad\/#primaryimage\",\"url\":\"https:\/\/creandoregalos.com\/wp-content\/uploads\/2025\/11\/Imagen-de-WhatsApp-2025-11-06-a-las-18.36.29_d112fca6.jpg\",\"contentUrl\":\"https:\/\/creandoregalos.com\/wp-content\/uploads\/2025\/11\/Imagen-de-WhatsApp-2025-11-06-a-las-18.36.29_d112fca6.jpg\",\"width\":1500,\"height\":2000},{\"@type\":\"BreadcrumbList\",\"@id\":\"https:\/\/creandoregalos.com\/en\/producto\/elfomagico-cajadeelfo-elfonavidad\/#breadcrumb\",\"itemListElement\":[{\"@type\":\"ListItem\",\"position\":1,\"name\":\"Portada\",\"item\":\"https:\/\/creandoregalos.com\/en\/\"},{\"@type\":\"ListItem\",\"position\":2,\"name\":\"Shop\",\"item\":\"https:\/\/creandoregalos.com\/tienda\/\"},{\"@type\":\"ListItem\",\"position\":3,\"name\":\"Elfo M\u00e1gico personalizado con nombre Kit completo\"}]},{\"@type\":\"WebSite\",\"@id\":\"https:\/\/creandoregalos.com\/en\/#website\",\"url\":\"https:\/\/creandoregalos.com\/en\/\",\"name\":\"Creando Regalos\",\"description\":\"Tienda de regalos personalizados y mu\u00f1ecas newborn\",\"publisher\":{\"@id\":\"https:\/\/creandoregalos.com\/en\/#organization\"},\"potentialAction\":[{\"@type\":\"SearchAction\",\"target\":{\"@type\":\"EntryPoint\",\"urlTemplate\":\"https:\/\/creandoregalos.com\/en\/?s={search_term_string}\"},\"query-input\":{\"@type\":\"PropertyValueSpecification\",\"valueRequired\":true,\"valueName\":\"search_term_string\"}}],\"inLanguage\":\"en-US\"},{\"@type\":\"Organization\",\"@id\":\"https:\/\/creandoregalos.com\/en\/#organization\",\"name\":\"Creando Regalos\",\"url\":\"https:\/\/creandoregalos.com\/en\/\",\"logo\":{\"@type\":\"ImageObject\",\"inLanguage\":\"en-US\",\"@id\":\"https:\/\/creandoregalos.com\/en\/#\/schema\/logo\/image\/\",\"url\":\"https:\/\/creandoregalos.com\/wp-content\/uploads\/2025\/01\/Creando-regalos-logo-1.svg\",\"contentUrl\":\"https:\/\/creandoregalos.com\/wp-content\/uploads\/2025\/01\/Creando-regalos-logo-1.svg\",\"width\":286,\"height\":91,\"caption\":\"Creando Regalos\"},\"image\":{\"@id\":\"https:\/\/creandoregalos.com\/en\/#\/schema\/logo\/image\/\"}}]}<\/script>\n<!-- \/ Yoast SEO plugin. -->","yoast_head_json":{"title":"Elfo M\u00e1gico personalizado con nombre Kit completo - Creando Regalos","description":"Caja m\u00e1gica de Elfo que incluye:* Elfo de Navidad* Carta de Bienvenida* Certificado de adopci\u00f3n* 25 tips de travesuras* Diario del Elfo* Flotador para travesuras* Molde huellas de pies para travesuras* Gorro de Papa Noel* Carta de despedidaRecuerda que el Elfo llega el 1 de Diciembre. Os esperamos en calle Andaluc\u00eda 49, #arroyodelamiel #elfonavidad #elfom\u00e1gico Info 611962848","robots":{"index":"index","follow":"follow","max-snippet":"max-snippet:-1","max-image-preview":"max-image-preview:large","max-video-preview":"max-video-preview:-1"},"canonical":"https:\/\/creandoregalos.com\/en\/producto\/elfomagico-cajadeelfo-elfonavidad\/","og_locale":"en_US","og_type":"article","og_title":"Elfo M\u00e1gico personalizado con nombre Kit completo - Creando Regalos","og_description":"Caja m\u00e1gica de Elfo que incluye:* Elfo de Navidad* Carta de Bienvenida* Certificado de adopci\u00f3n* 25 tips de travesuras* Diario del Elfo* Flotador para travesuras* Molde huellas de pies para travesuras* Gorro de Papa Noel* Carta de despedidaRecuerda que el Elfo llega el 1 de Diciembre. Os esperamos en calle Andaluc\u00eda 49, #arroyodelamiel #elfonavidad #elfom\u00e1gico Info 611962848","og_url":"https:\/\/creandoregalos.com\/en\/producto\/elfomagico-cajadeelfo-elfonavidad\/","og_site_name":"Creando Regalos","og_image":[{"width":1500,"height":2000,"url":"https:\/\/creandoregalos.com\/wp-content\/uploads\/2025\/11\/Imagen-de-WhatsApp-2025-11-06-a-las-18.36.29_d112fca6.jpg","type":"image\/jpeg"}],"twitter_card":"summary_large_image","twitter_misc":{"Est. reading time":"1 minute"},"schema":{"@context":"https:\/\/schema.org","@graph":[{"@type":"WebPage","@id":"https:\/\/creandoregalos.com\/en\/producto\/elfomagico-cajadeelfo-elfonavidad\/","url":"https:\/\/creandoregalos.com\/en\/producto\/elfomagico-cajadeelfo-elfonavidad\/","name":"Elfo M\u00e1gico personalizado con nombre Kit completo - Creando Regalos","isPartOf":{"@id":"https:\/\/creandoregalos.com\/en\/#website"},"primaryImageOfPage":{"@id":"https:\/\/creandoregalos.com\/en\/producto\/elfomagico-cajadeelfo-elfonavidad\/#primaryimage"},"image":{"@id":"https:\/\/creandoregalos.com\/en\/producto\/elfomagico-cajadeelfo-elfonavidad\/#primaryimage"},"thumbnailUrl":"https:\/\/creandoregalos.com\/wp-content\/uploads\/2025\/11\/Imagen-de-WhatsApp-2025-11-06-a-las-18.36.29_d112fca6.jpg","datePublished":"2025-11-06T17:38:04+00:00","description":"Caja m\u00e1gica de Elfo que incluye:* Elfo de Navidad* Carta de Bienvenida* Certificado de adopci\u00f3n* 25 tips de travesuras* Diario del Elfo* Flotador para travesuras* Molde huellas de pies para travesuras* Gorro de Papa Noel* Carta de despedidaRecuerda que el Elfo llega el 1 de Diciembre. Os esperamos en calle Andaluc\u00eda 49, #arroyodelamiel #elfonavidad #elfom\u00e1gico Info 611962848","breadcrumb":{"@id":"https:\/\/creandoregalos.com\/en\/producto\/elfomagico-cajadeelfo-elfonavidad\/#breadcrumb"},"inLanguage":"en-US","potentialAction":[{"@type":"ReadAction","target":["https:\/\/creandoregalos.com\/en\/producto\/elfomagico-cajadeelfo-elfonavidad\/"]}]},{"@type":"ImageObject","inLanguage":"en-US","@id":"https:\/\/creandoregalos.com\/en\/producto\/elfomagico-cajadeelfo-elfonavidad\/#primaryimage","url":"https:\/\/creandoregalos.com\/wp-content\/uploads\/2025\/11\/Imagen-de-WhatsApp-2025-11-06-a-las-18.36.29_d112fca6.jpg","contentUrl":"https:\/\/creandoregalos.com\/wp-content\/uploads\/2025\/11\/Imagen-de-WhatsApp-2025-11-06-a-las-18.36.29_d112fca6.jpg","width":1500,"height":2000},{"@type":"BreadcrumbList","@id":"https:\/\/creandoregalos.com\/en\/producto\/elfomagico-cajadeelfo-elfonavidad\/#breadcrumb","itemListElement":[{"@type":"ListItem","position":1,"name":"Portada","item":"https:\/\/creandoregalos.com\/en\/"},{"@type":"ListItem","position":2,"name":"Shop","item":"https:\/\/creandoregalos.com\/tienda\/"},{"@type":"ListItem","position":3,"name":"Elfo M\u00e1gico personalizado con nombre Kit completo"}]},{"@type":"WebSite","@id":"https:\/\/creandoregalos.com\/en\/#website","url":"https:\/\/creandoregalos.com\/en\/","name":"Creando Regalos","description":"Tienda de regalos personalizados y mu\u00f1ecas newborn","publisher":{"@id":"https:\/\/creandoregalos.com\/en\/#organization"},"potentialAction":[{"@type":"SearchAction","target":{"@type":"EntryPoint","urlTemplate":"https:\/\/creandoregalos.com\/en\/?s={search_term_string}"},"query-input":{"@type":"PropertyValueSpecification","valueRequired":true,"valueName":"search_term_string"}}],"inLanguage":"en-US"},{"@type":"Organization","@id":"https:\/\/creandoregalos.com\/en\/#organization","name":"Creando Regalos","url":"https:\/\/creandoregalos.com\/en\/","logo":{"@type":"ImageObject","inLanguage":"en-US","@id":"https:\/\/creandoregalos.com\/en\/#\/schema\/logo\/image\/","url":"https:\/\/creandoregalos.com\/wp-content\/uploads\/2025\/01\/Creando-regalos-logo-1.svg","contentUrl":"https:\/\/creandoregalos.com\/wp-content\/uploads\/2025\/01\/Creando-regalos-logo-1.svg","width":286,"height":91,"caption":"Creando Regalos"},"image":{"@id":"https:\/\/creandoregalos.com\/en\/#\/schema\/logo\/image\/"}}]}},"_links":{"self":[{"href":"https:\/\/creandoregalos.com\/en\/wp-json\/wp\/v2\/product\/1073","targetHints":{"allow":["GET"]}}],"collection":[{"href":"https:\/\/creandoregalos.com\/en\/wp-json\/wp\/v2\/product"}],"about":[{"href":"https:\/\/creandoregalos.com\/en\/wp-json\/wp\/v2\/types\/product"}],"wp:featuredmedia":[{"embeddable":true,"href":"https:\/\/creandoregalos.com\/en\/wp-json\/wp\/v2\/media\/1078"}],"wp:attachment":[{"href":"https:\/\/creandoregalos.com\/en\/wp-json\/wp\/v2\/media?parent=1073"}],"wp:term":[{"taxonomy":"product_brand","embeddable":true,"href":"https:\/\/creandoregalos.com\/en\/wp-json\/wp\/v2\/product_brand?post=1073"},{"taxonomy":"product_cat","embeddable":true,"href":"https:\/\/creandoregalos.com\/en\/wp-json\/wp\/v2\/product_cat?post=1073"},{"taxonomy":"product_tag","embeddable":true,"href":"https:\/\/creandoregalos.com\/en\/wp-json\/wp\/v2\/product_tag?post=1073"}],"curies":[{"name":"wp","href":"https:\/\/api.w.org\/{rel}","templated":true}]}}