{"id":498,"date":"2025-03-02T07:12:42","date_gmt":"2025-03-02T06:12:42","guid":{"rendered":"https:\/\/creandoregalos.com\/?post_type=product&#038;p=498"},"modified":"2025-03-02T07:12:42","modified_gmt":"2025-03-02T06:12:42","slug":"cojin-personalizado","status":"publish","type":"product","link":"https:\/\/creandoregalos.com\/en\/producto\/cojin-personalizado\/","title":{"rendered":"Coj\u00edn personalizado"},"content":{"rendered":"<p>Transforma tu espacio con estilo y significado. Nuestro coj\u00edn personalizado es m\u00e1s que un simple accesorio: es una expresi\u00f3n de tu personalidad. Ideal para regalos \u00fanicos o para a\u00f1adir un toque especial a tu hogar, este coj\u00edn combina confort y dise\u00f1o exclusivo. Personal\u00edzalo con fotos, frases, nombres o ilustraciones; \u00a1las posibilidades son infinitas!<\/p>\n","protected":false},"excerpt":{"rendered":"<p>Transforma tu espacio con estilo y significado. Nuestro coj\u00edn personalizado es m\u00e1s que un simple accesorio: es una expresi\u00f3n de tu personalidad. Ideal para regalos \u00fanicos o para a\u00f1adir un toque especial a tu hogar, este coj\u00edn combina confort y dise\u00f1o exclusivo. Personal\u00edzalo con fotos, frases, nombres o ilustraciones; \u00a1las posibilidades son infinitas!<\/p>\n","protected":false},"featured_media":499,"template":"","meta":{"site-sidebar-layout":"default","site-content-layout":"","ast-site-content-layout":"default","site-content-style":"default","site-sidebar-style":"default","ast-global-header-display":"","ast-banner-title-visibility":"","ast-main-header-display":"","ast-hfb-above-header-display":"","ast-hfb-below-header-display":"","ast-hfb-mobile-header-display":"","site-post-title":"","ast-breadcrumbs-content":"","ast-featured-img":"","footer-sml-layout":"","theme-transparent-header-meta":"default","adv-header-id-meta":"","stick-header-meta":"","header-above-stick-meta":"","header-main-stick-meta":"","header-below-stick-meta":"","astra-migrate-meta-layouts":"set","ast-page-background-enabled":"default","ast-page-background-meta":{"desktop":{"background-color":"var(--ast-global-color-4)","background-image":"","background-repeat":"repeat","background-position":"center center","background-size":"auto","background-attachment":"scroll","background-type":"","background-media":"","overlay-type":"","overlay-color":"","overlay-opacity":"","overlay-gradient":""},"tablet":{"background-color":"","background-image":"","background-repeat":"repeat","background-position":"center center","background-size":"auto","background-attachment":"scroll","background-type":"","background-media":"","overlay-type":"","overlay-color":"","overlay-opacity":"","overlay-gradient":""},"mobile":{"background-color":"","background-image":"","background-repeat":"repeat","background-position":"center center","background-size":"auto","background-attachment":"scroll","background-type":"","background-media":"","overlay-type":"","overlay-color":"","overlay-opacity":"","overlay-gradient":""}},"ast-content-background-meta":{"desktop":{"background-color":"var(--ast-global-color-5)","background-image":"","background-repeat":"repeat","background-position":"center center","background-size":"auto","background-attachment":"scroll","background-type":"","background-media":"","overlay-type":"","overlay-color":"","overlay-opacity":"","overlay-gradient":""},"tablet":{"background-color":"var(--ast-global-color-5)","background-image":"","background-repeat":"repeat","background-position":"center center","background-size":"auto","background-attachment":"scroll","background-type":"","background-media":"","overlay-type":"","overlay-color":"","overlay-opacity":"","overlay-gradient":""},"mobile":{"background-color":"var(--ast-global-color-5)","background-image":"","background-repeat":"repeat","background-position":"center center","background-size":"auto","background-attachment":"scroll","background-type":"","background-media":"","overlay-type":"","overlay-color":"","overlay-opacity":"","overlay-gradient":""}}},"product_brand":[],"product_cat":[47],"product_tag":[],"class_list":{"0":"post-498","1":"product","2":"type-product","3":"status-publish","4":"has-post-thumbnail","6":"product_cat-cojines","7":"desktop-align-left","8":"tablet-align-left","9":"mobile-align-left","11":"first","12":"instock","13":"taxable","14":"shipping-taxable","15":"purchasable","16":"product-type-simple"},"yoast_head":"<!-- This site is optimized with the Yoast SEO plugin v26.2 - https:\/\/yoast.com\/wordpress\/plugins\/seo\/ -->\n<title>Coj\u00edn Personalizado con Foto y Texto | Decoraci\u00f3n Hogar Original<\/title>\n<meta name=\"description\" content=\"Coj\u00edn personalizado con nombre, frase o imagen. Regala estilo, confort y emociones con un detalle \u00fanico para el hogar o momentos especiales.\" \/>\n<meta name=\"robots\" content=\"index, follow, max-snippet:-1, max-image-preview:large, max-video-preview:-1\" \/>\n<link rel=\"canonical\" href=\"https:\/\/creandoregalos.com\/en\/producto\/cojin-personalizado\/\" \/>\n<meta property=\"og:locale\" content=\"en_US\" \/>\n<meta property=\"og:type\" content=\"article\" \/>\n<meta property=\"og:title\" content=\"Coj\u00edn Personalizado con Foto y Texto | Decoraci\u00f3n Hogar Original\" \/>\n<meta property=\"og:description\" content=\"Coj\u00edn personalizado con nombre, frase o imagen. Regala estilo, confort y emociones con un detalle \u00fanico para el hogar o momentos especiales.\" \/>\n<meta property=\"og:url\" content=\"https:\/\/creandoregalos.com\/en\/producto\/cojin-personalizado\/\" \/>\n<meta property=\"og:site_name\" content=\"Creando Regalos\" \/>\n<meta property=\"og:image\" content=\"https:\/\/creandoregalos.com\/wp-content\/uploads\/2025\/03\/20250302_070012_0000.png\" \/>\n\t<meta property=\"og:image:width\" content=\"600\" \/>\n\t<meta property=\"og:image:height\" content=\"600\" \/>\n\t<meta property=\"og:image:type\" content=\"image\/png\" \/>\n<meta name=\"twitter:card\" content=\"summary_large_image\" \/>\n<meta name=\"twitter:label1\" content=\"Est. reading time\" \/>\n\t<meta name=\"twitter:data1\" content=\"1 minute\" \/>\n<script type=\"application\/ld+json\" class=\"yoast-schema-graph\">{\"@context\":\"https:\/\/schema.org\",\"@graph\":[{\"@type\":\"WebPage\",\"@id\":\"https:\/\/creandoregalos.com\/en\/producto\/cojin-personalizado\/\",\"url\":\"https:\/\/creandoregalos.com\/en\/producto\/cojin-personalizado\/\",\"name\":\"Coj\u00edn Personalizado con Foto y Texto | Decoraci\u00f3n Hogar Original\",\"isPartOf\":{\"@id\":\"https:\/\/creandoregalos.com\/en\/#website\"},\"primaryImageOfPage\":{\"@id\":\"https:\/\/creandoregalos.com\/en\/producto\/cojin-personalizado\/#primaryimage\"},\"image\":{\"@id\":\"https:\/\/creandoregalos.com\/en\/producto\/cojin-personalizado\/#primaryimage\"},\"thumbnailUrl\":\"https:\/\/creandoregalos.com\/wp-content\/uploads\/2025\/03\/20250302_070012_0000.png\",\"datePublished\":\"2025-03-02T06:12:42+00:00\",\"description\":\"Coj\u00edn personalizado con nombre, frase o imagen. Regala estilo, confort y emociones con un detalle \u00fanico para el hogar o momentos especiales.\",\"breadcrumb\":{\"@id\":\"https:\/\/creandoregalos.com\/en\/producto\/cojin-personalizado\/#breadcrumb\"},\"inLanguage\":\"en-US\",\"potentialAction\":[{\"@type\":\"ReadAction\",\"target\":[\"https:\/\/creandoregalos.com\/en\/producto\/cojin-personalizado\/\"]}]},{\"@type\":\"ImageObject\",\"inLanguage\":\"en-US\",\"@id\":\"https:\/\/creandoregalos.com\/en\/producto\/cojin-personalizado\/#primaryimage\",\"url\":\"https:\/\/creandoregalos.com\/wp-content\/uploads\/2025\/03\/20250302_070012_0000.png\",\"contentUrl\":\"https:\/\/creandoregalos.com\/wp-content\/uploads\/2025\/03\/20250302_070012_0000.png\",\"width\":600,\"height\":600},{\"@type\":\"BreadcrumbList\",\"@id\":\"https:\/\/creandoregalos.com\/en\/producto\/cojin-personalizado\/#breadcrumb\",\"itemListElement\":[{\"@type\":\"ListItem\",\"position\":1,\"name\":\"Portada\",\"item\":\"https:\/\/creandoregalos.com\/en\/\"},{\"@type\":\"ListItem\",\"position\":2,\"name\":\"Shop\",\"item\":\"https:\/\/creandoregalos.com\/tienda\/\"},{\"@type\":\"ListItem\",\"position\":3,\"name\":\"Coj\u00edn personalizado\"}]},{\"@type\":\"WebSite\",\"@id\":\"https:\/\/creandoregalos.com\/en\/#website\",\"url\":\"https:\/\/creandoregalos.com\/en\/\",\"name\":\"Creando Regalos\",\"description\":\"Tienda de regalos personalizados y mu\u00f1ecas newborn\",\"publisher\":{\"@id\":\"https:\/\/creandoregalos.com\/en\/#organization\"},\"potentialAction\":[{\"@type\":\"SearchAction\",\"target\":{\"@type\":\"EntryPoint\",\"urlTemplate\":\"https:\/\/creandoregalos.com\/en\/?s={search_term_string}\"},\"query-input\":{\"@type\":\"PropertyValueSpecification\",\"valueRequired\":true,\"valueName\":\"search_term_string\"}}],\"inLanguage\":\"en-US\"},{\"@type\":\"Organization\",\"@id\":\"https:\/\/creandoregalos.com\/en\/#organization\",\"name\":\"Creando Regalos\",\"url\":\"https:\/\/creandoregalos.com\/en\/\",\"logo\":{\"@type\":\"ImageObject\",\"inLanguage\":\"en-US\",\"@id\":\"https:\/\/creandoregalos.com\/en\/#\/schema\/logo\/image\/\",\"url\":\"https:\/\/creandoregalos.com\/wp-content\/uploads\/2025\/01\/Creando-regalos-logo-1.svg\",\"contentUrl\":\"https:\/\/creandoregalos.com\/wp-content\/uploads\/2025\/01\/Creando-regalos-logo-1.svg\",\"width\":286,\"height\":91,\"caption\":\"Creando Regalos\"},\"image\":{\"@id\":\"https:\/\/creandoregalos.com\/en\/#\/schema\/logo\/image\/\"}}]}<\/script>\n<!-- \/ Yoast SEO plugin. -->","yoast_head_json":{"title":"Coj\u00edn Personalizado con Foto y Texto | Decoraci\u00f3n Hogar Original","description":"Coj\u00edn personalizado con nombre, frase o imagen. Regala estilo, confort y emociones con un detalle \u00fanico para el hogar o momentos especiales.","robots":{"index":"index","follow":"follow","max-snippet":"max-snippet:-1","max-image-preview":"max-image-preview:large","max-video-preview":"max-video-preview:-1"},"canonical":"https:\/\/creandoregalos.com\/en\/producto\/cojin-personalizado\/","og_locale":"en_US","og_type":"article","og_title":"Coj\u00edn Personalizado con Foto y Texto | Decoraci\u00f3n Hogar Original","og_description":"Coj\u00edn personalizado con nombre, frase o imagen. Regala estilo, confort y emociones con un detalle \u00fanico para el hogar o momentos especiales.","og_url":"https:\/\/creandoregalos.com\/en\/producto\/cojin-personalizado\/","og_site_name":"Creando Regalos","og_image":[{"width":600,"height":600,"url":"https:\/\/creandoregalos.com\/wp-content\/uploads\/2025\/03\/20250302_070012_0000.png","type":"image\/png"}],"twitter_card":"summary_large_image","twitter_misc":{"Est. reading time":"1 minute"},"schema":{"@context":"https:\/\/schema.org","@graph":[{"@type":"WebPage","@id":"https:\/\/creandoregalos.com\/en\/producto\/cojin-personalizado\/","url":"https:\/\/creandoregalos.com\/en\/producto\/cojin-personalizado\/","name":"Coj\u00edn Personalizado con Foto y Texto | Decoraci\u00f3n Hogar Original","isPartOf":{"@id":"https:\/\/creandoregalos.com\/en\/#website"},"primaryImageOfPage":{"@id":"https:\/\/creandoregalos.com\/en\/producto\/cojin-personalizado\/#primaryimage"},"image":{"@id":"https:\/\/creandoregalos.com\/en\/producto\/cojin-personalizado\/#primaryimage"},"thumbnailUrl":"https:\/\/creandoregalos.com\/wp-content\/uploads\/2025\/03\/20250302_070012_0000.png","datePublished":"2025-03-02T06:12:42+00:00","description":"Coj\u00edn personalizado con nombre, frase o imagen. Regala estilo, confort y emociones con un detalle \u00fanico para el hogar o momentos especiales.","breadcrumb":{"@id":"https:\/\/creandoregalos.com\/en\/producto\/cojin-personalizado\/#breadcrumb"},"inLanguage":"en-US","potentialAction":[{"@type":"ReadAction","target":["https:\/\/creandoregalos.com\/en\/producto\/cojin-personalizado\/"]}]},{"@type":"ImageObject","inLanguage":"en-US","@id":"https:\/\/creandoregalos.com\/en\/producto\/cojin-personalizado\/#primaryimage","url":"https:\/\/creandoregalos.com\/wp-content\/uploads\/2025\/03\/20250302_070012_0000.png","contentUrl":"https:\/\/creandoregalos.com\/wp-content\/uploads\/2025\/03\/20250302_070012_0000.png","width":600,"height":600},{"@type":"BreadcrumbList","@id":"https:\/\/creandoregalos.com\/en\/producto\/cojin-personalizado\/#breadcrumb","itemListElement":[{"@type":"ListItem","position":1,"name":"Portada","item":"https:\/\/creandoregalos.com\/en\/"},{"@type":"ListItem","position":2,"name":"Shop","item":"https:\/\/creandoregalos.com\/tienda\/"},{"@type":"ListItem","position":3,"name":"Coj\u00edn personalizado"}]},{"@type":"WebSite","@id":"https:\/\/creandoregalos.com\/en\/#website","url":"https:\/\/creandoregalos.com\/en\/","name":"Creando Regalos","description":"Tienda de regalos personalizados y mu\u00f1ecas newborn","publisher":{"@id":"https:\/\/creandoregalos.com\/en\/#organization"},"potentialAction":[{"@type":"SearchAction","target":{"@type":"EntryPoint","urlTemplate":"https:\/\/creandoregalos.com\/en\/?s={search_term_string}"},"query-input":{"@type":"PropertyValueSpecification","valueRequired":true,"valueName":"search_term_string"}}],"inLanguage":"en-US"},{"@type":"Organization","@id":"https:\/\/creandoregalos.com\/en\/#organization","name":"Creando Regalos","url":"https:\/\/creandoregalos.com\/en\/","logo":{"@type":"ImageObject","inLanguage":"en-US","@id":"https:\/\/creandoregalos.com\/en\/#\/schema\/logo\/image\/","url":"https:\/\/creandoregalos.com\/wp-content\/uploads\/2025\/01\/Creando-regalos-logo-1.svg","contentUrl":"https:\/\/creandoregalos.com\/wp-content\/uploads\/2025\/01\/Creando-regalos-logo-1.svg","width":286,"height":91,"caption":"Creando Regalos"},"image":{"@id":"https:\/\/creandoregalos.com\/en\/#\/schema\/logo\/image\/"}}]}},"_links":{"self":[{"href":"https:\/\/creandoregalos.com\/en\/wp-json\/wp\/v2\/product\/498","targetHints":{"allow":["GET"]}}],"collection":[{"href":"https:\/\/creandoregalos.com\/en\/wp-json\/wp\/v2\/product"}],"about":[{"href":"https:\/\/creandoregalos.com\/en\/wp-json\/wp\/v2\/types\/product"}],"wp:featuredmedia":[{"embeddable":true,"href":"https:\/\/creandoregalos.com\/en\/wp-json\/wp\/v2\/media\/499"}],"wp:attachment":[{"href":"https:\/\/creandoregalos.com\/en\/wp-json\/wp\/v2\/media?parent=498"}],"wp:term":[{"taxonomy":"product_brand","embeddable":true,"href":"https:\/\/creandoregalos.com\/en\/wp-json\/wp\/v2\/product_brand?post=498"},{"taxonomy":"product_cat","embeddable":true,"href":"https:\/\/creandoregalos.com\/en\/wp-json\/wp\/v2\/product_cat?post=498"},{"taxonomy":"product_tag","embeddable":true,"href":"https:\/\/creandoregalos.com\/en\/wp-json\/wp\/v2\/product_tag?post=498"}],"curies":[{"name":"wp","href":"https:\/\/api.w.org\/{rel}","templated":true}]}}