{"id":504,"date":"2025-03-04T18:18:17","date_gmt":"2025-03-04T17:18:17","guid":{"rendered":"https:\/\/creandoregalos.com\/?post_type=product&#038;p=504"},"modified":"2025-03-04T18:18:17","modified_gmt":"2025-03-04T17:18:17","slug":"cojin-antivuelco-caramelo","status":"publish","type":"product","link":"https:\/\/creandoregalos.com\/en\/producto\/cojin-antivuelco-caramelo\/","title":{"rendered":"Coj\u00edn antivuelco (caramelo)"},"content":{"rendered":"<h3><\/h3>\n<p>Cuando se trata del bienestar de tu beb\u00e9, cada detalle cuenta. Nuestro coj\u00edn antivuelco personalizado ha sido dise\u00f1ado pensando en la comodidad, la seguridad y, sobre todo, en la tranquilidad de los padres.<\/p>\n<p><strong>\u00bfPor qu\u00e9 elegir nuestro coj\u00edn antivuelco?<\/strong><\/p>\n<ol start=\"1\">\n<li><strong>Seguridad garantizada:<\/strong> Ayuda a evitar que el beb\u00e9 cambie de posici\u00f3n mientras duerme, promoviendo una postura segura y confortable.<\/li>\n<li><strong>Dise\u00f1o ergon\u00f3mico:<\/strong> Su forma se adapta suavemente al cuerpo del beb\u00e9, asegurando un soporte c\u00f3modo y natural.<\/li>\n<li><strong>Personalizaci\u00f3n \u00fanica:<\/strong> \u00a1Elige los colores, dise\u00f1os y a\u00f1ade el nombre de tu beb\u00e9 para hacerlo totalmente exclusivo!<\/li>\n<li><strong>Materiales de calidad:<\/strong> Fabricado con tejidos hipoalerg\u00e9nicos y transpirables, seguros para la piel sensible del beb\u00e9.<\/li>\n<\/ol>\n","protected":false},"excerpt":{"rendered":"<h3><strong>El coj\u00edn antivuelco personalizado que cuida y acompa\u00f1a a tu beb\u00e9<\/strong><\/h3>\n<p>Cuando se trata del bienestar de tu beb\u00e9, cada detalle cuenta. Nuestro coj\u00edn antivuelco personalizado ha sido dise\u00f1ado pensando en la comodidad, la seguridad y, sobre todo, en la tranquilidad de los padres.<\/p>\n<p><strong>\u00bfPor qu\u00e9 elegir nuestro coj\u00edn antivuelco?<\/strong><\/p>\n<ol start=\"1\">\n<li><strong>Seguridad garantizada:<\/strong> Ayuda a evitar que el beb\u00e9 cambie de posici\u00f3n mientras duerme, promoviendo una postura segura y confortable.<\/li>\n<li><strong>Dise\u00f1o ergon\u00f3mico:<\/strong> Su forma se adapta suavemente al cuerpo del beb\u00e9, asegurando un soporte c\u00f3modo y natural.<\/li>\n<li><strong>Personalizaci\u00f3n \u00fanica:<\/strong> \u00a1Elige los colores, dise\u00f1os y a\u00f1ade el nombre de tu beb\u00e9 para hacerlo totalmente exclusivo!<\/li>\n<li><strong>Materiales de calidad:<\/strong> Fabricado con tejidos hipoalerg\u00e9nicos y transpirables, seguros para la piel sensible del beb\u00e9.<\/li>\n<\/ol>\n","protected":false},"featured_media":508,"template":"","meta":{"site-sidebar-layout":"default","site-content-layout":"","ast-site-content-layout":"default","site-content-style":"default","site-sidebar-style":"default","ast-global-header-display":"","ast-banner-title-visibility":"","ast-main-header-display":"","ast-hfb-above-header-display":"","ast-hfb-below-header-display":"","ast-hfb-mobile-header-display":"","site-post-title":"","ast-breadcrumbs-content":"","ast-featured-img":"","footer-sml-layout":"","theme-transparent-header-meta":"default","adv-header-id-meta":"","stick-header-meta":"","header-above-stick-meta":"","header-main-stick-meta":"","header-below-stick-meta":"","astra-migrate-meta-layouts":"set","ast-page-background-enabled":"default","ast-page-background-meta":{"desktop":{"background-color":"var(--ast-global-color-4)","background-image":"","background-repeat":"repeat","background-position":"center center","background-size":"auto","background-attachment":"scroll","background-type":"","background-media":"","overlay-type":"","overlay-color":"","overlay-opacity":"","overlay-gradient":""},"tablet":{"background-color":"","background-image":"","background-repeat":"repeat","background-position":"center center","background-size":"auto","background-attachment":"scroll","background-type":"","background-media":"","overlay-type":"","overlay-color":"","overlay-opacity":"","overlay-gradient":""},"mobile":{"background-color":"","background-image":"","background-repeat":"repeat","background-position":"center center","background-size":"auto","background-attachment":"scroll","background-type":"","background-media":"","overlay-type":"","overlay-color":"","overlay-opacity":"","overlay-gradient":""}},"ast-content-background-meta":{"desktop":{"background-color":"var(--ast-global-color-5)","background-image":"","background-repeat":"repeat","background-position":"center center","background-size":"auto","background-attachment":"scroll","background-type":"","background-media":"","overlay-type":"","overlay-color":"","overlay-opacity":"","overlay-gradient":""},"tablet":{"background-color":"var(--ast-global-color-5)","background-image":"","background-repeat":"repeat","background-position":"center center","background-size":"auto","background-attachment":"scroll","background-type":"","background-media":"","overlay-type":"","overlay-color":"","overlay-opacity":"","overlay-gradient":""},"mobile":{"background-color":"var(--ast-global-color-5)","background-image":"","background-repeat":"repeat","background-position":"center center","background-size":"auto","background-attachment":"scroll","background-type":"","background-media":"","overlay-type":"","overlay-color":"","overlay-opacity":"","overlay-gradient":""}}},"product_brand":[],"product_cat":[41,34],"product_tag":[],"class_list":{"0":"post-504","1":"product","2":"type-product","3":"status-publish","4":"has-post-thumbnail","6":"product_cat-caramelos","7":"product_cat-regalos-bebe-personalizados","8":"desktop-align-left","9":"tablet-align-left","10":"mobile-align-left","12":"first","13":"instock","14":"taxable","15":"shipping-taxable","16":"purchasable","17":"product-type-simple"},"yoast_head":"<!-- This site is optimized with the Yoast SEO plugin v26.2 - https:\/\/yoast.com\/wordpress\/plugins\/seo\/ -->\n<title>Coj\u00edn Antivuelco Caramelo Personalizado | Beb\u00e9 Seguro y C\u00f3modo<\/title>\n<meta name=\"description\" content=\"Coj\u00edn antivuelco personalizado: seguridad, confort y dise\u00f1o exclusivo para tu beb\u00e9. Personal\u00edzalo con su nombre y colores favoritos. Hecho con tejidos hipoalerg\u00e9nicos.\" \/>\n<meta name=\"robots\" content=\"index, follow, max-snippet:-1, max-image-preview:large, max-video-preview:-1\" \/>\n<link rel=\"canonical\" href=\"https:\/\/creandoregalos.com\/en\/producto\/cojin-antivuelco-caramelo\/\" \/>\n<meta property=\"og:locale\" content=\"en_US\" \/>\n<meta property=\"og:type\" content=\"article\" \/>\n<meta property=\"og:title\" content=\"Coj\u00edn Antivuelco Caramelo Personalizado | Beb\u00e9 Seguro y C\u00f3modo\" \/>\n<meta property=\"og:description\" content=\"Coj\u00edn antivuelco personalizado: seguridad, confort y dise\u00f1o exclusivo para tu beb\u00e9. Personal\u00edzalo con su nombre y colores favoritos. Hecho con tejidos hipoalerg\u00e9nicos.\" \/>\n<meta property=\"og:url\" content=\"https:\/\/creandoregalos.com\/en\/producto\/cojin-antivuelco-caramelo\/\" \/>\n<meta property=\"og:site_name\" content=\"Creando Regalos\" \/>\n<meta property=\"og:image\" content=\"https:\/\/creandoregalos.com\/wp-content\/uploads\/2025\/03\/1000005301.png\" \/>\n\t<meta property=\"og:image:width\" content=\"1500\" \/>\n\t<meta property=\"og:image:height\" content=\"2000\" \/>\n\t<meta property=\"og:image:type\" content=\"image\/png\" \/>\n<meta name=\"twitter:card\" content=\"summary_large_image\" \/>\n<meta name=\"twitter:label1\" content=\"Est. reading time\" \/>\n\t<meta name=\"twitter:data1\" content=\"1 minute\" \/>\n<script type=\"application\/ld+json\" class=\"yoast-schema-graph\">{\"@context\":\"https:\/\/schema.org\",\"@graph\":[{\"@type\":\"WebPage\",\"@id\":\"https:\/\/creandoregalos.com\/en\/producto\/cojin-antivuelco-caramelo\/\",\"url\":\"https:\/\/creandoregalos.com\/en\/producto\/cojin-antivuelco-caramelo\/\",\"name\":\"Coj\u00edn Antivuelco Caramelo Personalizado | Beb\u00e9 Seguro y C\u00f3modo\",\"isPartOf\":{\"@id\":\"https:\/\/creandoregalos.com\/en\/#website\"},\"primaryImageOfPage\":{\"@id\":\"https:\/\/creandoregalos.com\/en\/producto\/cojin-antivuelco-caramelo\/#primaryimage\"},\"image\":{\"@id\":\"https:\/\/creandoregalos.com\/en\/producto\/cojin-antivuelco-caramelo\/#primaryimage\"},\"thumbnailUrl\":\"https:\/\/creandoregalos.com\/wp-content\/uploads\/2025\/03\/1000005301.png\",\"datePublished\":\"2025-03-04T17:18:17+00:00\",\"description\":\"Coj\u00edn antivuelco personalizado: seguridad, confort y dise\u00f1o exclusivo para tu beb\u00e9. Personal\u00edzalo con su nombre y colores favoritos. Hecho con tejidos hipoalerg\u00e9nicos.\",\"breadcrumb\":{\"@id\":\"https:\/\/creandoregalos.com\/en\/producto\/cojin-antivuelco-caramelo\/#breadcrumb\"},\"inLanguage\":\"en-US\",\"potentialAction\":[{\"@type\":\"ReadAction\",\"target\":[\"https:\/\/creandoregalos.com\/en\/producto\/cojin-antivuelco-caramelo\/\"]}]},{\"@type\":\"ImageObject\",\"inLanguage\":\"en-US\",\"@id\":\"https:\/\/creandoregalos.com\/en\/producto\/cojin-antivuelco-caramelo\/#primaryimage\",\"url\":\"https:\/\/creandoregalos.com\/wp-content\/uploads\/2025\/03\/1000005301.png\",\"contentUrl\":\"https:\/\/creandoregalos.com\/wp-content\/uploads\/2025\/03\/1000005301.png\",\"width\":1500,\"height\":2000},{\"@type\":\"BreadcrumbList\",\"@id\":\"https:\/\/creandoregalos.com\/en\/producto\/cojin-antivuelco-caramelo\/#breadcrumb\",\"itemListElement\":[{\"@type\":\"ListItem\",\"position\":1,\"name\":\"Portada\",\"item\":\"https:\/\/creandoregalos.com\/en\/\"},{\"@type\":\"ListItem\",\"position\":2,\"name\":\"Shop\",\"item\":\"https:\/\/creandoregalos.com\/tienda\/\"},{\"@type\":\"ListItem\",\"position\":3,\"name\":\"Coj\u00edn antivuelco (caramelo)\"}]},{\"@type\":\"WebSite\",\"@id\":\"https:\/\/creandoregalos.com\/en\/#website\",\"url\":\"https:\/\/creandoregalos.com\/en\/\",\"name\":\"Creando Regalos\",\"description\":\"Tienda de regalos personalizados y mu\u00f1ecas newborn\",\"publisher\":{\"@id\":\"https:\/\/creandoregalos.com\/en\/#organization\"},\"potentialAction\":[{\"@type\":\"SearchAction\",\"target\":{\"@type\":\"EntryPoint\",\"urlTemplate\":\"https:\/\/creandoregalos.com\/en\/?s={search_term_string}\"},\"query-input\":{\"@type\":\"PropertyValueSpecification\",\"valueRequired\":true,\"valueName\":\"search_term_string\"}}],\"inLanguage\":\"en-US\"},{\"@type\":\"Organization\",\"@id\":\"https:\/\/creandoregalos.com\/en\/#organization\",\"name\":\"Creando Regalos\",\"url\":\"https:\/\/creandoregalos.com\/en\/\",\"logo\":{\"@type\":\"ImageObject\",\"inLanguage\":\"en-US\",\"@id\":\"https:\/\/creandoregalos.com\/en\/#\/schema\/logo\/image\/\",\"url\":\"https:\/\/creandoregalos.com\/wp-content\/uploads\/2025\/01\/Creando-regalos-logo-1.svg\",\"contentUrl\":\"https:\/\/creandoregalos.com\/wp-content\/uploads\/2025\/01\/Creando-regalos-logo-1.svg\",\"width\":286,\"height\":91,\"caption\":\"Creando Regalos\"},\"image\":{\"@id\":\"https:\/\/creandoregalos.com\/en\/#\/schema\/logo\/image\/\"}}]}<\/script>\n<!-- \/ Yoast SEO plugin. -->","yoast_head_json":{"title":"Coj\u00edn Antivuelco Caramelo Personalizado | Beb\u00e9 Seguro y C\u00f3modo","description":"Coj\u00edn antivuelco personalizado: seguridad, confort y dise\u00f1o exclusivo para tu beb\u00e9. Personal\u00edzalo con su nombre y colores favoritos. Hecho con tejidos hipoalerg\u00e9nicos.","robots":{"index":"index","follow":"follow","max-snippet":"max-snippet:-1","max-image-preview":"max-image-preview:large","max-video-preview":"max-video-preview:-1"},"canonical":"https:\/\/creandoregalos.com\/en\/producto\/cojin-antivuelco-caramelo\/","og_locale":"en_US","og_type":"article","og_title":"Coj\u00edn Antivuelco Caramelo Personalizado | Beb\u00e9 Seguro y C\u00f3modo","og_description":"Coj\u00edn antivuelco personalizado: seguridad, confort y dise\u00f1o exclusivo para tu beb\u00e9. Personal\u00edzalo con su nombre y colores favoritos. Hecho con tejidos hipoalerg\u00e9nicos.","og_url":"https:\/\/creandoregalos.com\/en\/producto\/cojin-antivuelco-caramelo\/","og_site_name":"Creando Regalos","og_image":[{"width":1500,"height":2000,"url":"https:\/\/creandoregalos.com\/wp-content\/uploads\/2025\/03\/1000005301.png","type":"image\/png"}],"twitter_card":"summary_large_image","twitter_misc":{"Est. reading time":"1 minute"},"schema":{"@context":"https:\/\/schema.org","@graph":[{"@type":"WebPage","@id":"https:\/\/creandoregalos.com\/en\/producto\/cojin-antivuelco-caramelo\/","url":"https:\/\/creandoregalos.com\/en\/producto\/cojin-antivuelco-caramelo\/","name":"Coj\u00edn Antivuelco Caramelo Personalizado | Beb\u00e9 Seguro y C\u00f3modo","isPartOf":{"@id":"https:\/\/creandoregalos.com\/en\/#website"},"primaryImageOfPage":{"@id":"https:\/\/creandoregalos.com\/en\/producto\/cojin-antivuelco-caramelo\/#primaryimage"},"image":{"@id":"https:\/\/creandoregalos.com\/en\/producto\/cojin-antivuelco-caramelo\/#primaryimage"},"thumbnailUrl":"https:\/\/creandoregalos.com\/wp-content\/uploads\/2025\/03\/1000005301.png","datePublished":"2025-03-04T17:18:17+00:00","description":"Coj\u00edn antivuelco personalizado: seguridad, confort y dise\u00f1o exclusivo para tu beb\u00e9. Personal\u00edzalo con su nombre y colores favoritos. Hecho con tejidos hipoalerg\u00e9nicos.","breadcrumb":{"@id":"https:\/\/creandoregalos.com\/en\/producto\/cojin-antivuelco-caramelo\/#breadcrumb"},"inLanguage":"en-US","potentialAction":[{"@type":"ReadAction","target":["https:\/\/creandoregalos.com\/en\/producto\/cojin-antivuelco-caramelo\/"]}]},{"@type":"ImageObject","inLanguage":"en-US","@id":"https:\/\/creandoregalos.com\/en\/producto\/cojin-antivuelco-caramelo\/#primaryimage","url":"https:\/\/creandoregalos.com\/wp-content\/uploads\/2025\/03\/1000005301.png","contentUrl":"https:\/\/creandoregalos.com\/wp-content\/uploads\/2025\/03\/1000005301.png","width":1500,"height":2000},{"@type":"BreadcrumbList","@id":"https:\/\/creandoregalos.com\/en\/producto\/cojin-antivuelco-caramelo\/#breadcrumb","itemListElement":[{"@type":"ListItem","position":1,"name":"Portada","item":"https:\/\/creandoregalos.com\/en\/"},{"@type":"ListItem","position":2,"name":"Shop","item":"https:\/\/creandoregalos.com\/tienda\/"},{"@type":"ListItem","position":3,"name":"Coj\u00edn antivuelco (caramelo)"}]},{"@type":"WebSite","@id":"https:\/\/creandoregalos.com\/en\/#website","url":"https:\/\/creandoregalos.com\/en\/","name":"Creando Regalos","description":"Tienda de regalos personalizados y mu\u00f1ecas newborn","publisher":{"@id":"https:\/\/creandoregalos.com\/en\/#organization"},"potentialAction":[{"@type":"SearchAction","target":{"@type":"EntryPoint","urlTemplate":"https:\/\/creandoregalos.com\/en\/?s={search_term_string}"},"query-input":{"@type":"PropertyValueSpecification","valueRequired":true,"valueName":"search_term_string"}}],"inLanguage":"en-US"},{"@type":"Organization","@id":"https:\/\/creandoregalos.com\/en\/#organization","name":"Creando Regalos","url":"https:\/\/creandoregalos.com\/en\/","logo":{"@type":"ImageObject","inLanguage":"en-US","@id":"https:\/\/creandoregalos.com\/en\/#\/schema\/logo\/image\/","url":"https:\/\/creandoregalos.com\/wp-content\/uploads\/2025\/01\/Creando-regalos-logo-1.svg","contentUrl":"https:\/\/creandoregalos.com\/wp-content\/uploads\/2025\/01\/Creando-regalos-logo-1.svg","width":286,"height":91,"caption":"Creando Regalos"},"image":{"@id":"https:\/\/creandoregalos.com\/en\/#\/schema\/logo\/image\/"}}]}},"_links":{"self":[{"href":"https:\/\/creandoregalos.com\/en\/wp-json\/wp\/v2\/product\/504","targetHints":{"allow":["GET"]}}],"collection":[{"href":"https:\/\/creandoregalos.com\/en\/wp-json\/wp\/v2\/product"}],"about":[{"href":"https:\/\/creandoregalos.com\/en\/wp-json\/wp\/v2\/types\/product"}],"wp:featuredmedia":[{"embeddable":true,"href":"https:\/\/creandoregalos.com\/en\/wp-json\/wp\/v2\/media\/508"}],"wp:attachment":[{"href":"https:\/\/creandoregalos.com\/en\/wp-json\/wp\/v2\/media?parent=504"}],"wp:term":[{"taxonomy":"product_brand","embeddable":true,"href":"https:\/\/creandoregalos.com\/en\/wp-json\/wp\/v2\/product_brand?post=504"},{"taxonomy":"product_cat","embeddable":true,"href":"https:\/\/creandoregalos.com\/en\/wp-json\/wp\/v2\/product_cat?post=504"},{"taxonomy":"product_tag","embeddable":true,"href":"https:\/\/creandoregalos.com\/en\/wp-json\/wp\/v2\/product_tag?post=504"}],"curies":[{"name":"wp","href":"https:\/\/api.w.org\/{rel}","templated":true}]}}