{"id":730,"date":"2025-04-14T11:45:04","date_gmt":"2025-04-14T09:45:04","guid":{"rendered":"https:\/\/creandoregalos.com\/?post_type=product&#038;p=730"},"modified":"2025-04-14T11:45:05","modified_gmt":"2025-04-14T09:45:05","slug":"taza-ceramica-personalizada","status":"publish","type":"product","link":"https:\/\/creandoregalos.com\/en\/producto\/taza-ceramica-personalizada\/","title":{"rendered":"Taza cer\u00e1mica personalizada"},"content":{"rendered":"<p>\u00a1Convierte una simple taza en una obra \u00fanica que habla de ti! Dise\u00f1amos tazas personalizadas para que lleves tus recuerdos, tus frases favoritas o incluso tus propios dise\u00f1os a cada sorbo de caf\u00e9 o t\u00e9.<\/p>\n<p>\u2705 <strong>Originalidad<\/strong>: Nadie tendr\u00e1 una igual. \u2705 <strong>Calidad Premium<\/strong>: Resistente al uso diario y apta para microondas y lavavajillas. \u2705 <strong>Regalo Perfecto<\/strong>: Sorprende a tus seres queridos con un detalle especial y significativo.<\/p>\n<p>\u00a1Haz que cada ma\u00f1ana sea m\u00e1s personal y especial con nuestras tazas personalizadas! \ud83c\udf1f<\/p>\n","protected":false},"excerpt":{"rendered":"<p>\u00a1Convierte una simple taza en una obra \u00fanica que habla de ti! Dise\u00f1amos tazas personalizadas para que lleves tus recuerdos, tus frases favoritas o incluso tus propios dise\u00f1os a cada sorbo de caf\u00e9 o t\u00e9.<\/p>\n<p>\u2705 <strong>Originalidad<\/strong>: Nadie tendr\u00e1 una igual. \u2705 <strong>Calidad Premium<\/strong>: Resistente al uso diario y apta para microondas y lavavajillas. \u2705 <strong>Regalo Perfecto<\/strong>: Sorprende a tus seres queridos con un detalle especial y significativo.<\/p>\n<p>\u00a1Haz que cada ma\u00f1ana sea m\u00e1s personal y especial con nuestras tazas personalizadas! \ud83c\udf1f<\/p>\n","protected":false},"featured_media":731,"template":"","meta":{"site-sidebar-layout":"default","site-content-layout":"","ast-site-content-layout":"default","site-content-style":"default","site-sidebar-style":"default","ast-global-header-display":"","ast-banner-title-visibility":"","ast-main-header-display":"","ast-hfb-above-header-display":"","ast-hfb-below-header-display":"","ast-hfb-mobile-header-display":"","site-post-title":"","ast-breadcrumbs-content":"","ast-featured-img":"","footer-sml-layout":"","theme-transparent-header-meta":"default","adv-header-id-meta":"","stick-header-meta":"","header-above-stick-meta":"","header-main-stick-meta":"","header-below-stick-meta":"","astra-migrate-meta-layouts":"set","ast-page-background-enabled":"default","ast-page-background-meta":{"desktop":{"background-color":"var(--ast-global-color-4)","background-image":"","background-repeat":"repeat","background-position":"center center","background-size":"auto","background-attachment":"scroll","background-type":"","background-media":"","overlay-type":"","overlay-color":"","overlay-opacity":"","overlay-gradient":""},"tablet":{"background-color":"","background-image":"","background-repeat":"repeat","background-position":"center center","background-size":"auto","background-attachment":"scroll","background-type":"","background-media":"","overlay-type":"","overlay-color":"","overlay-opacity":"","overlay-gradient":""},"mobile":{"background-color":"","background-image":"","background-repeat":"repeat","background-position":"center center","background-size":"auto","background-attachment":"scroll","background-type":"","background-media":"","overlay-type":"","overlay-color":"","overlay-opacity":"","overlay-gradient":""}},"ast-content-background-meta":{"desktop":{"background-color":"var(--ast-global-color-5)","background-image":"","background-repeat":"repeat","background-position":"center center","background-size":"auto","background-attachment":"scroll","background-type":"","background-media":"","overlay-type":"","overlay-color":"","overlay-opacity":"","overlay-gradient":""},"tablet":{"background-color":"var(--ast-global-color-5)","background-image":"","background-repeat":"repeat","background-position":"center center","background-size":"auto","background-attachment":"scroll","background-type":"","background-media":"","overlay-type":"","overlay-color":"","overlay-opacity":"","overlay-gradient":""},"mobile":{"background-color":"var(--ast-global-color-5)","background-image":"","background-repeat":"repeat","background-position":"center center","background-size":"auto","background-attachment":"scroll","background-type":"","background-media":"","overlay-type":"","overlay-color":"","overlay-opacity":"","overlay-gradient":""}}},"product_brand":[],"product_cat":[44,45],"product_tag":[79,80],"class_list":{"0":"post-730","1":"product","2":"type-product","3":"status-publish","4":"has-post-thumbnail","6":"product_cat-regalos-personalizados","7":"product_cat-tazas","8":"product_tag-tazas","9":"product_tag-tazas-personalizadas","10":"desktop-align-left","11":"tablet-align-left","12":"mobile-align-left","14":"first","15":"instock","16":"taxable","17":"shipping-taxable","18":"purchasable","19":"product-type-simple"},"yoast_head":"<!-- This site is optimized with the Yoast SEO plugin v26.2 - https:\/\/yoast.com\/wordpress\/plugins\/seo\/ -->\n<title>Taza Cer\u00e1mica Personalizada con Foto y Texto | Regalos \u00danicos<\/title>\n<meta name=\"description\" content=\"Taza de cer\u00e1mica personalizada con foto, nombre o dise\u00f1o. Apta microondas y lavavajillas, impresi\u00f3n duradera. Regalo \u00fanico y funcional. \u00a1Crea la tuya!\" \/>\n<meta name=\"robots\" content=\"index, follow, max-snippet:-1, max-image-preview:large, max-video-preview:-1\" \/>\n<link rel=\"canonical\" href=\"https:\/\/creandoregalos.com\/en\/producto\/taza-ceramica-personalizada\/\" \/>\n<meta property=\"og:locale\" content=\"en_US\" \/>\n<meta property=\"og:type\" content=\"article\" \/>\n<meta property=\"og:title\" content=\"Taza Cer\u00e1mica Personalizada con Foto y Texto | Regalos \u00danicos\" \/>\n<meta property=\"og:description\" content=\"Taza de cer\u00e1mica personalizada con foto, nombre o dise\u00f1o. Apta microondas y lavavajillas, impresi\u00f3n duradera. Regalo \u00fanico y funcional. \u00a1Crea la tuya!\" \/>\n<meta property=\"og:url\" content=\"https:\/\/creandoregalos.com\/en\/producto\/taza-ceramica-personalizada\/\" \/>\n<meta property=\"og:site_name\" content=\"Creando Regalos\" \/>\n<meta property=\"article:modified_time\" content=\"2025-04-14T09:45:05+00:00\" \/>\n<meta property=\"og:image\" content=\"https:\/\/creandoregalos.com\/wp-content\/uploads\/2025\/04\/Imagen-de-WhatsApp-2025-04-14-a-las-11.22.48_908b0190.jpg\" \/>\n\t<meta property=\"og:image:width\" content=\"2000\" \/>\n\t<meta property=\"og:image:height\" content=\"2000\" \/>\n\t<meta property=\"og:image:type\" content=\"image\/jpeg\" \/>\n<meta name=\"twitter:card\" content=\"summary_large_image\" \/>\n<meta name=\"twitter:label1\" content=\"Est. reading time\" \/>\n\t<meta name=\"twitter:data1\" content=\"1 minute\" \/>\n<script type=\"application\/ld+json\" class=\"yoast-schema-graph\">{\"@context\":\"https:\/\/schema.org\",\"@graph\":[{\"@type\":\"WebPage\",\"@id\":\"https:\/\/creandoregalos.com\/en\/producto\/taza-ceramica-personalizada\/\",\"url\":\"https:\/\/creandoregalos.com\/en\/producto\/taza-ceramica-personalizada\/\",\"name\":\"Taza Cer\u00e1mica Personalizada con Foto y Texto | Regalos \u00danicos\",\"isPartOf\":{\"@id\":\"https:\/\/creandoregalos.com\/en\/#website\"},\"primaryImageOfPage\":{\"@id\":\"https:\/\/creandoregalos.com\/en\/producto\/taza-ceramica-personalizada\/#primaryimage\"},\"image\":{\"@id\":\"https:\/\/creandoregalos.com\/en\/producto\/taza-ceramica-personalizada\/#primaryimage\"},\"thumbnailUrl\":\"https:\/\/creandoregalos.com\/wp-content\/uploads\/2025\/04\/Imagen-de-WhatsApp-2025-04-14-a-las-11.22.48_908b0190.jpg\",\"datePublished\":\"2025-04-14T09:45:04+00:00\",\"dateModified\":\"2025-04-14T09:45:05+00:00\",\"description\":\"Taza de cer\u00e1mica personalizada con foto, nombre o dise\u00f1o. Apta microondas y lavavajillas, impresi\u00f3n duradera. Regalo \u00fanico y funcional. \u00a1Crea la tuya!\",\"breadcrumb\":{\"@id\":\"https:\/\/creandoregalos.com\/en\/producto\/taza-ceramica-personalizada\/#breadcrumb\"},\"inLanguage\":\"en-US\",\"potentialAction\":[{\"@type\":\"ReadAction\",\"target\":[\"https:\/\/creandoregalos.com\/en\/producto\/taza-ceramica-personalizada\/\"]}]},{\"@type\":\"ImageObject\",\"inLanguage\":\"en-US\",\"@id\":\"https:\/\/creandoregalos.com\/en\/producto\/taza-ceramica-personalizada\/#primaryimage\",\"url\":\"https:\/\/creandoregalos.com\/wp-content\/uploads\/2025\/04\/Imagen-de-WhatsApp-2025-04-14-a-las-11.22.48_908b0190.jpg\",\"contentUrl\":\"https:\/\/creandoregalos.com\/wp-content\/uploads\/2025\/04\/Imagen-de-WhatsApp-2025-04-14-a-las-11.22.48_908b0190.jpg\",\"width\":2000,\"height\":2000},{\"@type\":\"BreadcrumbList\",\"@id\":\"https:\/\/creandoregalos.com\/en\/producto\/taza-ceramica-personalizada\/#breadcrumb\",\"itemListElement\":[{\"@type\":\"ListItem\",\"position\":1,\"name\":\"Portada\",\"item\":\"https:\/\/creandoregalos.com\/en\/\"},{\"@type\":\"ListItem\",\"position\":2,\"name\":\"Shop\",\"item\":\"https:\/\/creandoregalos.com\/tienda\/\"},{\"@type\":\"ListItem\",\"position\":3,\"name\":\"Taza cer\u00e1mica personalizada\"}]},{\"@type\":\"WebSite\",\"@id\":\"https:\/\/creandoregalos.com\/en\/#website\",\"url\":\"https:\/\/creandoregalos.com\/en\/\",\"name\":\"Creando Regalos\",\"description\":\"Tienda de regalos personalizados y mu\u00f1ecas newborn\",\"publisher\":{\"@id\":\"https:\/\/creandoregalos.com\/en\/#organization\"},\"potentialAction\":[{\"@type\":\"SearchAction\",\"target\":{\"@type\":\"EntryPoint\",\"urlTemplate\":\"https:\/\/creandoregalos.com\/en\/?s={search_term_string}\"},\"query-input\":{\"@type\":\"PropertyValueSpecification\",\"valueRequired\":true,\"valueName\":\"search_term_string\"}}],\"inLanguage\":\"en-US\"},{\"@type\":\"Organization\",\"@id\":\"https:\/\/creandoregalos.com\/en\/#organization\",\"name\":\"Creando Regalos\",\"url\":\"https:\/\/creandoregalos.com\/en\/\",\"logo\":{\"@type\":\"ImageObject\",\"inLanguage\":\"en-US\",\"@id\":\"https:\/\/creandoregalos.com\/en\/#\/schema\/logo\/image\/\",\"url\":\"https:\/\/creandoregalos.com\/wp-content\/uploads\/2025\/01\/Creando-regalos-logo-1.svg\",\"contentUrl\":\"https:\/\/creandoregalos.com\/wp-content\/uploads\/2025\/01\/Creando-regalos-logo-1.svg\",\"width\":286,\"height\":91,\"caption\":\"Creando Regalos\"},\"image\":{\"@id\":\"https:\/\/creandoregalos.com\/en\/#\/schema\/logo\/image\/\"}}]}<\/script>\n<!-- \/ Yoast SEO plugin. -->","yoast_head_json":{"title":"Taza Cer\u00e1mica Personalizada con Foto y Texto | Regalos \u00danicos","description":"Taza de cer\u00e1mica personalizada con foto, nombre o dise\u00f1o. Apta microondas y lavavajillas, impresi\u00f3n duradera. Regalo \u00fanico y funcional. \u00a1Crea la tuya!","robots":{"index":"index","follow":"follow","max-snippet":"max-snippet:-1","max-image-preview":"max-image-preview:large","max-video-preview":"max-video-preview:-1"},"canonical":"https:\/\/creandoregalos.com\/en\/producto\/taza-ceramica-personalizada\/","og_locale":"en_US","og_type":"article","og_title":"Taza Cer\u00e1mica Personalizada con Foto y Texto | Regalos \u00danicos","og_description":"Taza de cer\u00e1mica personalizada con foto, nombre o dise\u00f1o. Apta microondas y lavavajillas, impresi\u00f3n duradera. Regalo \u00fanico y funcional. \u00a1Crea la tuya!","og_url":"https:\/\/creandoregalos.com\/en\/producto\/taza-ceramica-personalizada\/","og_site_name":"Creando Regalos","article_modified_time":"2025-04-14T09:45:05+00:00","og_image":[{"width":2000,"height":2000,"url":"https:\/\/creandoregalos.com\/wp-content\/uploads\/2025\/04\/Imagen-de-WhatsApp-2025-04-14-a-las-11.22.48_908b0190.jpg","type":"image\/jpeg"}],"twitter_card":"summary_large_image","twitter_misc":{"Est. reading time":"1 minute"},"schema":{"@context":"https:\/\/schema.org","@graph":[{"@type":"WebPage","@id":"https:\/\/creandoregalos.com\/en\/producto\/taza-ceramica-personalizada\/","url":"https:\/\/creandoregalos.com\/en\/producto\/taza-ceramica-personalizada\/","name":"Taza Cer\u00e1mica Personalizada con Foto y Texto | Regalos \u00danicos","isPartOf":{"@id":"https:\/\/creandoregalos.com\/en\/#website"},"primaryImageOfPage":{"@id":"https:\/\/creandoregalos.com\/en\/producto\/taza-ceramica-personalizada\/#primaryimage"},"image":{"@id":"https:\/\/creandoregalos.com\/en\/producto\/taza-ceramica-personalizada\/#primaryimage"},"thumbnailUrl":"https:\/\/creandoregalos.com\/wp-content\/uploads\/2025\/04\/Imagen-de-WhatsApp-2025-04-14-a-las-11.22.48_908b0190.jpg","datePublished":"2025-04-14T09:45:04+00:00","dateModified":"2025-04-14T09:45:05+00:00","description":"Taza de cer\u00e1mica personalizada con foto, nombre o dise\u00f1o. Apta microondas y lavavajillas, impresi\u00f3n duradera. Regalo \u00fanico y funcional. \u00a1Crea la tuya!","breadcrumb":{"@id":"https:\/\/creandoregalos.com\/en\/producto\/taza-ceramica-personalizada\/#breadcrumb"},"inLanguage":"en-US","potentialAction":[{"@type":"ReadAction","target":["https:\/\/creandoregalos.com\/en\/producto\/taza-ceramica-personalizada\/"]}]},{"@type":"ImageObject","inLanguage":"en-US","@id":"https:\/\/creandoregalos.com\/en\/producto\/taza-ceramica-personalizada\/#primaryimage","url":"https:\/\/creandoregalos.com\/wp-content\/uploads\/2025\/04\/Imagen-de-WhatsApp-2025-04-14-a-las-11.22.48_908b0190.jpg","contentUrl":"https:\/\/creandoregalos.com\/wp-content\/uploads\/2025\/04\/Imagen-de-WhatsApp-2025-04-14-a-las-11.22.48_908b0190.jpg","width":2000,"height":2000},{"@type":"BreadcrumbList","@id":"https:\/\/creandoregalos.com\/en\/producto\/taza-ceramica-personalizada\/#breadcrumb","itemListElement":[{"@type":"ListItem","position":1,"name":"Portada","item":"https:\/\/creandoregalos.com\/en\/"},{"@type":"ListItem","position":2,"name":"Shop","item":"https:\/\/creandoregalos.com\/tienda\/"},{"@type":"ListItem","position":3,"name":"Taza cer\u00e1mica personalizada"}]},{"@type":"WebSite","@id":"https:\/\/creandoregalos.com\/en\/#website","url":"https:\/\/creandoregalos.com\/en\/","name":"Creando Regalos","description":"Tienda de regalos personalizados y mu\u00f1ecas newborn","publisher":{"@id":"https:\/\/creandoregalos.com\/en\/#organization"},"potentialAction":[{"@type":"SearchAction","target":{"@type":"EntryPoint","urlTemplate":"https:\/\/creandoregalos.com\/en\/?s={search_term_string}"},"query-input":{"@type":"PropertyValueSpecification","valueRequired":true,"valueName":"search_term_string"}}],"inLanguage":"en-US"},{"@type":"Organization","@id":"https:\/\/creandoregalos.com\/en\/#organization","name":"Creando Regalos","url":"https:\/\/creandoregalos.com\/en\/","logo":{"@type":"ImageObject","inLanguage":"en-US","@id":"https:\/\/creandoregalos.com\/en\/#\/schema\/logo\/image\/","url":"https:\/\/creandoregalos.com\/wp-content\/uploads\/2025\/01\/Creando-regalos-logo-1.svg","contentUrl":"https:\/\/creandoregalos.com\/wp-content\/uploads\/2025\/01\/Creando-regalos-logo-1.svg","width":286,"height":91,"caption":"Creando Regalos"},"image":{"@id":"https:\/\/creandoregalos.com\/en\/#\/schema\/logo\/image\/"}}]}},"_links":{"self":[{"href":"https:\/\/creandoregalos.com\/en\/wp-json\/wp\/v2\/product\/730","targetHints":{"allow":["GET"]}}],"collection":[{"href":"https:\/\/creandoregalos.com\/en\/wp-json\/wp\/v2\/product"}],"about":[{"href":"https:\/\/creandoregalos.com\/en\/wp-json\/wp\/v2\/types\/product"}],"wp:featuredmedia":[{"embeddable":true,"href":"https:\/\/creandoregalos.com\/en\/wp-json\/wp\/v2\/media\/731"}],"wp:attachment":[{"href":"https:\/\/creandoregalos.com\/en\/wp-json\/wp\/v2\/media?parent=730"}],"wp:term":[{"taxonomy":"product_brand","embeddable":true,"href":"https:\/\/creandoregalos.com\/en\/wp-json\/wp\/v2\/product_brand?post=730"},{"taxonomy":"product_cat","embeddable":true,"href":"https:\/\/creandoregalos.com\/en\/wp-json\/wp\/v2\/product_cat?post=730"},{"taxonomy":"product_tag","embeddable":true,"href":"https:\/\/creandoregalos.com\/en\/wp-json\/wp\/v2\/product_tag?post=730"}],"curies":[{"name":"wp","href":"https:\/\/api.w.org\/{rel}","templated":true}]}}