{"id":743,"date":"2025-04-14T11:54:54","date_gmt":"2025-04-14T09:54:54","guid":{"rendered":"https:\/\/creandoregalos.com\/?post_type=product&#038;p=743"},"modified":"2025-04-14T11:54:55","modified_gmt":"2025-04-14T09:54:55","slug":"botella-aluminio-400ml-personalizada","status":"publish","type":"product","link":"https:\/\/creandoregalos.com\/en\/producto\/botella-aluminio-400ml-personalizada\/","title":{"rendered":"Botella aluminio 400ml. personalizada"},"content":{"rendered":"<p>\ud83d\udca7 <strong>Tu estilo, en cada sorbo<\/strong> \ud83c\udf1f<\/p>\n<p>Presentamos nuestras <strong>botellas de aluminio personalizadas<\/strong>, dise\u00f1adas para destacar y ser pr\u00e1cticas. Ideales para mantener tus bebidas fr\u00edas o calientes mientras reflejas tu personalidad.<\/p>\n<p>\u2705 <strong>Duraderas y ecol\u00f3gicas<\/strong>: Perfectas para un estilo de vida sostenible. \u2705 <strong>Dise\u00f1o \u00fanico<\/strong>: Elige c\u00f3mo quieres lucirla, desde tu nombre hasta tu ilustraci\u00f3n favorita. \u2705 <strong>Uso diario<\/strong>: Ligera, c\u00f3moda y perfecta para llevar a todas partes.<\/p>\n<p>\u00a1Expr\u00e9sate mientras cuidas el planeta con una botella tan \u00fanica como t\u00fa! \ud83c\udf43<\/p>\n","protected":false},"excerpt":{"rendered":"<p>\ud83d\udca7 <strong>Tu estilo, en cada sorbo<\/strong> \ud83c\udf1f<\/p>\n<p>Presentamos nuestras <strong>botellas de aluminio personalizadas<\/strong>, dise\u00f1adas para destacar y ser pr\u00e1cticas. Ideales para mantener tus bebidas fr\u00edas o calientes mientras reflejas tu personalidad.<\/p>\n<p>\u2705 <strong>Duraderas y ecol\u00f3gicas<\/strong>: Perfectas para un estilo de vida sostenible. \u2705 <strong>Dise\u00f1o \u00fanico<\/strong>: Elige c\u00f3mo quieres lucirla, desde tu nombre hasta tu ilustraci\u00f3n favorita. \u2705 <strong>Uso diario<\/strong>: Ligera, c\u00f3moda y perfecta para llevar a todas partes.<\/p>\n<p>\u00a1Expr\u00e9sate mientras cuidas el planeta con una botella tan \u00fanica como t\u00fa! \ud83c\udf43<\/p>\n","protected":false},"featured_media":737,"template":"","meta":{"site-sidebar-layout":"default","site-content-layout":"","ast-site-content-layout":"default","site-content-style":"default","site-sidebar-style":"default","ast-global-header-display":"","ast-banner-title-visibility":"","ast-main-header-display":"","ast-hfb-above-header-display":"","ast-hfb-below-header-display":"","ast-hfb-mobile-header-display":"","site-post-title":"","ast-breadcrumbs-content":"","ast-featured-img":"","footer-sml-layout":"","theme-transparent-header-meta":"default","adv-header-id-meta":"","stick-header-meta":"","header-above-stick-meta":"","header-main-stick-meta":"","header-below-stick-meta":"","astra-migrate-meta-layouts":"set","ast-page-background-enabled":"default","ast-page-background-meta":{"desktop":{"background-color":"var(--ast-global-color-4)","background-image":"","background-repeat":"repeat","background-position":"center center","background-size":"auto","background-attachment":"scroll","background-type":"","background-media":"","overlay-type":"","overlay-color":"","overlay-opacity":"","overlay-gradient":""},"tablet":{"background-color":"","background-image":"","background-repeat":"repeat","background-position":"center center","background-size":"auto","background-attachment":"scroll","background-type":"","background-media":"","overlay-type":"","overlay-color":"","overlay-opacity":"","overlay-gradient":""},"mobile":{"background-color":"","background-image":"","background-repeat":"repeat","background-position":"center center","background-size":"auto","background-attachment":"scroll","background-type":"","background-media":"","overlay-type":"","overlay-color":"","overlay-opacity":"","overlay-gradient":""}},"ast-content-background-meta":{"desktop":{"background-color":"var(--ast-global-color-5)","background-image":"","background-repeat":"repeat","background-position":"center center","background-size":"auto","background-attachment":"scroll","background-type":"","background-media":"","overlay-type":"","overlay-color":"","overlay-opacity":"","overlay-gradient":""},"tablet":{"background-color":"var(--ast-global-color-5)","background-image":"","background-repeat":"repeat","background-position":"center center","background-size":"auto","background-attachment":"scroll","background-type":"","background-media":"","overlay-type":"","overlay-color":"","overlay-opacity":"","overlay-gradient":""},"mobile":{"background-color":"var(--ast-global-color-5)","background-image":"","background-repeat":"repeat","background-position":"center center","background-size":"auto","background-attachment":"scroll","background-type":"","background-media":"","overlay-type":"","overlay-color":"","overlay-opacity":"","overlay-gradient":""}}},"product_brand":[],"product_cat":[46,44],"product_tag":[82,83,84,81],"class_list":{"0":"post-743","1":"product","2":"type-product","3":"status-publish","4":"has-post-thumbnail","6":"product_cat-botellas","7":"product_cat-regalos-personalizados","8":"product_tag-bidones","9":"product_tag-botella","10":"product_tag-botella-personalizada","11":"product_tag-botellas","12":"desktop-align-left","13":"tablet-align-left","14":"mobile-align-left","16":"first","17":"instock","18":"taxable","19":"shipping-taxable","20":"purchasable","21":"product-type-simple"},"yoast_head":"<!-- This site is optimized with the Yoast SEO plugin v26.2 - https:\/\/yoast.com\/wordpress\/plugins\/seo\/ -->\n<title>Botella Aluminio 400ml Personalizada | Cantimplora Deportiva Custom<\/title>\n<meta name=\"description\" content=\"Botella de aluminio personalizada 400\u202fml: ligera, reutilizable y \u00fanica. Personal\u00edzala con tu nombre o dise\u00f1o y ll\u00e9vala contigo a todas partes con estilo.\" \/>\n<meta name=\"robots\" content=\"index, follow, max-snippet:-1, max-image-preview:large, max-video-preview:-1\" \/>\n<link rel=\"canonical\" href=\"https:\/\/creandoregalos.com\/en\/producto\/botella-aluminio-400ml-personalizada\/\" \/>\n<meta property=\"og:locale\" content=\"en_US\" \/>\n<meta property=\"og:type\" content=\"article\" \/>\n<meta property=\"og:title\" content=\"Botella Aluminio 400ml Personalizada | Cantimplora Deportiva Custom\" \/>\n<meta property=\"og:description\" content=\"Botella de aluminio personalizada 400\u202fml: ligera, reutilizable y \u00fanica. Personal\u00edzala con tu nombre o dise\u00f1o y ll\u00e9vala contigo a todas partes con estilo.\" \/>\n<meta property=\"og:url\" content=\"https:\/\/creandoregalos.com\/en\/producto\/botella-aluminio-400ml-personalizada\/\" \/>\n<meta property=\"og:site_name\" content=\"Creando Regalos\" \/>\n<meta property=\"article:modified_time\" content=\"2025-04-14T09:54:55+00:00\" \/>\n<meta property=\"og:image\" content=\"https:\/\/creandoregalos.com\/wp-content\/uploads\/2025\/04\/Imagen-de-WhatsApp-2025-04-14-a-las-11.22.49_37631058.jpg\" \/>\n\t<meta property=\"og:image:width\" content=\"2000\" \/>\n\t<meta property=\"og:image:height\" content=\"2000\" \/>\n\t<meta property=\"og:image:type\" content=\"image\/jpeg\" \/>\n<meta name=\"twitter:card\" content=\"summary_large_image\" \/>\n<meta name=\"twitter:label1\" content=\"Est. reading time\" \/>\n\t<meta name=\"twitter:data1\" content=\"1 minute\" \/>\n<script type=\"application\/ld+json\" class=\"yoast-schema-graph\">{\"@context\":\"https:\/\/schema.org\",\"@graph\":[{\"@type\":\"WebPage\",\"@id\":\"https:\/\/creandoregalos.com\/en\/producto\/botella-aluminio-400ml-personalizada\/\",\"url\":\"https:\/\/creandoregalos.com\/en\/producto\/botella-aluminio-400ml-personalizada\/\",\"name\":\"Botella Aluminio 400ml Personalizada | Cantimplora Deportiva Custom\",\"isPartOf\":{\"@id\":\"https:\/\/creandoregalos.com\/en\/#website\"},\"primaryImageOfPage\":{\"@id\":\"https:\/\/creandoregalos.com\/en\/producto\/botella-aluminio-400ml-personalizada\/#primaryimage\"},\"image\":{\"@id\":\"https:\/\/creandoregalos.com\/en\/producto\/botella-aluminio-400ml-personalizada\/#primaryimage\"},\"thumbnailUrl\":\"https:\/\/creandoregalos.com\/wp-content\/uploads\/2025\/04\/Imagen-de-WhatsApp-2025-04-14-a-las-11.22.49_37631058.jpg\",\"datePublished\":\"2025-04-14T09:54:54+00:00\",\"dateModified\":\"2025-04-14T09:54:55+00:00\",\"description\":\"Botella de aluminio personalizada 400\u202fml: ligera, reutilizable y \u00fanica. Personal\u00edzala con tu nombre o dise\u00f1o y ll\u00e9vala contigo a todas partes con estilo.\",\"breadcrumb\":{\"@id\":\"https:\/\/creandoregalos.com\/en\/producto\/botella-aluminio-400ml-personalizada\/#breadcrumb\"},\"inLanguage\":\"en-US\",\"potentialAction\":[{\"@type\":\"ReadAction\",\"target\":[\"https:\/\/creandoregalos.com\/en\/producto\/botella-aluminio-400ml-personalizada\/\"]}]},{\"@type\":\"ImageObject\",\"inLanguage\":\"en-US\",\"@id\":\"https:\/\/creandoregalos.com\/en\/producto\/botella-aluminio-400ml-personalizada\/#primaryimage\",\"url\":\"https:\/\/creandoregalos.com\/wp-content\/uploads\/2025\/04\/Imagen-de-WhatsApp-2025-04-14-a-las-11.22.49_37631058.jpg\",\"contentUrl\":\"https:\/\/creandoregalos.com\/wp-content\/uploads\/2025\/04\/Imagen-de-WhatsApp-2025-04-14-a-las-11.22.49_37631058.jpg\",\"width\":2000,\"height\":2000},{\"@type\":\"BreadcrumbList\",\"@id\":\"https:\/\/creandoregalos.com\/en\/producto\/botella-aluminio-400ml-personalizada\/#breadcrumb\",\"itemListElement\":[{\"@type\":\"ListItem\",\"position\":1,\"name\":\"Portada\",\"item\":\"https:\/\/creandoregalos.com\/en\/\"},{\"@type\":\"ListItem\",\"position\":2,\"name\":\"Shop\",\"item\":\"https:\/\/creandoregalos.com\/tienda\/\"},{\"@type\":\"ListItem\",\"position\":3,\"name\":\"Botella aluminio 400ml. personalizada\"}]},{\"@type\":\"WebSite\",\"@id\":\"https:\/\/creandoregalos.com\/en\/#website\",\"url\":\"https:\/\/creandoregalos.com\/en\/\",\"name\":\"Creando Regalos\",\"description\":\"Tienda de regalos personalizados y mu\u00f1ecas newborn\",\"publisher\":{\"@id\":\"https:\/\/creandoregalos.com\/en\/#organization\"},\"potentialAction\":[{\"@type\":\"SearchAction\",\"target\":{\"@type\":\"EntryPoint\",\"urlTemplate\":\"https:\/\/creandoregalos.com\/en\/?s={search_term_string}\"},\"query-input\":{\"@type\":\"PropertyValueSpecification\",\"valueRequired\":true,\"valueName\":\"search_term_string\"}}],\"inLanguage\":\"en-US\"},{\"@type\":\"Organization\",\"@id\":\"https:\/\/creandoregalos.com\/en\/#organization\",\"name\":\"Creando Regalos\",\"url\":\"https:\/\/creandoregalos.com\/en\/\",\"logo\":{\"@type\":\"ImageObject\",\"inLanguage\":\"en-US\",\"@id\":\"https:\/\/creandoregalos.com\/en\/#\/schema\/logo\/image\/\",\"url\":\"https:\/\/creandoregalos.com\/wp-content\/uploads\/2025\/01\/Creando-regalos-logo-1.svg\",\"contentUrl\":\"https:\/\/creandoregalos.com\/wp-content\/uploads\/2025\/01\/Creando-regalos-logo-1.svg\",\"width\":286,\"height\":91,\"caption\":\"Creando Regalos\"},\"image\":{\"@id\":\"https:\/\/creandoregalos.com\/en\/#\/schema\/logo\/image\/\"}}]}<\/script>\n<!-- \/ Yoast SEO plugin. -->","yoast_head_json":{"title":"Botella Aluminio 400ml Personalizada | Cantimplora Deportiva Custom","description":"Botella de aluminio personalizada 400\u202fml: ligera, reutilizable y \u00fanica. Personal\u00edzala con tu nombre o dise\u00f1o y ll\u00e9vala contigo a todas partes con estilo.","robots":{"index":"index","follow":"follow","max-snippet":"max-snippet:-1","max-image-preview":"max-image-preview:large","max-video-preview":"max-video-preview:-1"},"canonical":"https:\/\/creandoregalos.com\/en\/producto\/botella-aluminio-400ml-personalizada\/","og_locale":"en_US","og_type":"article","og_title":"Botella Aluminio 400ml Personalizada | Cantimplora Deportiva Custom","og_description":"Botella de aluminio personalizada 400\u202fml: ligera, reutilizable y \u00fanica. Personal\u00edzala con tu nombre o dise\u00f1o y ll\u00e9vala contigo a todas partes con estilo.","og_url":"https:\/\/creandoregalos.com\/en\/producto\/botella-aluminio-400ml-personalizada\/","og_site_name":"Creando Regalos","article_modified_time":"2025-04-14T09:54:55+00:00","og_image":[{"width":2000,"height":2000,"url":"https:\/\/creandoregalos.com\/wp-content\/uploads\/2025\/04\/Imagen-de-WhatsApp-2025-04-14-a-las-11.22.49_37631058.jpg","type":"image\/jpeg"}],"twitter_card":"summary_large_image","twitter_misc":{"Est. reading time":"1 minute"},"schema":{"@context":"https:\/\/schema.org","@graph":[{"@type":"WebPage","@id":"https:\/\/creandoregalos.com\/en\/producto\/botella-aluminio-400ml-personalizada\/","url":"https:\/\/creandoregalos.com\/en\/producto\/botella-aluminio-400ml-personalizada\/","name":"Botella Aluminio 400ml Personalizada | Cantimplora Deportiva Custom","isPartOf":{"@id":"https:\/\/creandoregalos.com\/en\/#website"},"primaryImageOfPage":{"@id":"https:\/\/creandoregalos.com\/en\/producto\/botella-aluminio-400ml-personalizada\/#primaryimage"},"image":{"@id":"https:\/\/creandoregalos.com\/en\/producto\/botella-aluminio-400ml-personalizada\/#primaryimage"},"thumbnailUrl":"https:\/\/creandoregalos.com\/wp-content\/uploads\/2025\/04\/Imagen-de-WhatsApp-2025-04-14-a-las-11.22.49_37631058.jpg","datePublished":"2025-04-14T09:54:54+00:00","dateModified":"2025-04-14T09:54:55+00:00","description":"Botella de aluminio personalizada 400\u202fml: ligera, reutilizable y \u00fanica. Personal\u00edzala con tu nombre o dise\u00f1o y ll\u00e9vala contigo a todas partes con estilo.","breadcrumb":{"@id":"https:\/\/creandoregalos.com\/en\/producto\/botella-aluminio-400ml-personalizada\/#breadcrumb"},"inLanguage":"en-US","potentialAction":[{"@type":"ReadAction","target":["https:\/\/creandoregalos.com\/en\/producto\/botella-aluminio-400ml-personalizada\/"]}]},{"@type":"ImageObject","inLanguage":"en-US","@id":"https:\/\/creandoregalos.com\/en\/producto\/botella-aluminio-400ml-personalizada\/#primaryimage","url":"https:\/\/creandoregalos.com\/wp-content\/uploads\/2025\/04\/Imagen-de-WhatsApp-2025-04-14-a-las-11.22.49_37631058.jpg","contentUrl":"https:\/\/creandoregalos.com\/wp-content\/uploads\/2025\/04\/Imagen-de-WhatsApp-2025-04-14-a-las-11.22.49_37631058.jpg","width":2000,"height":2000},{"@type":"BreadcrumbList","@id":"https:\/\/creandoregalos.com\/en\/producto\/botella-aluminio-400ml-personalizada\/#breadcrumb","itemListElement":[{"@type":"ListItem","position":1,"name":"Portada","item":"https:\/\/creandoregalos.com\/en\/"},{"@type":"ListItem","position":2,"name":"Shop","item":"https:\/\/creandoregalos.com\/tienda\/"},{"@type":"ListItem","position":3,"name":"Botella aluminio 400ml. personalizada"}]},{"@type":"WebSite","@id":"https:\/\/creandoregalos.com\/en\/#website","url":"https:\/\/creandoregalos.com\/en\/","name":"Creando Regalos","description":"Tienda de regalos personalizados y mu\u00f1ecas newborn","publisher":{"@id":"https:\/\/creandoregalos.com\/en\/#organization"},"potentialAction":[{"@type":"SearchAction","target":{"@type":"EntryPoint","urlTemplate":"https:\/\/creandoregalos.com\/en\/?s={search_term_string}"},"query-input":{"@type":"PropertyValueSpecification","valueRequired":true,"valueName":"search_term_string"}}],"inLanguage":"en-US"},{"@type":"Organization","@id":"https:\/\/creandoregalos.com\/en\/#organization","name":"Creando Regalos","url":"https:\/\/creandoregalos.com\/en\/","logo":{"@type":"ImageObject","inLanguage":"en-US","@id":"https:\/\/creandoregalos.com\/en\/#\/schema\/logo\/image\/","url":"https:\/\/creandoregalos.com\/wp-content\/uploads\/2025\/01\/Creando-regalos-logo-1.svg","contentUrl":"https:\/\/creandoregalos.com\/wp-content\/uploads\/2025\/01\/Creando-regalos-logo-1.svg","width":286,"height":91,"caption":"Creando Regalos"},"image":{"@id":"https:\/\/creandoregalos.com\/en\/#\/schema\/logo\/image\/"}}]}},"_links":{"self":[{"href":"https:\/\/creandoregalos.com\/en\/wp-json\/wp\/v2\/product\/743","targetHints":{"allow":["GET"]}}],"collection":[{"href":"https:\/\/creandoregalos.com\/en\/wp-json\/wp\/v2\/product"}],"about":[{"href":"https:\/\/creandoregalos.com\/en\/wp-json\/wp\/v2\/types\/product"}],"wp:featuredmedia":[{"embeddable":true,"href":"https:\/\/creandoregalos.com\/en\/wp-json\/wp\/v2\/media\/737"}],"wp:attachment":[{"href":"https:\/\/creandoregalos.com\/en\/wp-json\/wp\/v2\/media?parent=743"}],"wp:term":[{"taxonomy":"product_brand","embeddable":true,"href":"https:\/\/creandoregalos.com\/en\/wp-json\/wp\/v2\/product_brand?post=743"},{"taxonomy":"product_cat","embeddable":true,"href":"https:\/\/creandoregalos.com\/en\/wp-json\/wp\/v2\/product_cat?post=743"},{"taxonomy":"product_tag","embeddable":true,"href":"https:\/\/creandoregalos.com\/en\/wp-json\/wp\/v2\/product_tag?post=743"}],"curies":[{"name":"wp","href":"https:\/\/api.w.org\/{rel}","templated":true}]}}