{"id":807,"date":"2025-07-07T09:44:36","date_gmt":"2025-07-07T07:44:36","guid":{"rendered":"https:\/\/creandoregalos.com\/?post_type=product&#038;p=807"},"modified":"2025-07-07T09:44:36","modified_gmt":"2025-07-07T07:44:36","slug":"tote-bag-de-saco-personalizada","status":"publish","type":"product","link":"https:\/\/creandoregalos.com\/en\/producto\/tote-bag-de-saco-personalizada\/","title":{"rendered":"Tote bag de saco personalizada"},"content":{"rendered":"<p>La <strong>Tote Bag Personalizada<\/strong> es mucho m\u00e1s que una bolsa: es una declaraci\u00f3n de identidad. Ideal para estudiantes, profesionales, amantes del arte o ecologistas urbanos que quieren llevar su mundo encima\u2026 con estilo.<\/p>\n","protected":false},"excerpt":{"rendered":"<p>La <strong>Tote Bag Personalizada<\/strong> es mucho m\u00e1s que una bolsa: es una declaraci\u00f3n de identidad. Ideal para estudiantes, profesionales, amantes del arte o ecologistas urbanos que quieren llevar su mundo encima\u2026 con estilo.<\/p>\n","protected":false},"featured_media":812,"template":"","meta":{"site-sidebar-layout":"default","site-content-layout":"","ast-site-content-layout":"default","site-content-style":"default","site-sidebar-style":"default","ast-global-header-display":"","ast-banner-title-visibility":"","ast-main-header-display":"","ast-hfb-above-header-display":"","ast-hfb-below-header-display":"","ast-hfb-mobile-header-display":"","site-post-title":"","ast-breadcrumbs-content":"","ast-featured-img":"","footer-sml-layout":"","theme-transparent-header-meta":"default","adv-header-id-meta":"","stick-header-meta":"","header-above-stick-meta":"","header-main-stick-meta":"","header-below-stick-meta":"","astra-migrate-meta-layouts":"set","ast-page-background-enabled":"default","ast-page-background-meta":{"desktop":{"background-color":"var(--ast-global-color-4)","background-image":"","background-repeat":"repeat","background-position":"center center","background-size":"auto","background-attachment":"scroll","background-type":"","background-media":"","overlay-type":"","overlay-color":"","overlay-opacity":"","overlay-gradient":""},"tablet":{"background-color":"","background-image":"","background-repeat":"repeat","background-position":"center center","background-size":"auto","background-attachment":"scroll","background-type":"","background-media":"","overlay-type":"","overlay-color":"","overlay-opacity":"","overlay-gradient":""},"mobile":{"background-color":"","background-image":"","background-repeat":"repeat","background-position":"center center","background-size":"auto","background-attachment":"scroll","background-type":"","background-media":"","overlay-type":"","overlay-color":"","overlay-opacity":"","overlay-gradient":""}},"ast-content-background-meta":{"desktop":{"background-color":"var(--ast-global-color-5)","background-image":"","background-repeat":"repeat","background-position":"center center","background-size":"auto","background-attachment":"scroll","background-type":"","background-media":"","overlay-type":"","overlay-color":"","overlay-opacity":"","overlay-gradient":""},"tablet":{"background-color":"var(--ast-global-color-5)","background-image":"","background-repeat":"repeat","background-position":"center center","background-size":"auto","background-attachment":"scroll","background-type":"","background-media":"","overlay-type":"","overlay-color":"","overlay-opacity":"","overlay-gradient":""},"mobile":{"background-color":"var(--ast-global-color-5)","background-image":"","background-repeat":"repeat","background-position":"center center","background-size":"auto","background-attachment":"scroll","background-type":"","background-media":"","overlay-type":"","overlay-color":"","overlay-opacity":"","overlay-gradient":""}}},"product_brand":[],"product_cat":[44],"product_tag":[87,88,86],"class_list":{"0":"post-807","1":"product","2":"type-product","3":"status-publish","4":"has-post-thumbnail","6":"product_cat-regalos-personalizados","7":"product_tag-bolsa","8":"product_tag-regalos-personalizados","9":"product_tag-tote-bag","10":"desktop-align-left","11":"tablet-align-left","12":"mobile-align-left","14":"first","15":"instock","16":"taxable","17":"shipping-taxable","18":"purchasable","19":"product-type-simple"},"yoast_head":"<!-- This site is optimized with the Yoast SEO plugin v26.2 - https:\/\/yoast.com\/wordpress\/plugins\/seo\/ -->\n<title>Tote Bag de Saco Personalizada | Bolsa Algod\u00f3n Eco Sostenible Custom<\/title>\n<meta name=\"description\" content=\"Tote bag de saco personalizada con tu dise\u00f1o, foto o frase. Tejido resistente, ecol\u00f3gico y sostenible. Bolsa \u00fanica para d\u00eda a d\u00eda. \u00a1Personaliza!\" \/>\n<meta name=\"robots\" content=\"index, follow, max-snippet:-1, max-image-preview:large, max-video-preview:-1\" \/>\n<link rel=\"canonical\" href=\"https:\/\/creandoregalos.com\/en\/producto\/tote-bag-de-saco-personalizada\/\" \/>\n<meta property=\"og:locale\" content=\"en_US\" \/>\n<meta property=\"og:type\" content=\"article\" \/>\n<meta property=\"og:title\" content=\"Tote Bag de Saco Personalizada | Bolsa Algod\u00f3n Eco Sostenible Custom\" \/>\n<meta property=\"og:description\" content=\"Tote bag de saco personalizada con tu dise\u00f1o, foto o frase. Tejido resistente, ecol\u00f3gico y sostenible. Bolsa \u00fanica para d\u00eda a d\u00eda. \u00a1Personaliza!\" \/>\n<meta property=\"og:url\" content=\"https:\/\/creandoregalos.com\/en\/producto\/tote-bag-de-saco-personalizada\/\" \/>\n<meta property=\"og:site_name\" content=\"Creando Regalos\" \/>\n<meta property=\"og:image\" content=\"https:\/\/creandoregalos.com\/wp-content\/uploads\/2025\/07\/Imagen-de-WhatsApp-2025-07-07-a-las-09.39.34_d403992e.jpg\" \/>\n\t<meta property=\"og:image:width\" content=\"1536\" \/>\n\t<meta property=\"og:image:height\" content=\"2048\" \/>\n\t<meta property=\"og:image:type\" content=\"image\/jpeg\" \/>\n<meta name=\"twitter:card\" content=\"summary_large_image\" \/>\n<meta name=\"twitter:label1\" content=\"Est. reading time\" \/>\n\t<meta name=\"twitter:data1\" content=\"1 minute\" \/>\n<script type=\"application\/ld+json\" class=\"yoast-schema-graph\">{\"@context\":\"https:\/\/schema.org\",\"@graph\":[{\"@type\":\"WebPage\",\"@id\":\"https:\/\/creandoregalos.com\/en\/producto\/tote-bag-de-saco-personalizada\/\",\"url\":\"https:\/\/creandoregalos.com\/en\/producto\/tote-bag-de-saco-personalizada\/\",\"name\":\"Tote Bag de Saco Personalizada | Bolsa Algod\u00f3n Eco Sostenible Custom\",\"isPartOf\":{\"@id\":\"https:\/\/creandoregalos.com\/en\/#website\"},\"primaryImageOfPage\":{\"@id\":\"https:\/\/creandoregalos.com\/en\/producto\/tote-bag-de-saco-personalizada\/#primaryimage\"},\"image\":{\"@id\":\"https:\/\/creandoregalos.com\/en\/producto\/tote-bag-de-saco-personalizada\/#primaryimage\"},\"thumbnailUrl\":\"https:\/\/creandoregalos.com\/wp-content\/uploads\/2025\/07\/Imagen-de-WhatsApp-2025-07-07-a-las-09.39.34_d403992e.jpg\",\"datePublished\":\"2025-07-07T07:44:36+00:00\",\"description\":\"Tote bag de saco personalizada con tu dise\u00f1o, foto o frase. Tejido resistente, ecol\u00f3gico y sostenible. Bolsa \u00fanica para d\u00eda a d\u00eda. \u00a1Personaliza!\",\"breadcrumb\":{\"@id\":\"https:\/\/creandoregalos.com\/en\/producto\/tote-bag-de-saco-personalizada\/#breadcrumb\"},\"inLanguage\":\"en-US\",\"potentialAction\":[{\"@type\":\"ReadAction\",\"target\":[\"https:\/\/creandoregalos.com\/en\/producto\/tote-bag-de-saco-personalizada\/\"]}]},{\"@type\":\"ImageObject\",\"inLanguage\":\"en-US\",\"@id\":\"https:\/\/creandoregalos.com\/en\/producto\/tote-bag-de-saco-personalizada\/#primaryimage\",\"url\":\"https:\/\/creandoregalos.com\/wp-content\/uploads\/2025\/07\/Imagen-de-WhatsApp-2025-07-07-a-las-09.39.34_d403992e.jpg\",\"contentUrl\":\"https:\/\/creandoregalos.com\/wp-content\/uploads\/2025\/07\/Imagen-de-WhatsApp-2025-07-07-a-las-09.39.34_d403992e.jpg\",\"width\":1536,\"height\":2048},{\"@type\":\"BreadcrumbList\",\"@id\":\"https:\/\/creandoregalos.com\/en\/producto\/tote-bag-de-saco-personalizada\/#breadcrumb\",\"itemListElement\":[{\"@type\":\"ListItem\",\"position\":1,\"name\":\"Portada\",\"item\":\"https:\/\/creandoregalos.com\/en\/\"},{\"@type\":\"ListItem\",\"position\":2,\"name\":\"Shop\",\"item\":\"https:\/\/creandoregalos.com\/tienda\/\"},{\"@type\":\"ListItem\",\"position\":3,\"name\":\"Tote bag de saco personalizada\"}]},{\"@type\":\"WebSite\",\"@id\":\"https:\/\/creandoregalos.com\/en\/#website\",\"url\":\"https:\/\/creandoregalos.com\/en\/\",\"name\":\"Creando Regalos\",\"description\":\"Tienda de regalos personalizados y mu\u00f1ecas newborn\",\"publisher\":{\"@id\":\"https:\/\/creandoregalos.com\/en\/#organization\"},\"potentialAction\":[{\"@type\":\"SearchAction\",\"target\":{\"@type\":\"EntryPoint\",\"urlTemplate\":\"https:\/\/creandoregalos.com\/en\/?s={search_term_string}\"},\"query-input\":{\"@type\":\"PropertyValueSpecification\",\"valueRequired\":true,\"valueName\":\"search_term_string\"}}],\"inLanguage\":\"en-US\"},{\"@type\":\"Organization\",\"@id\":\"https:\/\/creandoregalos.com\/en\/#organization\",\"name\":\"Creando Regalos\",\"url\":\"https:\/\/creandoregalos.com\/en\/\",\"logo\":{\"@type\":\"ImageObject\",\"inLanguage\":\"en-US\",\"@id\":\"https:\/\/creandoregalos.com\/en\/#\/schema\/logo\/image\/\",\"url\":\"https:\/\/creandoregalos.com\/wp-content\/uploads\/2025\/01\/Creando-regalos-logo-1.svg\",\"contentUrl\":\"https:\/\/creandoregalos.com\/wp-content\/uploads\/2025\/01\/Creando-regalos-logo-1.svg\",\"width\":286,\"height\":91,\"caption\":\"Creando Regalos\"},\"image\":{\"@id\":\"https:\/\/creandoregalos.com\/en\/#\/schema\/logo\/image\/\"}}]}<\/script>\n<!-- \/ Yoast SEO plugin. -->","yoast_head_json":{"title":"Tote Bag de Saco Personalizada | Bolsa Algod\u00f3n Eco Sostenible Custom","description":"Tote bag de saco personalizada con tu dise\u00f1o, foto o frase. Tejido resistente, ecol\u00f3gico y sostenible. Bolsa \u00fanica para d\u00eda a d\u00eda. \u00a1Personaliza!","robots":{"index":"index","follow":"follow","max-snippet":"max-snippet:-1","max-image-preview":"max-image-preview:large","max-video-preview":"max-video-preview:-1"},"canonical":"https:\/\/creandoregalos.com\/en\/producto\/tote-bag-de-saco-personalizada\/","og_locale":"en_US","og_type":"article","og_title":"Tote Bag de Saco Personalizada | Bolsa Algod\u00f3n Eco Sostenible Custom","og_description":"Tote bag de saco personalizada con tu dise\u00f1o, foto o frase. Tejido resistente, ecol\u00f3gico y sostenible. Bolsa \u00fanica para d\u00eda a d\u00eda. \u00a1Personaliza!","og_url":"https:\/\/creandoregalos.com\/en\/producto\/tote-bag-de-saco-personalizada\/","og_site_name":"Creando Regalos","og_image":[{"width":1536,"height":2048,"url":"https:\/\/creandoregalos.com\/wp-content\/uploads\/2025\/07\/Imagen-de-WhatsApp-2025-07-07-a-las-09.39.34_d403992e.jpg","type":"image\/jpeg"}],"twitter_card":"summary_large_image","twitter_misc":{"Est. reading time":"1 minute"},"schema":{"@context":"https:\/\/schema.org","@graph":[{"@type":"WebPage","@id":"https:\/\/creandoregalos.com\/en\/producto\/tote-bag-de-saco-personalizada\/","url":"https:\/\/creandoregalos.com\/en\/producto\/tote-bag-de-saco-personalizada\/","name":"Tote Bag de Saco Personalizada | Bolsa Algod\u00f3n Eco Sostenible Custom","isPartOf":{"@id":"https:\/\/creandoregalos.com\/en\/#website"},"primaryImageOfPage":{"@id":"https:\/\/creandoregalos.com\/en\/producto\/tote-bag-de-saco-personalizada\/#primaryimage"},"image":{"@id":"https:\/\/creandoregalos.com\/en\/producto\/tote-bag-de-saco-personalizada\/#primaryimage"},"thumbnailUrl":"https:\/\/creandoregalos.com\/wp-content\/uploads\/2025\/07\/Imagen-de-WhatsApp-2025-07-07-a-las-09.39.34_d403992e.jpg","datePublished":"2025-07-07T07:44:36+00:00","description":"Tote bag de saco personalizada con tu dise\u00f1o, foto o frase. Tejido resistente, ecol\u00f3gico y sostenible. Bolsa \u00fanica para d\u00eda a d\u00eda. \u00a1Personaliza!","breadcrumb":{"@id":"https:\/\/creandoregalos.com\/en\/producto\/tote-bag-de-saco-personalizada\/#breadcrumb"},"inLanguage":"en-US","potentialAction":[{"@type":"ReadAction","target":["https:\/\/creandoregalos.com\/en\/producto\/tote-bag-de-saco-personalizada\/"]}]},{"@type":"ImageObject","inLanguage":"en-US","@id":"https:\/\/creandoregalos.com\/en\/producto\/tote-bag-de-saco-personalizada\/#primaryimage","url":"https:\/\/creandoregalos.com\/wp-content\/uploads\/2025\/07\/Imagen-de-WhatsApp-2025-07-07-a-las-09.39.34_d403992e.jpg","contentUrl":"https:\/\/creandoregalos.com\/wp-content\/uploads\/2025\/07\/Imagen-de-WhatsApp-2025-07-07-a-las-09.39.34_d403992e.jpg","width":1536,"height":2048},{"@type":"BreadcrumbList","@id":"https:\/\/creandoregalos.com\/en\/producto\/tote-bag-de-saco-personalizada\/#breadcrumb","itemListElement":[{"@type":"ListItem","position":1,"name":"Portada","item":"https:\/\/creandoregalos.com\/en\/"},{"@type":"ListItem","position":2,"name":"Shop","item":"https:\/\/creandoregalos.com\/tienda\/"},{"@type":"ListItem","position":3,"name":"Tote bag de saco personalizada"}]},{"@type":"WebSite","@id":"https:\/\/creandoregalos.com\/en\/#website","url":"https:\/\/creandoregalos.com\/en\/","name":"Creando Regalos","description":"Tienda de regalos personalizados y mu\u00f1ecas newborn","publisher":{"@id":"https:\/\/creandoregalos.com\/en\/#organization"},"potentialAction":[{"@type":"SearchAction","target":{"@type":"EntryPoint","urlTemplate":"https:\/\/creandoregalos.com\/en\/?s={search_term_string}"},"query-input":{"@type":"PropertyValueSpecification","valueRequired":true,"valueName":"search_term_string"}}],"inLanguage":"en-US"},{"@type":"Organization","@id":"https:\/\/creandoregalos.com\/en\/#organization","name":"Creando Regalos","url":"https:\/\/creandoregalos.com\/en\/","logo":{"@type":"ImageObject","inLanguage":"en-US","@id":"https:\/\/creandoregalos.com\/en\/#\/schema\/logo\/image\/","url":"https:\/\/creandoregalos.com\/wp-content\/uploads\/2025\/01\/Creando-regalos-logo-1.svg","contentUrl":"https:\/\/creandoregalos.com\/wp-content\/uploads\/2025\/01\/Creando-regalos-logo-1.svg","width":286,"height":91,"caption":"Creando Regalos"},"image":{"@id":"https:\/\/creandoregalos.com\/en\/#\/schema\/logo\/image\/"}}]}},"_links":{"self":[{"href":"https:\/\/creandoregalos.com\/en\/wp-json\/wp\/v2\/product\/807","targetHints":{"allow":["GET"]}}],"collection":[{"href":"https:\/\/creandoregalos.com\/en\/wp-json\/wp\/v2\/product"}],"about":[{"href":"https:\/\/creandoregalos.com\/en\/wp-json\/wp\/v2\/types\/product"}],"wp:featuredmedia":[{"embeddable":true,"href":"https:\/\/creandoregalos.com\/en\/wp-json\/wp\/v2\/media\/812"}],"wp:attachment":[{"href":"https:\/\/creandoregalos.com\/en\/wp-json\/wp\/v2\/media?parent=807"}],"wp:term":[{"taxonomy":"product_brand","embeddable":true,"href":"https:\/\/creandoregalos.com\/en\/wp-json\/wp\/v2\/product_brand?post=807"},{"taxonomy":"product_cat","embeddable":true,"href":"https:\/\/creandoregalos.com\/en\/wp-json\/wp\/v2\/product_cat?post=807"},{"taxonomy":"product_tag","embeddable":true,"href":"https:\/\/creandoregalos.com\/en\/wp-json\/wp\/v2\/product_tag?post=807"}],"curies":[{"name":"wp","href":"https:\/\/api.w.org\/{rel}","templated":true}]}}