{"id":815,"date":"2025-07-07T10:02:04","date_gmt":"2025-07-07T08:02:04","guid":{"rendered":"https:\/\/creandoregalos.com\/?post_type=product&#038;p=815"},"modified":"2025-07-07T11:14:07","modified_gmt":"2025-07-07T09:14:07","slug":"abrebotellas-de-madera-magnetico-personalizado-laser","status":"publish","type":"product","link":"https:\/\/creandoregalos.com\/en\/producto\/abrebotellas-de-madera-magnetico-personalizado-laser\/","title":{"rendered":"Abrebotellas de madera magn\u00e9tico personalizado laser"},"content":{"rendered":"<p>\ud83d\udd29 <strong>Abrebotellas de Madera Magn\u00e9tico Personalizable: Elegancia y Funcionalidad en un Solo Gesto<\/strong><\/p>\n<p>Sorprende con este abrebotellas hecho en <strong>madera natural<\/strong>, con un toque r\u00fastico y sofisticado. Su <strong>base magn\u00e9tica<\/strong> permite adherirlo f\u00e1cilmente al refrigerador o superficies met\u00e1licas, convirti\u00e9ndolo en un accesorio siempre a mano.<\/p>\n<p>\u2728 <strong>Ideal para personalizaci\u00f3n l\u00e1ser<\/strong>: graba nombres, logos o frases especiales. Perfecto para regalos corporativos, souvenirs, eventos o simplemente para darle personalidad a tu cocina.<\/p>\n<p>\u2714\ufe0f <em>Duradero, original y con estilo<\/em>. Un objeto cotidiano transformado en pieza \u00fanica.<\/p>\n","protected":false},"excerpt":{"rendered":"<p>\ud83d\udd29 <strong>Abrebotellas de Madera Magn\u00e9tico Personalizable: Elegancia y Funcionalidad en un Solo Gesto<\/strong><\/p>\n<p>Sorprende con este abrebotellas hecho en <strong>madera natural<\/strong>, con un toque r\u00fastico y sofisticado. Su <strong>base magn\u00e9tica<\/strong> permite adherirlo f\u00e1cilmente al refrigerador o superficies met\u00e1licas, convirti\u00e9ndolo en un accesorio siempre a mano.<\/p>\n<p>\u2728 <strong>Ideal para personalizaci\u00f3n l\u00e1ser<\/strong>: graba nombres, logos o frases especiales. Perfecto para regalos corporativos, souvenirs, eventos o simplemente para darle personalidad a tu cocina.<\/p>\n<p>\u2714\ufe0f <em>Duradero, original y con estilo<\/em>. Un objeto cotidiano transformado en pieza \u00fanica.<\/p>\n","protected":false},"featured_media":820,"template":"","meta":{"site-sidebar-layout":"default","site-content-layout":"","ast-site-content-layout":"default","site-content-style":"default","site-sidebar-style":"default","ast-global-header-display":"","ast-banner-title-visibility":"","ast-main-header-display":"","ast-hfb-above-header-display":"","ast-hfb-below-header-display":"","ast-hfb-mobile-header-display":"","site-post-title":"","ast-breadcrumbs-content":"","ast-featured-img":"","footer-sml-layout":"","theme-transparent-header-meta":"default","adv-header-id-meta":"","stick-header-meta":"","header-above-stick-meta":"","header-main-stick-meta":"","header-below-stick-meta":"","astra-migrate-meta-layouts":"set","ast-page-background-enabled":"default","ast-page-background-meta":{"desktop":{"background-color":"var(--ast-global-color-4)","background-image":"","background-repeat":"repeat","background-position":"center center","background-size":"auto","background-attachment":"scroll","background-type":"","background-media":"","overlay-type":"","overlay-color":"","overlay-opacity":"","overlay-gradient":""},"tablet":{"background-color":"","background-image":"","background-repeat":"repeat","background-position":"center center","background-size":"auto","background-attachment":"scroll","background-type":"","background-media":"","overlay-type":"","overlay-color":"","overlay-opacity":"","overlay-gradient":""},"mobile":{"background-color":"","background-image":"","background-repeat":"repeat","background-position":"center center","background-size":"auto","background-attachment":"scroll","background-type":"","background-media":"","overlay-type":"","overlay-color":"","overlay-opacity":"","overlay-gradient":""}},"ast-content-background-meta":{"desktop":{"background-color":"var(--ast-global-color-5)","background-image":"","background-repeat":"repeat","background-position":"center center","background-size":"auto","background-attachment":"scroll","background-type":"","background-media":"","overlay-type":"","overlay-color":"","overlay-opacity":"","overlay-gradient":""},"tablet":{"background-color":"var(--ast-global-color-5)","background-image":"","background-repeat":"repeat","background-position":"center center","background-size":"auto","background-attachment":"scroll","background-type":"","background-media":"","overlay-type":"","overlay-color":"","overlay-opacity":"","overlay-gradient":""},"mobile":{"background-color":"var(--ast-global-color-5)","background-image":"","background-repeat":"repeat","background-position":"center center","background-size":"auto","background-attachment":"scroll","background-type":"","background-media":"","overlay-type":"","overlay-color":"","overlay-opacity":"","overlay-gradient":""}}},"product_brand":[],"product_cat":[30,28,44],"product_tag":[89,90,88],"class_list":{"0":"post-815","1":"product","2":"type-product","3":"status-publish","4":"has-post-thumbnail","6":"product_cat-abridores","7":"product_cat-regalos-bodas-bautizos-comuniones","8":"product_cat-regalos-personalizados","9":"product_tag-abrebotellas","10":"product_tag-grabado-laser","11":"product_tag-regalos-personalizados","12":"desktop-align-left","13":"tablet-align-left","14":"mobile-align-left","16":"first","17":"instock","18":"taxable","19":"shipping-taxable","20":"purchasable","21":"product-type-simple"},"yoast_head":"<!-- This site is optimized with the Yoast SEO plugin v26.2 - https:\/\/yoast.com\/wordpress\/plugins\/seo\/ -->\n<title>Abrebotellas de Madera Magn\u00e9tico Personalizado con L\u00e1ser | Regalos \u00danicos<\/title>\n<meta name=\"description\" content=\"Abrebotellas de madera magn\u00e9tico personalizado: graba nombres o logos con l\u00e1ser. Elegante, funcional y perfecto como regalo \u00fanico o detalle corporativo.\" \/>\n<meta name=\"robots\" content=\"index, follow, max-snippet:-1, max-image-preview:large, max-video-preview:-1\" \/>\n<link rel=\"canonical\" href=\"https:\/\/creandoregalos.com\/en\/producto\/abrebotellas-de-madera-magnetico-personalizado-laser\/\" \/>\n<meta property=\"og:locale\" content=\"en_US\" \/>\n<meta property=\"og:type\" content=\"article\" \/>\n<meta property=\"og:title\" content=\"Abrebotellas de Madera Magn\u00e9tico Personalizado con L\u00e1ser | Regalos \u00danicos\" \/>\n<meta property=\"og:description\" content=\"Abrebotellas de madera magn\u00e9tico personalizado: graba nombres o logos con l\u00e1ser. Elegante, funcional y perfecto como regalo \u00fanico o detalle corporativo.\" \/>\n<meta property=\"og:url\" content=\"https:\/\/creandoregalos.com\/en\/producto\/abrebotellas-de-madera-magnetico-personalizado-laser\/\" \/>\n<meta property=\"og:site_name\" content=\"Creando Regalos\" \/>\n<meta property=\"article:modified_time\" content=\"2025-07-07T09:14:07+00:00\" \/>\n<meta property=\"og:image\" content=\"https:\/\/creandoregalos.com\/wp-content\/uploads\/2025\/07\/Imagen-de-WhatsApp-2025-05-28-a-las-08.50.09_9177c43a.jpg\" \/>\n\t<meta property=\"og:image:width\" content=\"1500\" \/>\n\t<meta property=\"og:image:height\" content=\"2000\" \/>\n\t<meta property=\"og:image:type\" content=\"image\/jpeg\" \/>\n<meta name=\"twitter:card\" content=\"summary_large_image\" \/>\n<meta name=\"twitter:label1\" content=\"Est. reading time\" \/>\n\t<meta name=\"twitter:data1\" content=\"1 minute\" \/>\n<script type=\"application\/ld+json\" class=\"yoast-schema-graph\">{\"@context\":\"https:\/\/schema.org\",\"@graph\":[{\"@type\":\"WebPage\",\"@id\":\"https:\/\/creandoregalos.com\/en\/producto\/abrebotellas-de-madera-magnetico-personalizado-laser\/\",\"url\":\"https:\/\/creandoregalos.com\/en\/producto\/abrebotellas-de-madera-magnetico-personalizado-laser\/\",\"name\":\"Abrebotellas de Madera Magn\u00e9tico Personalizado con L\u00e1ser | Regalos \u00danicos\",\"isPartOf\":{\"@id\":\"https:\/\/creandoregalos.com\/en\/#website\"},\"primaryImageOfPage\":{\"@id\":\"https:\/\/creandoregalos.com\/en\/producto\/abrebotellas-de-madera-magnetico-personalizado-laser\/#primaryimage\"},\"image\":{\"@id\":\"https:\/\/creandoregalos.com\/en\/producto\/abrebotellas-de-madera-magnetico-personalizado-laser\/#primaryimage\"},\"thumbnailUrl\":\"https:\/\/creandoregalos.com\/wp-content\/uploads\/2025\/07\/Imagen-de-WhatsApp-2025-05-28-a-las-08.50.09_9177c43a.jpg\",\"datePublished\":\"2025-07-07T08:02:04+00:00\",\"dateModified\":\"2025-07-07T09:14:07+00:00\",\"description\":\"Abrebotellas de madera magn\u00e9tico personalizado: graba nombres o logos con l\u00e1ser. Elegante, funcional y perfecto como regalo \u00fanico o detalle corporativo.\",\"breadcrumb\":{\"@id\":\"https:\/\/creandoregalos.com\/en\/producto\/abrebotellas-de-madera-magnetico-personalizado-laser\/#breadcrumb\"},\"inLanguage\":\"en-US\",\"potentialAction\":[{\"@type\":\"ReadAction\",\"target\":[\"https:\/\/creandoregalos.com\/en\/producto\/abrebotellas-de-madera-magnetico-personalizado-laser\/\"]}]},{\"@type\":\"ImageObject\",\"inLanguage\":\"en-US\",\"@id\":\"https:\/\/creandoregalos.com\/en\/producto\/abrebotellas-de-madera-magnetico-personalizado-laser\/#primaryimage\",\"url\":\"https:\/\/creandoregalos.com\/wp-content\/uploads\/2025\/07\/Imagen-de-WhatsApp-2025-05-28-a-las-08.50.09_9177c43a.jpg\",\"contentUrl\":\"https:\/\/creandoregalos.com\/wp-content\/uploads\/2025\/07\/Imagen-de-WhatsApp-2025-05-28-a-las-08.50.09_9177c43a.jpg\",\"width\":1500,\"height\":2000},{\"@type\":\"BreadcrumbList\",\"@id\":\"https:\/\/creandoregalos.com\/en\/producto\/abrebotellas-de-madera-magnetico-personalizado-laser\/#breadcrumb\",\"itemListElement\":[{\"@type\":\"ListItem\",\"position\":1,\"name\":\"Portada\",\"item\":\"https:\/\/creandoregalos.com\/en\/\"},{\"@type\":\"ListItem\",\"position\":2,\"name\":\"Shop\",\"item\":\"https:\/\/creandoregalos.com\/tienda\/\"},{\"@type\":\"ListItem\",\"position\":3,\"name\":\"Abrebotellas de madera magn\u00e9tico personalizado laser\"}]},{\"@type\":\"WebSite\",\"@id\":\"https:\/\/creandoregalos.com\/en\/#website\",\"url\":\"https:\/\/creandoregalos.com\/en\/\",\"name\":\"Creando Regalos\",\"description\":\"Tienda de regalos personalizados y mu\u00f1ecas newborn\",\"publisher\":{\"@id\":\"https:\/\/creandoregalos.com\/en\/#organization\"},\"potentialAction\":[{\"@type\":\"SearchAction\",\"target\":{\"@type\":\"EntryPoint\",\"urlTemplate\":\"https:\/\/creandoregalos.com\/en\/?s={search_term_string}\"},\"query-input\":{\"@type\":\"PropertyValueSpecification\",\"valueRequired\":true,\"valueName\":\"search_term_string\"}}],\"inLanguage\":\"en-US\"},{\"@type\":\"Organization\",\"@id\":\"https:\/\/creandoregalos.com\/en\/#organization\",\"name\":\"Creando Regalos\",\"url\":\"https:\/\/creandoregalos.com\/en\/\",\"logo\":{\"@type\":\"ImageObject\",\"inLanguage\":\"en-US\",\"@id\":\"https:\/\/creandoregalos.com\/en\/#\/schema\/logo\/image\/\",\"url\":\"https:\/\/creandoregalos.com\/wp-content\/uploads\/2025\/01\/Creando-regalos-logo-1.svg\",\"contentUrl\":\"https:\/\/creandoregalos.com\/wp-content\/uploads\/2025\/01\/Creando-regalos-logo-1.svg\",\"width\":286,\"height\":91,\"caption\":\"Creando Regalos\"},\"image\":{\"@id\":\"https:\/\/creandoregalos.com\/en\/#\/schema\/logo\/image\/\"}}]}<\/script>\n<!-- \/ Yoast SEO plugin. -->","yoast_head_json":{"title":"Abrebotellas de Madera Magn\u00e9tico Personalizado con L\u00e1ser | Regalos \u00danicos","description":"Abrebotellas de madera magn\u00e9tico personalizado: graba nombres o logos con l\u00e1ser. Elegante, funcional y perfecto como regalo \u00fanico o detalle corporativo.","robots":{"index":"index","follow":"follow","max-snippet":"max-snippet:-1","max-image-preview":"max-image-preview:large","max-video-preview":"max-video-preview:-1"},"canonical":"https:\/\/creandoregalos.com\/en\/producto\/abrebotellas-de-madera-magnetico-personalizado-laser\/","og_locale":"en_US","og_type":"article","og_title":"Abrebotellas de Madera Magn\u00e9tico Personalizado con L\u00e1ser | Regalos \u00danicos","og_description":"Abrebotellas de madera magn\u00e9tico personalizado: graba nombres o logos con l\u00e1ser. Elegante, funcional y perfecto como regalo \u00fanico o detalle corporativo.","og_url":"https:\/\/creandoregalos.com\/en\/producto\/abrebotellas-de-madera-magnetico-personalizado-laser\/","og_site_name":"Creando Regalos","article_modified_time":"2025-07-07T09:14:07+00:00","og_image":[{"width":1500,"height":2000,"url":"https:\/\/creandoregalos.com\/wp-content\/uploads\/2025\/07\/Imagen-de-WhatsApp-2025-05-28-a-las-08.50.09_9177c43a.jpg","type":"image\/jpeg"}],"twitter_card":"summary_large_image","twitter_misc":{"Est. reading time":"1 minute"},"schema":{"@context":"https:\/\/schema.org","@graph":[{"@type":"WebPage","@id":"https:\/\/creandoregalos.com\/en\/producto\/abrebotellas-de-madera-magnetico-personalizado-laser\/","url":"https:\/\/creandoregalos.com\/en\/producto\/abrebotellas-de-madera-magnetico-personalizado-laser\/","name":"Abrebotellas de Madera Magn\u00e9tico Personalizado con L\u00e1ser | Regalos \u00danicos","isPartOf":{"@id":"https:\/\/creandoregalos.com\/en\/#website"},"primaryImageOfPage":{"@id":"https:\/\/creandoregalos.com\/en\/producto\/abrebotellas-de-madera-magnetico-personalizado-laser\/#primaryimage"},"image":{"@id":"https:\/\/creandoregalos.com\/en\/producto\/abrebotellas-de-madera-magnetico-personalizado-laser\/#primaryimage"},"thumbnailUrl":"https:\/\/creandoregalos.com\/wp-content\/uploads\/2025\/07\/Imagen-de-WhatsApp-2025-05-28-a-las-08.50.09_9177c43a.jpg","datePublished":"2025-07-07T08:02:04+00:00","dateModified":"2025-07-07T09:14:07+00:00","description":"Abrebotellas de madera magn\u00e9tico personalizado: graba nombres o logos con l\u00e1ser. Elegante, funcional y perfecto como regalo \u00fanico o detalle corporativo.","breadcrumb":{"@id":"https:\/\/creandoregalos.com\/en\/producto\/abrebotellas-de-madera-magnetico-personalizado-laser\/#breadcrumb"},"inLanguage":"en-US","potentialAction":[{"@type":"ReadAction","target":["https:\/\/creandoregalos.com\/en\/producto\/abrebotellas-de-madera-magnetico-personalizado-laser\/"]}]},{"@type":"ImageObject","inLanguage":"en-US","@id":"https:\/\/creandoregalos.com\/en\/producto\/abrebotellas-de-madera-magnetico-personalizado-laser\/#primaryimage","url":"https:\/\/creandoregalos.com\/wp-content\/uploads\/2025\/07\/Imagen-de-WhatsApp-2025-05-28-a-las-08.50.09_9177c43a.jpg","contentUrl":"https:\/\/creandoregalos.com\/wp-content\/uploads\/2025\/07\/Imagen-de-WhatsApp-2025-05-28-a-las-08.50.09_9177c43a.jpg","width":1500,"height":2000},{"@type":"BreadcrumbList","@id":"https:\/\/creandoregalos.com\/en\/producto\/abrebotellas-de-madera-magnetico-personalizado-laser\/#breadcrumb","itemListElement":[{"@type":"ListItem","position":1,"name":"Portada","item":"https:\/\/creandoregalos.com\/en\/"},{"@type":"ListItem","position":2,"name":"Shop","item":"https:\/\/creandoregalos.com\/tienda\/"},{"@type":"ListItem","position":3,"name":"Abrebotellas de madera magn\u00e9tico personalizado laser"}]},{"@type":"WebSite","@id":"https:\/\/creandoregalos.com\/en\/#website","url":"https:\/\/creandoregalos.com\/en\/","name":"Creando Regalos","description":"Tienda de regalos personalizados y mu\u00f1ecas newborn","publisher":{"@id":"https:\/\/creandoregalos.com\/en\/#organization"},"potentialAction":[{"@type":"SearchAction","target":{"@type":"EntryPoint","urlTemplate":"https:\/\/creandoregalos.com\/en\/?s={search_term_string}"},"query-input":{"@type":"PropertyValueSpecification","valueRequired":true,"valueName":"search_term_string"}}],"inLanguage":"en-US"},{"@type":"Organization","@id":"https:\/\/creandoregalos.com\/en\/#organization","name":"Creando Regalos","url":"https:\/\/creandoregalos.com\/en\/","logo":{"@type":"ImageObject","inLanguage":"en-US","@id":"https:\/\/creandoregalos.com\/en\/#\/schema\/logo\/image\/","url":"https:\/\/creandoregalos.com\/wp-content\/uploads\/2025\/01\/Creando-regalos-logo-1.svg","contentUrl":"https:\/\/creandoregalos.com\/wp-content\/uploads\/2025\/01\/Creando-regalos-logo-1.svg","width":286,"height":91,"caption":"Creando Regalos"},"image":{"@id":"https:\/\/creandoregalos.com\/en\/#\/schema\/logo\/image\/"}}]}},"_links":{"self":[{"href":"https:\/\/creandoregalos.com\/en\/wp-json\/wp\/v2\/product\/815","targetHints":{"allow":["GET"]}}],"collection":[{"href":"https:\/\/creandoregalos.com\/en\/wp-json\/wp\/v2\/product"}],"about":[{"href":"https:\/\/creandoregalos.com\/en\/wp-json\/wp\/v2\/types\/product"}],"wp:featuredmedia":[{"embeddable":true,"href":"https:\/\/creandoregalos.com\/en\/wp-json\/wp\/v2\/media\/820"}],"wp:attachment":[{"href":"https:\/\/creandoregalos.com\/en\/wp-json\/wp\/v2\/media?parent=815"}],"wp:term":[{"taxonomy":"product_brand","embeddable":true,"href":"https:\/\/creandoregalos.com\/en\/wp-json\/wp\/v2\/product_brand?post=815"},{"taxonomy":"product_cat","embeddable":true,"href":"https:\/\/creandoregalos.com\/en\/wp-json\/wp\/v2\/product_cat?post=815"},{"taxonomy":"product_tag","embeddable":true,"href":"https:\/\/creandoregalos.com\/en\/wp-json\/wp\/v2\/product_tag?post=815"}],"curies":[{"name":"wp","href":"https:\/\/api.w.org\/{rel}","templated":true}]}}