{"id":958,"date":"2025-10-29T11:27:48","date_gmt":"2025-10-29T10:27:48","guid":{"rendered":"https:\/\/creandoregalos.com\/?post_type=product&#038;p=958"},"modified":"2025-10-29T11:38:03","modified_gmt":"2025-10-29T10:38:03","slug":"silleta-para-munecas-flowers-personalizable","status":"publish","type":"product","link":"https:\/\/creandoregalos.com\/en\/producto\/silleta-para-munecas-flowers-personalizable\/","title":{"rendered":"Silleta para mu\u00f1ecas Flowers personalizable"},"content":{"rendered":"<p>\u00bfUna silleta en la que pasear y divertirse con tus mu\u00f1ecos preferidos?<\/p>\n<p>Monn\u00ebka presenta la silleta para mu\u00f1ecas plegable, con apertura de seguridad para evitar accidentes y bolsito con estampado a juego en el que guardar todos los accesorios que sus mu\u00f1ecos necesiten.Tu peque lo pasar\u00e1 en grande imitando a los mayores y dando cuidados a sus mu\u00f1ecos con la silleta Flowers.<\/p>\n<p>\u00a1Adem\u00e1s puedes personalizarla con el nombre de tu peque bordado!<\/p>\n<p>Caracter\u00edsticas<br \/>\nMaterial: Metal, poli\u00e9ster<br \/>\nRelleno: 100% poli\u00e9ster<br \/>\nAsas suaves y esponjosas que lo hacen muy c\u00f3modo de llevar<br \/>\nMedidas: 46 cm alto x 27 cm ancho x 57 cm largo<br \/>\nMedidas plegada: 63 x 11.5 cm<br \/>\nSe pliega y despliega f\u00e1cilmente<br \/>\nTextiles que se pueden desenfundar para lavar (30\u00baC)<br \/>\nPara mu\u00f1ecas de hasta 40cm<br \/>\nA partir de 3 a\u00f1os<br \/>\nEAN: 8434149905049<\/p>\n<p>(*) Este producto incluye marcado CE de conformidad con la legislaci\u00f3n de la Uni\u00f3n Europea<\/p>\n","protected":false},"excerpt":{"rendered":"<p>\u00bfUna silleta en la que pasear y divertirse con tus mu\u00f1ecos preferidos?<\/p>\n<p>Monn\u00ebka presenta la silleta para mu\u00f1ecas plegable, con apertura de seguridad para evitar accidentes y bolsito con estampado a juego en el que guardar todos los accesorios que sus mu\u00f1ecos necesiten.Tu peque lo pasar\u00e1 en grande imitando a los mayores y dando cuidados a sus mu\u00f1ecos con la silleta Flowers.<\/p>\n<p>\u00a1Adem\u00e1s puedes personalizarla con el nombre de tu peque bordado!<\/p>\n","protected":false},"featured_media":937,"template":"","meta":{"site-sidebar-layout":"default","site-content-layout":"","ast-site-content-layout":"default","site-content-style":"default","site-sidebar-style":"default","ast-global-header-display":"","ast-banner-title-visibility":"","ast-main-header-display":"","ast-hfb-above-header-display":"","ast-hfb-below-header-display":"","ast-hfb-mobile-header-display":"","site-post-title":"","ast-breadcrumbs-content":"","ast-featured-img":"","footer-sml-layout":"","theme-transparent-header-meta":"default","adv-header-id-meta":"","stick-header-meta":"","header-above-stick-meta":"","header-main-stick-meta":"","header-below-stick-meta":"","astra-migrate-meta-layouts":"set","ast-page-background-enabled":"default","ast-page-background-meta":{"desktop":{"background-color":"var(--ast-global-color-4)","background-image":"","background-repeat":"repeat","background-position":"center center","background-size":"auto","background-attachment":"scroll","background-type":"","background-media":"","overlay-type":"","overlay-color":"","overlay-opacity":"","overlay-gradient":""},"tablet":{"background-color":"","background-image":"","background-repeat":"repeat","background-position":"center center","background-size":"auto","background-attachment":"scroll","background-type":"","background-media":"","overlay-type":"","overlay-color":"","overlay-opacity":"","overlay-gradient":""},"mobile":{"background-color":"","background-image":"","background-repeat":"repeat","background-position":"center center","background-size":"auto","background-attachment":"scroll","background-type":"","background-media":"","overlay-type":"","overlay-color":"","overlay-opacity":"","overlay-gradient":""}},"ast-content-background-meta":{"desktop":{"background-color":"var(--ast-global-color-5)","background-image":"","background-repeat":"repeat","background-position":"center center","background-size":"auto","background-attachment":"scroll","background-type":"","background-media":"","overlay-type":"","overlay-color":"","overlay-opacity":"","overlay-gradient":""},"tablet":{"background-color":"var(--ast-global-color-5)","background-image":"","background-repeat":"repeat","background-position":"center center","background-size":"auto","background-attachment":"scroll","background-type":"","background-media":"","overlay-type":"","overlay-color":"","overlay-opacity":"","overlay-gradient":""},"mobile":{"background-color":"var(--ast-global-color-5)","background-image":"","background-repeat":"repeat","background-position":"center center","background-size":"auto","background-attachment":"scroll","background-type":"","background-media":"","overlay-type":"","overlay-color":"","overlay-opacity":"","overlay-gradient":""}}},"product_brand":[96],"product_cat":[95],"product_tag":[102,99,101,98,100,103,97],"class_list":{"0":"post-958","1":"product","2":"type-product","3":"status-publish","4":"has-post-thumbnail","6":"product_brand-monneka","7":"product_cat-monneka","8":"product_tag-accesorios-munecas","9":"product_tag-carrito-munecas","10":"product_tag-juguetes-monneka","11":"product_tag-juguetes3-anos","12":"product_tag-monneka","13":"product_tag-navidad","14":"product_tag-silletas","15":"desktop-align-left","16":"tablet-align-left","17":"mobile-align-left","19":"first","20":"instock","21":"taxable","22":"shipping-taxable","23":"purchasable","24":"product-type-simple"},"yoast_head":"<!-- This site is optimized with the Yoast SEO plugin v26.2 - https:\/\/yoast.com\/wordpress\/plugins\/seo\/ -->\n<title>Silleta para mu\u00f1ecas Flowers personalizable - Creando Regalos<\/title>\n<meta name=\"description\" content=\"\u00bfUna silleta en la que pasear y divertirse con tus mu\u00f1ecos preferidos?Monn\u00ebka presenta la silleta para mu\u00f1ecas plegable, con apertura de seguridad para evitar accidentes y bolsito con estampado a juego en el que guardar todos los accesorios que sus mu\u00f1ecos necesiten.Tu peque lo pasar\u00e1 en grande imitando a los mayores y dando cuidados a sus mu\u00f1ecos con la silleta Flowers.\u00a1Adem\u00e1s puedes personalizarla con el nombre de tu peque bordado!\" \/>\n<meta name=\"robots\" content=\"index, follow, max-snippet:-1, max-image-preview:large, max-video-preview:-1\" \/>\n<link rel=\"canonical\" href=\"https:\/\/creandoregalos.com\/en\/producto\/silleta-para-munecas-flowers-personalizable\/\" \/>\n<meta property=\"og:locale\" content=\"en_US\" \/>\n<meta property=\"og:type\" content=\"article\" \/>\n<meta property=\"og:title\" content=\"Silleta para mu\u00f1ecas Flowers personalizable - Creando Regalos\" \/>\n<meta property=\"og:description\" content=\"\u00bfUna silleta en la que pasear y divertirse con tus mu\u00f1ecos preferidos?Monn\u00ebka presenta la silleta para mu\u00f1ecas plegable, con apertura de seguridad para evitar accidentes y bolsito con estampado a juego en el que guardar todos los accesorios que sus mu\u00f1ecos necesiten.Tu peque lo pasar\u00e1 en grande imitando a los mayores y dando cuidados a sus mu\u00f1ecos con la silleta Flowers.\u00a1Adem\u00e1s puedes personalizarla con el nombre de tu peque bordado!\" \/>\n<meta property=\"og:url\" content=\"https:\/\/creandoregalos.com\/en\/producto\/silleta-para-munecas-flowers-personalizable\/\" \/>\n<meta property=\"og:site_name\" content=\"Creando Regalos\" \/>\n<meta property=\"article:modified_time\" content=\"2025-10-29T10:38:03+00:00\" \/>\n<meta property=\"og:image\" content=\"https:\/\/creandoregalos.com\/wp-content\/uploads\/2025\/10\/Imagen-de-WhatsApp-2025-10-29-a-las-10.57.12_07c084d7.jpg\" \/>\n\t<meta property=\"og:image:width\" content=\"1080\" \/>\n\t<meta property=\"og:image:height\" content=\"1638\" \/>\n\t<meta property=\"og:image:type\" content=\"image\/jpeg\" \/>\n<meta name=\"twitter:card\" content=\"summary_large_image\" \/>\n<meta name=\"twitter:label1\" content=\"Est. reading time\" \/>\n\t<meta name=\"twitter:data1\" content=\"1 minute\" \/>\n<script type=\"application\/ld+json\" class=\"yoast-schema-graph\">{\"@context\":\"https:\/\/schema.org\",\"@graph\":[{\"@type\":\"WebPage\",\"@id\":\"https:\/\/creandoregalos.com\/en\/producto\/silleta-para-munecas-flowers-personalizable\/\",\"url\":\"https:\/\/creandoregalos.com\/en\/producto\/silleta-para-munecas-flowers-personalizable\/\",\"name\":\"Silleta para mu\u00f1ecas Flowers personalizable - Creando Regalos\",\"isPartOf\":{\"@id\":\"https:\/\/creandoregalos.com\/en\/#website\"},\"primaryImageOfPage\":{\"@id\":\"https:\/\/creandoregalos.com\/en\/producto\/silleta-para-munecas-flowers-personalizable\/#primaryimage\"},\"image\":{\"@id\":\"https:\/\/creandoregalos.com\/en\/producto\/silleta-para-munecas-flowers-personalizable\/#primaryimage\"},\"thumbnailUrl\":\"https:\/\/creandoregalos.com\/wp-content\/uploads\/2025\/10\/Imagen-de-WhatsApp-2025-10-29-a-las-10.57.12_07c084d7.jpg\",\"datePublished\":\"2025-10-29T10:27:48+00:00\",\"dateModified\":\"2025-10-29T10:38:03+00:00\",\"description\":\"\u00bfUna silleta en la que pasear y divertirse con tus mu\u00f1ecos preferidos?Monn\u00ebka presenta la silleta para mu\u00f1ecas plegable, con apertura de seguridad para evitar accidentes y bolsito con estampado a juego en el que guardar todos los accesorios que sus mu\u00f1ecos necesiten.Tu peque lo pasar\u00e1 en grande imitando a los mayores y dando cuidados a sus mu\u00f1ecos con la silleta Flowers.\u00a1Adem\u00e1s puedes personalizarla con el nombre de tu peque bordado!\",\"breadcrumb\":{\"@id\":\"https:\/\/creandoregalos.com\/en\/producto\/silleta-para-munecas-flowers-personalizable\/#breadcrumb\"},\"inLanguage\":\"en-US\",\"potentialAction\":[{\"@type\":\"ReadAction\",\"target\":[\"https:\/\/creandoregalos.com\/en\/producto\/silleta-para-munecas-flowers-personalizable\/\"]}]},{\"@type\":\"ImageObject\",\"inLanguage\":\"en-US\",\"@id\":\"https:\/\/creandoregalos.com\/en\/producto\/silleta-para-munecas-flowers-personalizable\/#primaryimage\",\"url\":\"https:\/\/creandoregalos.com\/wp-content\/uploads\/2025\/10\/Imagen-de-WhatsApp-2025-10-29-a-las-10.57.12_07c084d7.jpg\",\"contentUrl\":\"https:\/\/creandoregalos.com\/wp-content\/uploads\/2025\/10\/Imagen-de-WhatsApp-2025-10-29-a-las-10.57.12_07c084d7.jpg\",\"width\":1080,\"height\":1638,\"caption\":\"Silleta para mu\u00f1ecas Flowers personalizable\"},{\"@type\":\"BreadcrumbList\",\"@id\":\"https:\/\/creandoregalos.com\/en\/producto\/silleta-para-munecas-flowers-personalizable\/#breadcrumb\",\"itemListElement\":[{\"@type\":\"ListItem\",\"position\":1,\"name\":\"Portada\",\"item\":\"https:\/\/creandoregalos.com\/en\/\"},{\"@type\":\"ListItem\",\"position\":2,\"name\":\"Shop\",\"item\":\"https:\/\/creandoregalos.com\/tienda\/\"},{\"@type\":\"ListItem\",\"position\":3,\"name\":\"Silleta para mu\u00f1ecas Flowers personalizable\"}]},{\"@type\":\"WebSite\",\"@id\":\"https:\/\/creandoregalos.com\/en\/#website\",\"url\":\"https:\/\/creandoregalos.com\/en\/\",\"name\":\"Creando Regalos\",\"description\":\"Tienda de regalos personalizados y mu\u00f1ecas newborn\",\"publisher\":{\"@id\":\"https:\/\/creandoregalos.com\/en\/#organization\"},\"potentialAction\":[{\"@type\":\"SearchAction\",\"target\":{\"@type\":\"EntryPoint\",\"urlTemplate\":\"https:\/\/creandoregalos.com\/en\/?s={search_term_string}\"},\"query-input\":{\"@type\":\"PropertyValueSpecification\",\"valueRequired\":true,\"valueName\":\"search_term_string\"}}],\"inLanguage\":\"en-US\"},{\"@type\":\"Organization\",\"@id\":\"https:\/\/creandoregalos.com\/en\/#organization\",\"name\":\"Creando Regalos\",\"url\":\"https:\/\/creandoregalos.com\/en\/\",\"logo\":{\"@type\":\"ImageObject\",\"inLanguage\":\"en-US\",\"@id\":\"https:\/\/creandoregalos.com\/en\/#\/schema\/logo\/image\/\",\"url\":\"https:\/\/creandoregalos.com\/wp-content\/uploads\/2025\/01\/Creando-regalos-logo-1.svg\",\"contentUrl\":\"https:\/\/creandoregalos.com\/wp-content\/uploads\/2025\/01\/Creando-regalos-logo-1.svg\",\"width\":286,\"height\":91,\"caption\":\"Creando Regalos\"},\"image\":{\"@id\":\"https:\/\/creandoregalos.com\/en\/#\/schema\/logo\/image\/\"}}]}<\/script>\n<!-- \/ Yoast SEO plugin. -->","yoast_head_json":{"title":"Silleta para mu\u00f1ecas Flowers personalizable - Creando Regalos","description":"\u00bfUna silleta en la que pasear y divertirse con tus mu\u00f1ecos preferidos?Monn\u00ebka presenta la silleta para mu\u00f1ecas plegable, con apertura de seguridad para evitar accidentes y bolsito con estampado a juego en el que guardar todos los accesorios que sus mu\u00f1ecos necesiten.Tu peque lo pasar\u00e1 en grande imitando a los mayores y dando cuidados a sus mu\u00f1ecos con la silleta Flowers.\u00a1Adem\u00e1s puedes personalizarla con el nombre de tu peque bordado!","robots":{"index":"index","follow":"follow","max-snippet":"max-snippet:-1","max-image-preview":"max-image-preview:large","max-video-preview":"max-video-preview:-1"},"canonical":"https:\/\/creandoregalos.com\/en\/producto\/silleta-para-munecas-flowers-personalizable\/","og_locale":"en_US","og_type":"article","og_title":"Silleta para mu\u00f1ecas Flowers personalizable - Creando Regalos","og_description":"\u00bfUna silleta en la que pasear y divertirse con tus mu\u00f1ecos preferidos?Monn\u00ebka presenta la silleta para mu\u00f1ecas plegable, con apertura de seguridad para evitar accidentes y bolsito con estampado a juego en el que guardar todos los accesorios que sus mu\u00f1ecos necesiten.Tu peque lo pasar\u00e1 en grande imitando a los mayores y dando cuidados a sus mu\u00f1ecos con la silleta Flowers.\u00a1Adem\u00e1s puedes personalizarla con el nombre de tu peque bordado!","og_url":"https:\/\/creandoregalos.com\/en\/producto\/silleta-para-munecas-flowers-personalizable\/","og_site_name":"Creando Regalos","article_modified_time":"2025-10-29T10:38:03+00:00","og_image":[{"width":1080,"height":1638,"url":"https:\/\/creandoregalos.com\/wp-content\/uploads\/2025\/10\/Imagen-de-WhatsApp-2025-10-29-a-las-10.57.12_07c084d7.jpg","type":"image\/jpeg"}],"twitter_card":"summary_large_image","twitter_misc":{"Est. reading time":"1 minute"},"schema":{"@context":"https:\/\/schema.org","@graph":[{"@type":"WebPage","@id":"https:\/\/creandoregalos.com\/en\/producto\/silleta-para-munecas-flowers-personalizable\/","url":"https:\/\/creandoregalos.com\/en\/producto\/silleta-para-munecas-flowers-personalizable\/","name":"Silleta para mu\u00f1ecas Flowers personalizable - Creando Regalos","isPartOf":{"@id":"https:\/\/creandoregalos.com\/en\/#website"},"primaryImageOfPage":{"@id":"https:\/\/creandoregalos.com\/en\/producto\/silleta-para-munecas-flowers-personalizable\/#primaryimage"},"image":{"@id":"https:\/\/creandoregalos.com\/en\/producto\/silleta-para-munecas-flowers-personalizable\/#primaryimage"},"thumbnailUrl":"https:\/\/creandoregalos.com\/wp-content\/uploads\/2025\/10\/Imagen-de-WhatsApp-2025-10-29-a-las-10.57.12_07c084d7.jpg","datePublished":"2025-10-29T10:27:48+00:00","dateModified":"2025-10-29T10:38:03+00:00","description":"\u00bfUna silleta en la que pasear y divertirse con tus mu\u00f1ecos preferidos?Monn\u00ebka presenta la silleta para mu\u00f1ecas plegable, con apertura de seguridad para evitar accidentes y bolsito con estampado a juego en el que guardar todos los accesorios que sus mu\u00f1ecos necesiten.Tu peque lo pasar\u00e1 en grande imitando a los mayores y dando cuidados a sus mu\u00f1ecos con la silleta Flowers.\u00a1Adem\u00e1s puedes personalizarla con el nombre de tu peque bordado!","breadcrumb":{"@id":"https:\/\/creandoregalos.com\/en\/producto\/silleta-para-munecas-flowers-personalizable\/#breadcrumb"},"inLanguage":"en-US","potentialAction":[{"@type":"ReadAction","target":["https:\/\/creandoregalos.com\/en\/producto\/silleta-para-munecas-flowers-personalizable\/"]}]},{"@type":"ImageObject","inLanguage":"en-US","@id":"https:\/\/creandoregalos.com\/en\/producto\/silleta-para-munecas-flowers-personalizable\/#primaryimage","url":"https:\/\/creandoregalos.com\/wp-content\/uploads\/2025\/10\/Imagen-de-WhatsApp-2025-10-29-a-las-10.57.12_07c084d7.jpg","contentUrl":"https:\/\/creandoregalos.com\/wp-content\/uploads\/2025\/10\/Imagen-de-WhatsApp-2025-10-29-a-las-10.57.12_07c084d7.jpg","width":1080,"height":1638,"caption":"Silleta para mu\u00f1ecas Flowers personalizable"},{"@type":"BreadcrumbList","@id":"https:\/\/creandoregalos.com\/en\/producto\/silleta-para-munecas-flowers-personalizable\/#breadcrumb","itemListElement":[{"@type":"ListItem","position":1,"name":"Portada","item":"https:\/\/creandoregalos.com\/en\/"},{"@type":"ListItem","position":2,"name":"Shop","item":"https:\/\/creandoregalos.com\/tienda\/"},{"@type":"ListItem","position":3,"name":"Silleta para mu\u00f1ecas Flowers personalizable"}]},{"@type":"WebSite","@id":"https:\/\/creandoregalos.com\/en\/#website","url":"https:\/\/creandoregalos.com\/en\/","name":"Creando Regalos","description":"Tienda de regalos personalizados y mu\u00f1ecas newborn","publisher":{"@id":"https:\/\/creandoregalos.com\/en\/#organization"},"potentialAction":[{"@type":"SearchAction","target":{"@type":"EntryPoint","urlTemplate":"https:\/\/creandoregalos.com\/en\/?s={search_term_string}"},"query-input":{"@type":"PropertyValueSpecification","valueRequired":true,"valueName":"search_term_string"}}],"inLanguage":"en-US"},{"@type":"Organization","@id":"https:\/\/creandoregalos.com\/en\/#organization","name":"Creando Regalos","url":"https:\/\/creandoregalos.com\/en\/","logo":{"@type":"ImageObject","inLanguage":"en-US","@id":"https:\/\/creandoregalos.com\/en\/#\/schema\/logo\/image\/","url":"https:\/\/creandoregalos.com\/wp-content\/uploads\/2025\/01\/Creando-regalos-logo-1.svg","contentUrl":"https:\/\/creandoregalos.com\/wp-content\/uploads\/2025\/01\/Creando-regalos-logo-1.svg","width":286,"height":91,"caption":"Creando Regalos"},"image":{"@id":"https:\/\/creandoregalos.com\/en\/#\/schema\/logo\/image\/"}}]}},"_links":{"self":[{"href":"https:\/\/creandoregalos.com\/en\/wp-json\/wp\/v2\/product\/958","targetHints":{"allow":["GET"]}}],"collection":[{"href":"https:\/\/creandoregalos.com\/en\/wp-json\/wp\/v2\/product"}],"about":[{"href":"https:\/\/creandoregalos.com\/en\/wp-json\/wp\/v2\/types\/product"}],"wp:featuredmedia":[{"embeddable":true,"href":"https:\/\/creandoregalos.com\/en\/wp-json\/wp\/v2\/media\/937"}],"wp:attachment":[{"href":"https:\/\/creandoregalos.com\/en\/wp-json\/wp\/v2\/media?parent=958"}],"wp:term":[{"taxonomy":"product_brand","embeddable":true,"href":"https:\/\/creandoregalos.com\/en\/wp-json\/wp\/v2\/product_brand?post=958"},{"taxonomy":"product_cat","embeddable":true,"href":"https:\/\/creandoregalos.com\/en\/wp-json\/wp\/v2\/product_cat?post=958"},{"taxonomy":"product_tag","embeddable":true,"href":"https:\/\/creandoregalos.com\/en\/wp-json\/wp\/v2\/product_tag?post=958"}],"curies":[{"name":"wp","href":"https:\/\/api.w.org\/{rel}","templated":true}]}}