{"id":969,"date":"2025-10-29T12:53:39","date_gmt":"2025-10-29T11:53:39","guid":{"rendered":"https:\/\/creandoregalos.com\/?post_type=product&#038;p=969"},"modified":"2025-10-29T12:53:39","modified_gmt":"2025-10-29T11:53:39","slug":"carritodelacompra","status":"publish","type":"product","link":"https:\/\/creandoregalos.com\/en\/producto\/carritodelacompra\/","title":{"rendered":"Carrito de la compra Flowers Personalizable"},"content":{"rendered":"<p>\u00bfListo para hacer la compra como los mayores?<\/p>\n<p>Monn\u00ebka presenta el encantador carrito de la compra con un bonito estampado de flores que se convertir\u00e1 en el complemento perfecto para el juego simb\u00f3lico de los m\u00e1s peque\u00f1os. Con un dise\u00f1o cuidado, materiales sostenibles y acabados de alta calidad, este carrito infantil invita a imaginar, jugar y aprender imitando a los mayores.<\/p>\n<p>Su estructura robusta de hierro incluye una cestita superior de gran capacidad, un asiento integrado para mu\u00f1ecos y una pr\u00e1ctica bandeja inferior de tela, ideal para almacenar todos los productos del supermercado infantil. Las ruedas delanteras giratorias y el mango acolchado garantizan un manejo c\u00f3modo y seguro durante el juego.<\/p>\n<p>\u00a1Adem\u00e1s puedes personalizarlo con el nombre de tu peque bordado!<\/p>\n<p>Caracter\u00edsticas<br \/>\nMaterial: poli\u00e9ster<br \/>\nEstructura de hierro<br \/>\nMedidas aproximadas: 30 x 48 x 56 cm<br \/>\nCesta superior amplia con asiento incorporado para mu\u00f1ecos y peluches<br \/>\nBandeja inferior de tela<br \/>\nRuedas delanteras giratorias que facilitan su manejo y manipulaci\u00f3n<br \/>\nMango acolchado para un agarre suave y c\u00f3modo<br \/>\nA partir de 3 a\u00f1os<br \/>\nEAN: 8434149018275<\/p>\n<p>(*) Este producto incluye marcado CE de conformidad con la legislaci\u00f3n de la Uni\u00f3n Europea<\/p>\n","protected":false},"excerpt":{"rendered":"<p>\u00bfListo para hacer la compra como los mayores?<\/p>\n<p>Monn\u00ebka presenta el encantador carrito de la compra con un bonito estampado de flores que se convertir\u00e1 en el complemento perfecto para el juego simb\u00f3lico de los m\u00e1s peque\u00f1os. Con un dise\u00f1o cuidado, materiales sostenibles y acabados de alta calidad, este carrito infantil invita a imaginar, jugar y aprender imitando a los mayores.<\/p>\n<p>Su estructura robusta de hierro incluye una cestita superior de gran capacidad, un asiento integrado para mu\u00f1ecos y una pr\u00e1ctica bandeja inferior de tela, ideal para almacenar todos los productos del supermercado infantil. Las ruedas delanteras giratorias y el mango acolchado garantizan un manejo c\u00f3modo y seguro durante el juego.<\/p>\n<p>\u00a1Adem\u00e1s puedes personalizarlo con el nombre de tu peque bordado!<\/p>\n","protected":false},"featured_media":970,"template":"","meta":{"site-sidebar-layout":"default","site-content-layout":"","ast-site-content-layout":"default","site-content-style":"default","site-sidebar-style":"default","ast-global-header-display":"","ast-banner-title-visibility":"","ast-main-header-display":"","ast-hfb-above-header-display":"","ast-hfb-below-header-display":"","ast-hfb-mobile-header-display":"","site-post-title":"","ast-breadcrumbs-content":"","ast-featured-img":"","footer-sml-layout":"","theme-transparent-header-meta":"default","adv-header-id-meta":"","stick-header-meta":"","header-above-stick-meta":"","header-main-stick-meta":"","header-below-stick-meta":"","astra-migrate-meta-layouts":"set","ast-page-background-enabled":"default","ast-page-background-meta":{"desktop":{"background-color":"var(--ast-global-color-4)","background-image":"","background-repeat":"repeat","background-position":"center center","background-size":"auto","background-attachment":"scroll","background-type":"","background-media":"","overlay-type":"","overlay-color":"","overlay-opacity":"","overlay-gradient":""},"tablet":{"background-color":"","background-image":"","background-repeat":"repeat","background-position":"center center","background-size":"auto","background-attachment":"scroll","background-type":"","background-media":"","overlay-type":"","overlay-color":"","overlay-opacity":"","overlay-gradient":""},"mobile":{"background-color":"","background-image":"","background-repeat":"repeat","background-position":"center center","background-size":"auto","background-attachment":"scroll","background-type":"","background-media":"","overlay-type":"","overlay-color":"","overlay-opacity":"","overlay-gradient":""}},"ast-content-background-meta":{"desktop":{"background-color":"var(--ast-global-color-5)","background-image":"","background-repeat":"repeat","background-position":"center center","background-size":"auto","background-attachment":"scroll","background-type":"","background-media":"","overlay-type":"","overlay-color":"","overlay-opacity":"","overlay-gradient":""},"tablet":{"background-color":"var(--ast-global-color-5)","background-image":"","background-repeat":"repeat","background-position":"center center","background-size":"auto","background-attachment":"scroll","background-type":"","background-media":"","overlay-type":"","overlay-color":"","overlay-opacity":"","overlay-gradient":""},"mobile":{"background-color":"var(--ast-global-color-5)","background-image":"","background-repeat":"repeat","background-position":"center center","background-size":"auto","background-attachment":"scroll","background-type":"","background-media":"","overlay-type":"","overlay-color":"","overlay-opacity":"","overlay-gradient":""}}},"product_brand":[96],"product_cat":[95],"product_tag":[],"class_list":{"0":"post-969","1":"product","2":"type-product","3":"status-publish","4":"has-post-thumbnail","6":"product_brand-monneka","7":"product_cat-monneka","8":"desktop-align-left","9":"tablet-align-left","10":"mobile-align-left","12":"first","13":"instock","14":"taxable","15":"shipping-taxable","16":"purchasable","17":"product-type-simple"},"yoast_head":"<!-- This site is optimized with the Yoast SEO plugin v26.2 - https:\/\/yoast.com\/wordpress\/plugins\/seo\/ -->\n<title>Carrito de la compra Flowers Personalizable - Creando Regalos<\/title>\n<meta name=\"description\" content=\"\u00bfListo para hacer la compra como los mayores? Monn\u00ebka presenta el encantador carrito de la compra con un bonito estampado de flores que se convertir\u00e1 en el complemento perfecto para el juego simb\u00f3lico de los m\u00e1s peque\u00f1os. Con un dise\u00f1o cuidado, materiales sostenibles y acabados de alta calidad, este carrito infantil invita a imaginar, jugar y aprender imitando a los mayores. Su estructura robusta de hierro incluye una cestita superior de gran capacidad, un asiento integrado para mu\u00f1ecos y una pr\u00e1ctica bandeja inferior de tela, ideal para almacenar todos los productos del supermercado infantil. Las ruedas delanteras giratorias y el mango acolchado garantizan un manejo c\u00f3modo y seguro durante el juego. \u00a1Adem\u00e1s puedes personalizarlo con el nombre de tu peque bordado! Caracter\u00edsticas Material: poli\u00e9ster Estructura de hierro Medidas aproximadas: 30 x 48 x 56 cm Cesta superior amplia con asiento incorporado para mu\u00f1ecos y peluches Bandeja inferior de tela Ruedas delanteras giratorias que facilitan su manejo y manipulaci\u00f3n Mango acolchado para un agarre suave y c\u00f3modo A partir de 3 a\u00f1os EAN: 8434149018275 (*) Este producto incluye marcado CE de conformidad con la legislaci\u00f3n de la Uni\u00f3n Europea\" \/>\n<meta name=\"robots\" content=\"index, follow, max-snippet:-1, max-image-preview:large, max-video-preview:-1\" \/>\n<link rel=\"canonical\" href=\"https:\/\/creandoregalos.com\/en\/producto\/carritodelacompra\/\" \/>\n<meta property=\"og:locale\" content=\"en_US\" \/>\n<meta property=\"og:type\" content=\"article\" \/>\n<meta property=\"og:title\" content=\"Carrito de la compra Flowers Personalizable - Creando Regalos\" \/>\n<meta property=\"og:description\" content=\"\u00bfListo para hacer la compra como los mayores? Monn\u00ebka presenta el encantador carrito de la compra con un bonito estampado de flores que se convertir\u00e1 en el complemento perfecto para el juego simb\u00f3lico de los m\u00e1s peque\u00f1os. Con un dise\u00f1o cuidado, materiales sostenibles y acabados de alta calidad, este carrito infantil invita a imaginar, jugar y aprender imitando a los mayores. Su estructura robusta de hierro incluye una cestita superior de gran capacidad, un asiento integrado para mu\u00f1ecos y una pr\u00e1ctica bandeja inferior de tela, ideal para almacenar todos los productos del supermercado infantil. Las ruedas delanteras giratorias y el mango acolchado garantizan un manejo c\u00f3modo y seguro durante el juego. \u00a1Adem\u00e1s puedes personalizarlo con el nombre de tu peque bordado! Caracter\u00edsticas Material: poli\u00e9ster Estructura de hierro Medidas aproximadas: 30 x 48 x 56 cm Cesta superior amplia con asiento incorporado para mu\u00f1ecos y peluches Bandeja inferior de tela Ruedas delanteras giratorias que facilitan su manejo y manipulaci\u00f3n Mango acolchado para un agarre suave y c\u00f3modo A partir de 3 a\u00f1os EAN: 8434149018275 (*) Este producto incluye marcado CE de conformidad con la legislaci\u00f3n de la Uni\u00f3n Europea\" \/>\n<meta property=\"og:url\" content=\"https:\/\/creandoregalos.com\/en\/producto\/carritodelacompra\/\" \/>\n<meta property=\"og:site_name\" content=\"Creando Regalos\" \/>\n<meta property=\"og:image\" content=\"https:\/\/creandoregalos.com\/wp-content\/uploads\/2025\/10\/Imagen-de-WhatsApp-2025-10-29-a-las-12.43.12_048fc5b0.jpg\" \/>\n\t<meta property=\"og:image:width\" content=\"1080\" \/>\n\t<meta property=\"og:image:height\" content=\"1825\" \/>\n\t<meta property=\"og:image:type\" content=\"image\/jpeg\" \/>\n<meta name=\"twitter:card\" content=\"summary_large_image\" \/>\n<meta name=\"twitter:label1\" content=\"Est. reading time\" \/>\n\t<meta name=\"twitter:data1\" content=\"2 minutes\" \/>\n<script type=\"application\/ld+json\" class=\"yoast-schema-graph\">{\"@context\":\"https:\/\/schema.org\",\"@graph\":[{\"@type\":\"WebPage\",\"@id\":\"https:\/\/creandoregalos.com\/en\/producto\/carritodelacompra\/\",\"url\":\"https:\/\/creandoregalos.com\/en\/producto\/carritodelacompra\/\",\"name\":\"Carrito de la compra Flowers Personalizable - Creando Regalos\",\"isPartOf\":{\"@id\":\"https:\/\/creandoregalos.com\/en\/#website\"},\"primaryImageOfPage\":{\"@id\":\"https:\/\/creandoregalos.com\/en\/producto\/carritodelacompra\/#primaryimage\"},\"image\":{\"@id\":\"https:\/\/creandoregalos.com\/en\/producto\/carritodelacompra\/#primaryimage\"},\"thumbnailUrl\":\"https:\/\/creandoregalos.com\/wp-content\/uploads\/2025\/10\/Imagen-de-WhatsApp-2025-10-29-a-las-12.43.12_048fc5b0.jpg\",\"datePublished\":\"2025-10-29T11:53:39+00:00\",\"description\":\"\u00bfListo para hacer la compra como los mayores? Monn\u00ebka presenta el encantador carrito de la compra con un bonito estampado de flores que se convertir\u00e1 en el complemento perfecto para el juego simb\u00f3lico de los m\u00e1s peque\u00f1os. Con un dise\u00f1o cuidado, materiales sostenibles y acabados de alta calidad, este carrito infantil invita a imaginar, jugar y aprender imitando a los mayores. Su estructura robusta de hierro incluye una cestita superior de gran capacidad, un asiento integrado para mu\u00f1ecos y una pr\u00e1ctica bandeja inferior de tela, ideal para almacenar todos los productos del supermercado infantil. Las ruedas delanteras giratorias y el mango acolchado garantizan un manejo c\u00f3modo y seguro durante el juego. \u00a1Adem\u00e1s puedes personalizarlo con el nombre de tu peque bordado! Caracter\u00edsticas Material: poli\u00e9ster Estructura de hierro Medidas aproximadas: 30 x 48 x 56 cm Cesta superior amplia con asiento incorporado para mu\u00f1ecos y peluches Bandeja inferior de tela Ruedas delanteras giratorias que facilitan su manejo y manipulaci\u00f3n Mango acolchado para un agarre suave y c\u00f3modo A partir de 3 a\u00f1os EAN: 8434149018275 (*) Este producto incluye marcado CE de conformidad con la legislaci\u00f3n de la Uni\u00f3n Europea\",\"breadcrumb\":{\"@id\":\"https:\/\/creandoregalos.com\/en\/producto\/carritodelacompra\/#breadcrumb\"},\"inLanguage\":\"en-US\",\"potentialAction\":[{\"@type\":\"ReadAction\",\"target\":[\"https:\/\/creandoregalos.com\/en\/producto\/carritodelacompra\/\"]}]},{\"@type\":\"ImageObject\",\"inLanguage\":\"en-US\",\"@id\":\"https:\/\/creandoregalos.com\/en\/producto\/carritodelacompra\/#primaryimage\",\"url\":\"https:\/\/creandoregalos.com\/wp-content\/uploads\/2025\/10\/Imagen-de-WhatsApp-2025-10-29-a-las-12.43.12_048fc5b0.jpg\",\"contentUrl\":\"https:\/\/creandoregalos.com\/wp-content\/uploads\/2025\/10\/Imagen-de-WhatsApp-2025-10-29-a-las-12.43.12_048fc5b0.jpg\",\"width\":1080,\"height\":1825},{\"@type\":\"BreadcrumbList\",\"@id\":\"https:\/\/creandoregalos.com\/en\/producto\/carritodelacompra\/#breadcrumb\",\"itemListElement\":[{\"@type\":\"ListItem\",\"position\":1,\"name\":\"Portada\",\"item\":\"https:\/\/creandoregalos.com\/en\/\"},{\"@type\":\"ListItem\",\"position\":2,\"name\":\"Shop\",\"item\":\"https:\/\/creandoregalos.com\/tienda\/\"},{\"@type\":\"ListItem\",\"position\":3,\"name\":\"Carrito de la compra Flowers Personalizable\"}]},{\"@type\":\"WebSite\",\"@id\":\"https:\/\/creandoregalos.com\/en\/#website\",\"url\":\"https:\/\/creandoregalos.com\/en\/\",\"name\":\"Creando Regalos\",\"description\":\"Tienda de regalos personalizados y mu\u00f1ecas newborn\",\"publisher\":{\"@id\":\"https:\/\/creandoregalos.com\/en\/#organization\"},\"potentialAction\":[{\"@type\":\"SearchAction\",\"target\":{\"@type\":\"EntryPoint\",\"urlTemplate\":\"https:\/\/creandoregalos.com\/en\/?s={search_term_string}\"},\"query-input\":{\"@type\":\"PropertyValueSpecification\",\"valueRequired\":true,\"valueName\":\"search_term_string\"}}],\"inLanguage\":\"en-US\"},{\"@type\":\"Organization\",\"@id\":\"https:\/\/creandoregalos.com\/en\/#organization\",\"name\":\"Creando Regalos\",\"url\":\"https:\/\/creandoregalos.com\/en\/\",\"logo\":{\"@type\":\"ImageObject\",\"inLanguage\":\"en-US\",\"@id\":\"https:\/\/creandoregalos.com\/en\/#\/schema\/logo\/image\/\",\"url\":\"https:\/\/creandoregalos.com\/wp-content\/uploads\/2025\/01\/Creando-regalos-logo-1.svg\",\"contentUrl\":\"https:\/\/creandoregalos.com\/wp-content\/uploads\/2025\/01\/Creando-regalos-logo-1.svg\",\"width\":286,\"height\":91,\"caption\":\"Creando Regalos\"},\"image\":{\"@id\":\"https:\/\/creandoregalos.com\/en\/#\/schema\/logo\/image\/\"}}]}<\/script>\n<!-- \/ Yoast SEO plugin. -->","yoast_head_json":{"title":"Carrito de la compra Flowers Personalizable - Creando Regalos","description":"\u00bfListo para hacer la compra como los mayores? Monn\u00ebka presenta el encantador carrito de la compra con un bonito estampado de flores que se convertir\u00e1 en el complemento perfecto para el juego simb\u00f3lico de los m\u00e1s peque\u00f1os. Con un dise\u00f1o cuidado, materiales sostenibles y acabados de alta calidad, este carrito infantil invita a imaginar, jugar y aprender imitando a los mayores. Su estructura robusta de hierro incluye una cestita superior de gran capacidad, un asiento integrado para mu\u00f1ecos y una pr\u00e1ctica bandeja inferior de tela, ideal para almacenar todos los productos del supermercado infantil. Las ruedas delanteras giratorias y el mango acolchado garantizan un manejo c\u00f3modo y seguro durante el juego. \u00a1Adem\u00e1s puedes personalizarlo con el nombre de tu peque bordado! Caracter\u00edsticas Material: poli\u00e9ster Estructura de hierro Medidas aproximadas: 30 x 48 x 56 cm Cesta superior amplia con asiento incorporado para mu\u00f1ecos y peluches Bandeja inferior de tela Ruedas delanteras giratorias que facilitan su manejo y manipulaci\u00f3n Mango acolchado para un agarre suave y c\u00f3modo A partir de 3 a\u00f1os EAN: 8434149018275 (*) Este producto incluye marcado CE de conformidad con la legislaci\u00f3n de la Uni\u00f3n Europea","robots":{"index":"index","follow":"follow","max-snippet":"max-snippet:-1","max-image-preview":"max-image-preview:large","max-video-preview":"max-video-preview:-1"},"canonical":"https:\/\/creandoregalos.com\/en\/producto\/carritodelacompra\/","og_locale":"en_US","og_type":"article","og_title":"Carrito de la compra Flowers Personalizable - Creando Regalos","og_description":"\u00bfListo para hacer la compra como los mayores? Monn\u00ebka presenta el encantador carrito de la compra con un bonito estampado de flores que se convertir\u00e1 en el complemento perfecto para el juego simb\u00f3lico de los m\u00e1s peque\u00f1os. Con un dise\u00f1o cuidado, materiales sostenibles y acabados de alta calidad, este carrito infantil invita a imaginar, jugar y aprender imitando a los mayores. Su estructura robusta de hierro incluye una cestita superior de gran capacidad, un asiento integrado para mu\u00f1ecos y una pr\u00e1ctica bandeja inferior de tela, ideal para almacenar todos los productos del supermercado infantil. Las ruedas delanteras giratorias y el mango acolchado garantizan un manejo c\u00f3modo y seguro durante el juego. \u00a1Adem\u00e1s puedes personalizarlo con el nombre de tu peque bordado! Caracter\u00edsticas Material: poli\u00e9ster Estructura de hierro Medidas aproximadas: 30 x 48 x 56 cm Cesta superior amplia con asiento incorporado para mu\u00f1ecos y peluches Bandeja inferior de tela Ruedas delanteras giratorias que facilitan su manejo y manipulaci\u00f3n Mango acolchado para un agarre suave y c\u00f3modo A partir de 3 a\u00f1os EAN: 8434149018275 (*) Este producto incluye marcado CE de conformidad con la legislaci\u00f3n de la Uni\u00f3n Europea","og_url":"https:\/\/creandoregalos.com\/en\/producto\/carritodelacompra\/","og_site_name":"Creando Regalos","og_image":[{"width":1080,"height":1825,"url":"https:\/\/creandoregalos.com\/wp-content\/uploads\/2025\/10\/Imagen-de-WhatsApp-2025-10-29-a-las-12.43.12_048fc5b0.jpg","type":"image\/jpeg"}],"twitter_card":"summary_large_image","twitter_misc":{"Est. reading time":"2 minutes"},"schema":{"@context":"https:\/\/schema.org","@graph":[{"@type":"WebPage","@id":"https:\/\/creandoregalos.com\/en\/producto\/carritodelacompra\/","url":"https:\/\/creandoregalos.com\/en\/producto\/carritodelacompra\/","name":"Carrito de la compra Flowers Personalizable - Creando Regalos","isPartOf":{"@id":"https:\/\/creandoregalos.com\/en\/#website"},"primaryImageOfPage":{"@id":"https:\/\/creandoregalos.com\/en\/producto\/carritodelacompra\/#primaryimage"},"image":{"@id":"https:\/\/creandoregalos.com\/en\/producto\/carritodelacompra\/#primaryimage"},"thumbnailUrl":"https:\/\/creandoregalos.com\/wp-content\/uploads\/2025\/10\/Imagen-de-WhatsApp-2025-10-29-a-las-12.43.12_048fc5b0.jpg","datePublished":"2025-10-29T11:53:39+00:00","description":"\u00bfListo para hacer la compra como los mayores? Monn\u00ebka presenta el encantador carrito de la compra con un bonito estampado de flores que se convertir\u00e1 en el complemento perfecto para el juego simb\u00f3lico de los m\u00e1s peque\u00f1os. Con un dise\u00f1o cuidado, materiales sostenibles y acabados de alta calidad, este carrito infantil invita a imaginar, jugar y aprender imitando a los mayores. Su estructura robusta de hierro incluye una cestita superior de gran capacidad, un asiento integrado para mu\u00f1ecos y una pr\u00e1ctica bandeja inferior de tela, ideal para almacenar todos los productos del supermercado infantil. Las ruedas delanteras giratorias y el mango acolchado garantizan un manejo c\u00f3modo y seguro durante el juego. \u00a1Adem\u00e1s puedes personalizarlo con el nombre de tu peque bordado! Caracter\u00edsticas Material: poli\u00e9ster Estructura de hierro Medidas aproximadas: 30 x 48 x 56 cm Cesta superior amplia con asiento incorporado para mu\u00f1ecos y peluches Bandeja inferior de tela Ruedas delanteras giratorias que facilitan su manejo y manipulaci\u00f3n Mango acolchado para un agarre suave y c\u00f3modo A partir de 3 a\u00f1os EAN: 8434149018275 (*) Este producto incluye marcado CE de conformidad con la legislaci\u00f3n de la Uni\u00f3n Europea","breadcrumb":{"@id":"https:\/\/creandoregalos.com\/en\/producto\/carritodelacompra\/#breadcrumb"},"inLanguage":"en-US","potentialAction":[{"@type":"ReadAction","target":["https:\/\/creandoregalos.com\/en\/producto\/carritodelacompra\/"]}]},{"@type":"ImageObject","inLanguage":"en-US","@id":"https:\/\/creandoregalos.com\/en\/producto\/carritodelacompra\/#primaryimage","url":"https:\/\/creandoregalos.com\/wp-content\/uploads\/2025\/10\/Imagen-de-WhatsApp-2025-10-29-a-las-12.43.12_048fc5b0.jpg","contentUrl":"https:\/\/creandoregalos.com\/wp-content\/uploads\/2025\/10\/Imagen-de-WhatsApp-2025-10-29-a-las-12.43.12_048fc5b0.jpg","width":1080,"height":1825},{"@type":"BreadcrumbList","@id":"https:\/\/creandoregalos.com\/en\/producto\/carritodelacompra\/#breadcrumb","itemListElement":[{"@type":"ListItem","position":1,"name":"Portada","item":"https:\/\/creandoregalos.com\/en\/"},{"@type":"ListItem","position":2,"name":"Shop","item":"https:\/\/creandoregalos.com\/tienda\/"},{"@type":"ListItem","position":3,"name":"Carrito de la compra Flowers Personalizable"}]},{"@type":"WebSite","@id":"https:\/\/creandoregalos.com\/en\/#website","url":"https:\/\/creandoregalos.com\/en\/","name":"Creando Regalos","description":"Tienda de regalos personalizados y mu\u00f1ecas newborn","publisher":{"@id":"https:\/\/creandoregalos.com\/en\/#organization"},"potentialAction":[{"@type":"SearchAction","target":{"@type":"EntryPoint","urlTemplate":"https:\/\/creandoregalos.com\/en\/?s={search_term_string}"},"query-input":{"@type":"PropertyValueSpecification","valueRequired":true,"valueName":"search_term_string"}}],"inLanguage":"en-US"},{"@type":"Organization","@id":"https:\/\/creandoregalos.com\/en\/#organization","name":"Creando Regalos","url":"https:\/\/creandoregalos.com\/en\/","logo":{"@type":"ImageObject","inLanguage":"en-US","@id":"https:\/\/creandoregalos.com\/en\/#\/schema\/logo\/image\/","url":"https:\/\/creandoregalos.com\/wp-content\/uploads\/2025\/01\/Creando-regalos-logo-1.svg","contentUrl":"https:\/\/creandoregalos.com\/wp-content\/uploads\/2025\/01\/Creando-regalos-logo-1.svg","width":286,"height":91,"caption":"Creando Regalos"},"image":{"@id":"https:\/\/creandoregalos.com\/en\/#\/schema\/logo\/image\/"}}]}},"_links":{"self":[{"href":"https:\/\/creandoregalos.com\/en\/wp-json\/wp\/v2\/product\/969","targetHints":{"allow":["GET"]}}],"collection":[{"href":"https:\/\/creandoregalos.com\/en\/wp-json\/wp\/v2\/product"}],"about":[{"href":"https:\/\/creandoregalos.com\/en\/wp-json\/wp\/v2\/types\/product"}],"wp:featuredmedia":[{"embeddable":true,"href":"https:\/\/creandoregalos.com\/en\/wp-json\/wp\/v2\/media\/970"}],"wp:attachment":[{"href":"https:\/\/creandoregalos.com\/en\/wp-json\/wp\/v2\/media?parent=969"}],"wp:term":[{"taxonomy":"product_brand","embeddable":true,"href":"https:\/\/creandoregalos.com\/en\/wp-json\/wp\/v2\/product_brand?post=969"},{"taxonomy":"product_cat","embeddable":true,"href":"https:\/\/creandoregalos.com\/en\/wp-json\/wp\/v2\/product_cat?post=969"},{"taxonomy":"product_tag","embeddable":true,"href":"https:\/\/creandoregalos.com\/en\/wp-json\/wp\/v2\/product_tag?post=969"}],"curies":[{"name":"wp","href":"https:\/\/api.w.org\/{rel}","templated":true}]}}