{"id":978,"date":"2025-10-29T13:19:28","date_gmt":"2025-10-29T12:19:28","guid":{"rendered":"https:\/\/creandoregalos.com\/?post_type=product&#038;p=978"},"modified":"2025-10-31T18:02:39","modified_gmt":"2025-10-31T17:02:39","slug":"carrito-de-munecas","status":"publish","type":"product","link":"https:\/\/creandoregalos.com\/en\/producto\/carrito-de-munecas\/","title":{"rendered":"Carrito para mu\u00f1ecas flowers personalizable"},"content":{"rendered":"<p>\u00a1Descubre el adorable carrito para mu\u00f1ecas de estilo vintage de Monn\u00ebka!<\/p>\n<p>Cuenta con cuatro ruedas grandes que ofrecen una mayor estabilidad para salir de paseo. El amplio capazo tiene una capota plegable estupenda para mantener a tus mu\u00f1ecos protegidos, y en la parte inferior podr\u00e1s guardar peque\u00f1os juguetes u objetos para tenerlos siempre a mano.<\/p>\n<p>\u00a1Dale un toque a\u00fan m\u00e1s personal y personal\u00edzalo con el nombre de tu peque bordado!<\/p>\n<p>Caracter\u00edsticas<br \/>\nMaterial: Metal, poli\u00e9ster<br \/>\nRelleno: 100% poli\u00e9ster<br \/>\nAsa suave y esponjosa que lo hacen muy c\u00f3modo de llevar<br \/>\nMedidas carricoche: 77 x 42 x 90 cm<br \/>\nMedidas capazo: 52 x 23.5 cm<br \/>\nAltura aproximada del suelo hasta el manillar: 80 cm<br \/>\nSe pliega y despliega f\u00e1cilmente<br \/>\nTextiles que se pueden desenfundar para lavar (30\u00baC)<br \/>\nPara mu\u00f1ecas de hasta 45cm<br \/>\nA partir de 3 a\u00f1os<br \/>\nEAN: 8434149674716<\/p>\n<p>&nbsp;<\/p>\n<p>(*) Este producto incluye marcado CE de conformidad con la legislaci\u00f3n de la Uni\u00f3n Europea<\/p>\n","protected":false},"excerpt":{"rendered":"<p>\u00a1Descubre el adorable carrito para mu\u00f1ecas de estilo vintage de Monn\u00ebka!<\/p>\n<p>Cuenta con cuatro ruedas grandes que ofrecen una mayor estabilidad para salir de paseo. El amplio capazo tiene una capota plegable estupenda para mantener a tus mu\u00f1ecos protegidos, y en la parte inferior podr\u00e1s guardar peque\u00f1os juguetes u objetos para tenerlos siempre a mano.<\/p>\n<p>\u00a1Dale un toque a\u00fan m\u00e1s personal y personal\u00edzalo con el nombre de tu peque bordado!<\/p>\n","protected":false},"featured_media":991,"template":"","meta":{"site-sidebar-layout":"default","site-content-layout":"","ast-site-content-layout":"default","site-content-style":"default","site-sidebar-style":"default","ast-global-header-display":"","ast-banner-title-visibility":"","ast-main-header-display":"","ast-hfb-above-header-display":"","ast-hfb-below-header-display":"","ast-hfb-mobile-header-display":"","site-post-title":"","ast-breadcrumbs-content":"","ast-featured-img":"","footer-sml-layout":"","theme-transparent-header-meta":"default","adv-header-id-meta":"","stick-header-meta":"","header-above-stick-meta":"","header-main-stick-meta":"","header-below-stick-meta":"","astra-migrate-meta-layouts":"set","ast-page-background-enabled":"default","ast-page-background-meta":{"desktop":{"background-color":"var(--ast-global-color-4)","background-image":"","background-repeat":"repeat","background-position":"center center","background-size":"auto","background-attachment":"scroll","background-type":"","background-media":"","overlay-type":"","overlay-color":"","overlay-opacity":"","overlay-gradient":""},"tablet":{"background-color":"","background-image":"","background-repeat":"repeat","background-position":"center center","background-size":"auto","background-attachment":"scroll","background-type":"","background-media":"","overlay-type":"","overlay-color":"","overlay-opacity":"","overlay-gradient":""},"mobile":{"background-color":"","background-image":"","background-repeat":"repeat","background-position":"center center","background-size":"auto","background-attachment":"scroll","background-type":"","background-media":"","overlay-type":"","overlay-color":"","overlay-opacity":"","overlay-gradient":""}},"ast-content-background-meta":{"desktop":{"background-color":"var(--ast-global-color-5)","background-image":"","background-repeat":"repeat","background-position":"center center","background-size":"auto","background-attachment":"scroll","background-type":"","background-media":"","overlay-type":"","overlay-color":"","overlay-opacity":"","overlay-gradient":""},"tablet":{"background-color":"var(--ast-global-color-5)","background-image":"","background-repeat":"repeat","background-position":"center center","background-size":"auto","background-attachment":"scroll","background-type":"","background-media":"","overlay-type":"","overlay-color":"","overlay-opacity":"","overlay-gradient":""},"mobile":{"background-color":"var(--ast-global-color-5)","background-image":"","background-repeat":"repeat","background-position":"center center","background-size":"auto","background-attachment":"scroll","background-type":"","background-media":"","overlay-type":"","overlay-color":"","overlay-opacity":"","overlay-gradient":""}}},"product_brand":[96],"product_cat":[95],"product_tag":[109,108,101],"class_list":{"0":"post-978","1":"product","2":"type-product","3":"status-publish","4":"has-post-thumbnail","6":"product_brand-monneka","7":"product_cat-monneka","8":"product_tag-accesorio-munecas","9":"product_tag-carrito-de-munecas","10":"product_tag-juguetes-monneka","11":"desktop-align-left","12":"tablet-align-left","13":"mobile-align-left","15":"first","16":"instock","17":"taxable","18":"shipping-taxable","19":"purchasable","20":"product-type-simple"},"yoast_head":"<!-- This site is optimized with the Yoast SEO plugin v26.2 - https:\/\/yoast.com\/wordpress\/plugins\/seo\/ -->\n<title>Carrito para mu\u00f1ecas flowers personalizable - Creando Regalos<\/title>\n<meta name=\"description\" content=\"\u00a1Descubre el adorable carrito para mu\u00f1ecas de estilo vintage de Monn\u00ebka! Cuenta con cuatro ruedas grandes que ofrecen una mayor estabilidad para salir de paseo. El amplio capazo tiene una capota plegable estupenda para mantener a tus mu\u00f1ecos protegidos, y en la parte inferior podr\u00e1s guardar peque\u00f1os juguetes u objetos para tenerlos siempre a mano.\u00a1 Dale un toque a\u00fan m\u00e1s personal y personal\u00edzalo con el nombre de tu peque bordado! Caracter\u00edsticas Material: Metal, poli\u00e9ster Relleno: 100% poli\u00e9ster Asa suave y esponjosa que lo hacen muy c\u00f3modo de llevar Medidas carricoche: 77 x 42 x 90 cm Medidas capazo: 52 x 23.5 cm Altura aproximada del suelo hasta el manillar: 80 cm Se pliega y despliega f\u00e1cilmente Textiles que se pueden desenfundar para lavar (30\u00baC)Para mu\u00f1ecas de hasta 45cmA partir de 3 a\u00f1os EAN: 8434149674716 (*) Este producto incluye marcado CE de conformidad con la legislaci\u00f3n de la Uni\u00f3n Europea\" \/>\n<meta name=\"robots\" content=\"index, follow, max-snippet:-1, max-image-preview:large, max-video-preview:-1\" \/>\n<link rel=\"canonical\" href=\"https:\/\/creandoregalos.com\/en\/producto\/carrito-de-munecas\/\" \/>\n<meta property=\"og:locale\" content=\"en_US\" \/>\n<meta property=\"og:type\" content=\"article\" \/>\n<meta property=\"og:title\" content=\"Carrito para mu\u00f1ecas flowers personalizable - Creando Regalos\" \/>\n<meta property=\"og:description\" content=\"\u00a1Descubre el adorable carrito para mu\u00f1ecas de estilo vintage de Monn\u00ebka! Cuenta con cuatro ruedas grandes que ofrecen una mayor estabilidad para salir de paseo. El amplio capazo tiene una capota plegable estupenda para mantener a tus mu\u00f1ecos protegidos, y en la parte inferior podr\u00e1s guardar peque\u00f1os juguetes u objetos para tenerlos siempre a mano.\u00a1 Dale un toque a\u00fan m\u00e1s personal y personal\u00edzalo con el nombre de tu peque bordado! Caracter\u00edsticas Material: Metal, poli\u00e9ster Relleno: 100% poli\u00e9ster Asa suave y esponjosa que lo hacen muy c\u00f3modo de llevar Medidas carricoche: 77 x 42 x 90 cm Medidas capazo: 52 x 23.5 cm Altura aproximada del suelo hasta el manillar: 80 cm Se pliega y despliega f\u00e1cilmente Textiles que se pueden desenfundar para lavar (30\u00baC)Para mu\u00f1ecas de hasta 45cmA partir de 3 a\u00f1os EAN: 8434149674716 (*) Este producto incluye marcado CE de conformidad con la legislaci\u00f3n de la Uni\u00f3n Europea\" \/>\n<meta property=\"og:url\" content=\"https:\/\/creandoregalos.com\/en\/producto\/carrito-de-munecas\/\" \/>\n<meta property=\"og:site_name\" content=\"Creando Regalos\" \/>\n<meta property=\"article:modified_time\" content=\"2025-10-31T17:02:39+00:00\" \/>\n<meta property=\"og:image\" content=\"https:\/\/creandoregalos.com\/wp-content\/uploads\/2025\/10\/Imagen-de-WhatsApp-2025-10-29-a-las-13.11.37_63fbe227.jpg\" \/>\n\t<meta property=\"og:image:width\" content=\"1079\" \/>\n\t<meta property=\"og:image:height\" content=\"1799\" \/>\n\t<meta property=\"og:image:type\" content=\"image\/jpeg\" \/>\n<meta name=\"twitter:card\" content=\"summary_large_image\" \/>\n<meta name=\"twitter:label1\" content=\"Est. reading time\" \/>\n\t<meta name=\"twitter:data1\" content=\"1 minute\" \/>\n<script type=\"application\/ld+json\" class=\"yoast-schema-graph\">{\"@context\":\"https:\/\/schema.org\",\"@graph\":[{\"@type\":\"WebPage\",\"@id\":\"https:\/\/creandoregalos.com\/en\/producto\/carrito-de-munecas\/\",\"url\":\"https:\/\/creandoregalos.com\/en\/producto\/carrito-de-munecas\/\",\"name\":\"Carrito para mu\u00f1ecas flowers personalizable - Creando Regalos\",\"isPartOf\":{\"@id\":\"https:\/\/creandoregalos.com\/en\/#website\"},\"primaryImageOfPage\":{\"@id\":\"https:\/\/creandoregalos.com\/en\/producto\/carrito-de-munecas\/#primaryimage\"},\"image\":{\"@id\":\"https:\/\/creandoregalos.com\/en\/producto\/carrito-de-munecas\/#primaryimage\"},\"thumbnailUrl\":\"https:\/\/creandoregalos.com\/wp-content\/uploads\/2025\/10\/Imagen-de-WhatsApp-2025-10-29-a-las-13.11.37_63fbe227.jpg\",\"datePublished\":\"2025-10-29T12:19:28+00:00\",\"dateModified\":\"2025-10-31T17:02:39+00:00\",\"description\":\"\u00a1Descubre el adorable carrito para mu\u00f1ecas de estilo vintage de Monn\u00ebka! Cuenta con cuatro ruedas grandes que ofrecen una mayor estabilidad para salir de paseo. El amplio capazo tiene una capota plegable estupenda para mantener a tus mu\u00f1ecos protegidos, y en la parte inferior podr\u00e1s guardar peque\u00f1os juguetes u objetos para tenerlos siempre a mano.\u00a1 Dale un toque a\u00fan m\u00e1s personal y personal\u00edzalo con el nombre de tu peque bordado! Caracter\u00edsticas Material: Metal, poli\u00e9ster Relleno: 100% poli\u00e9ster Asa suave y esponjosa que lo hacen muy c\u00f3modo de llevar Medidas carricoche: 77 x 42 x 90 cm Medidas capazo: 52 x 23.5 cm Altura aproximada del suelo hasta el manillar: 80 cm Se pliega y despliega f\u00e1cilmente Textiles que se pueden desenfundar para lavar (30\u00baC)Para mu\u00f1ecas de hasta 45cmA partir de 3 a\u00f1os EAN: 8434149674716 (*) Este producto incluye marcado CE de conformidad con la legislaci\u00f3n de la Uni\u00f3n Europea\",\"breadcrumb\":{\"@id\":\"https:\/\/creandoregalos.com\/en\/producto\/carrito-de-munecas\/#breadcrumb\"},\"inLanguage\":\"en-US\",\"potentialAction\":[{\"@type\":\"ReadAction\",\"target\":[\"https:\/\/creandoregalos.com\/en\/producto\/carrito-de-munecas\/\"]}]},{\"@type\":\"ImageObject\",\"inLanguage\":\"en-US\",\"@id\":\"https:\/\/creandoregalos.com\/en\/producto\/carrito-de-munecas\/#primaryimage\",\"url\":\"https:\/\/creandoregalos.com\/wp-content\/uploads\/2025\/10\/Imagen-de-WhatsApp-2025-10-29-a-las-13.11.37_63fbe227.jpg\",\"contentUrl\":\"https:\/\/creandoregalos.com\/wp-content\/uploads\/2025\/10\/Imagen-de-WhatsApp-2025-10-29-a-las-13.11.37_63fbe227.jpg\",\"width\":1079,\"height\":1799},{\"@type\":\"BreadcrumbList\",\"@id\":\"https:\/\/creandoregalos.com\/en\/producto\/carrito-de-munecas\/#breadcrumb\",\"itemListElement\":[{\"@type\":\"ListItem\",\"position\":1,\"name\":\"Portada\",\"item\":\"https:\/\/creandoregalos.com\/en\/\"},{\"@type\":\"ListItem\",\"position\":2,\"name\":\"Shop\",\"item\":\"https:\/\/creandoregalos.com\/tienda\/\"},{\"@type\":\"ListItem\",\"position\":3,\"name\":\"Carrito para mu\u00f1ecas flowers personalizable\"}]},{\"@type\":\"WebSite\",\"@id\":\"https:\/\/creandoregalos.com\/en\/#website\",\"url\":\"https:\/\/creandoregalos.com\/en\/\",\"name\":\"Creando Regalos\",\"description\":\"Tienda de regalos personalizados y mu\u00f1ecas newborn\",\"publisher\":{\"@id\":\"https:\/\/creandoregalos.com\/en\/#organization\"},\"potentialAction\":[{\"@type\":\"SearchAction\",\"target\":{\"@type\":\"EntryPoint\",\"urlTemplate\":\"https:\/\/creandoregalos.com\/en\/?s={search_term_string}\"},\"query-input\":{\"@type\":\"PropertyValueSpecification\",\"valueRequired\":true,\"valueName\":\"search_term_string\"}}],\"inLanguage\":\"en-US\"},{\"@type\":\"Organization\",\"@id\":\"https:\/\/creandoregalos.com\/en\/#organization\",\"name\":\"Creando Regalos\",\"url\":\"https:\/\/creandoregalos.com\/en\/\",\"logo\":{\"@type\":\"ImageObject\",\"inLanguage\":\"en-US\",\"@id\":\"https:\/\/creandoregalos.com\/en\/#\/schema\/logo\/image\/\",\"url\":\"https:\/\/creandoregalos.com\/wp-content\/uploads\/2025\/01\/Creando-regalos-logo-1.svg\",\"contentUrl\":\"https:\/\/creandoregalos.com\/wp-content\/uploads\/2025\/01\/Creando-regalos-logo-1.svg\",\"width\":286,\"height\":91,\"caption\":\"Creando Regalos\"},\"image\":{\"@id\":\"https:\/\/creandoregalos.com\/en\/#\/schema\/logo\/image\/\"}}]}<\/script>\n<!-- \/ Yoast SEO plugin. -->","yoast_head_json":{"title":"Carrito para mu\u00f1ecas flowers personalizable - Creando Regalos","description":"\u00a1Descubre el adorable carrito para mu\u00f1ecas de estilo vintage de Monn\u00ebka! Cuenta con cuatro ruedas grandes que ofrecen una mayor estabilidad para salir de paseo. El amplio capazo tiene una capota plegable estupenda para mantener a tus mu\u00f1ecos protegidos, y en la parte inferior podr\u00e1s guardar peque\u00f1os juguetes u objetos para tenerlos siempre a mano.\u00a1 Dale un toque a\u00fan m\u00e1s personal y personal\u00edzalo con el nombre de tu peque bordado! Caracter\u00edsticas Material: Metal, poli\u00e9ster Relleno: 100% poli\u00e9ster Asa suave y esponjosa que lo hacen muy c\u00f3modo de llevar Medidas carricoche: 77 x 42 x 90 cm Medidas capazo: 52 x 23.5 cm Altura aproximada del suelo hasta el manillar: 80 cm Se pliega y despliega f\u00e1cilmente Textiles que se pueden desenfundar para lavar (30\u00baC)Para mu\u00f1ecas de hasta 45cmA partir de 3 a\u00f1os EAN: 8434149674716 (*) Este producto incluye marcado CE de conformidad con la legislaci\u00f3n de la Uni\u00f3n Europea","robots":{"index":"index","follow":"follow","max-snippet":"max-snippet:-1","max-image-preview":"max-image-preview:large","max-video-preview":"max-video-preview:-1"},"canonical":"https:\/\/creandoregalos.com\/en\/producto\/carrito-de-munecas\/","og_locale":"en_US","og_type":"article","og_title":"Carrito para mu\u00f1ecas flowers personalizable - Creando Regalos","og_description":"\u00a1Descubre el adorable carrito para mu\u00f1ecas de estilo vintage de Monn\u00ebka! Cuenta con cuatro ruedas grandes que ofrecen una mayor estabilidad para salir de paseo. El amplio capazo tiene una capota plegable estupenda para mantener a tus mu\u00f1ecos protegidos, y en la parte inferior podr\u00e1s guardar peque\u00f1os juguetes u objetos para tenerlos siempre a mano.\u00a1 Dale un toque a\u00fan m\u00e1s personal y personal\u00edzalo con el nombre de tu peque bordado! Caracter\u00edsticas Material: Metal, poli\u00e9ster Relleno: 100% poli\u00e9ster Asa suave y esponjosa que lo hacen muy c\u00f3modo de llevar Medidas carricoche: 77 x 42 x 90 cm Medidas capazo: 52 x 23.5 cm Altura aproximada del suelo hasta el manillar: 80 cm Se pliega y despliega f\u00e1cilmente Textiles que se pueden desenfundar para lavar (30\u00baC)Para mu\u00f1ecas de hasta 45cmA partir de 3 a\u00f1os EAN: 8434149674716 (*) Este producto incluye marcado CE de conformidad con la legislaci\u00f3n de la Uni\u00f3n Europea","og_url":"https:\/\/creandoregalos.com\/en\/producto\/carrito-de-munecas\/","og_site_name":"Creando Regalos","article_modified_time":"2025-10-31T17:02:39+00:00","og_image":[{"width":1079,"height":1799,"url":"https:\/\/creandoregalos.com\/wp-content\/uploads\/2025\/10\/Imagen-de-WhatsApp-2025-10-29-a-las-13.11.37_63fbe227.jpg","type":"image\/jpeg"}],"twitter_card":"summary_large_image","twitter_misc":{"Est. reading time":"1 minute"},"schema":{"@context":"https:\/\/schema.org","@graph":[{"@type":"WebPage","@id":"https:\/\/creandoregalos.com\/en\/producto\/carrito-de-munecas\/","url":"https:\/\/creandoregalos.com\/en\/producto\/carrito-de-munecas\/","name":"Carrito para mu\u00f1ecas flowers personalizable - Creando Regalos","isPartOf":{"@id":"https:\/\/creandoregalos.com\/en\/#website"},"primaryImageOfPage":{"@id":"https:\/\/creandoregalos.com\/en\/producto\/carrito-de-munecas\/#primaryimage"},"image":{"@id":"https:\/\/creandoregalos.com\/en\/producto\/carrito-de-munecas\/#primaryimage"},"thumbnailUrl":"https:\/\/creandoregalos.com\/wp-content\/uploads\/2025\/10\/Imagen-de-WhatsApp-2025-10-29-a-las-13.11.37_63fbe227.jpg","datePublished":"2025-10-29T12:19:28+00:00","dateModified":"2025-10-31T17:02:39+00:00","description":"\u00a1Descubre el adorable carrito para mu\u00f1ecas de estilo vintage de Monn\u00ebka! Cuenta con cuatro ruedas grandes que ofrecen una mayor estabilidad para salir de paseo. El amplio capazo tiene una capota plegable estupenda para mantener a tus mu\u00f1ecos protegidos, y en la parte inferior podr\u00e1s guardar peque\u00f1os juguetes u objetos para tenerlos siempre a mano.\u00a1 Dale un toque a\u00fan m\u00e1s personal y personal\u00edzalo con el nombre de tu peque bordado! Caracter\u00edsticas Material: Metal, poli\u00e9ster Relleno: 100% poli\u00e9ster Asa suave y esponjosa que lo hacen muy c\u00f3modo de llevar Medidas carricoche: 77 x 42 x 90 cm Medidas capazo: 52 x 23.5 cm Altura aproximada del suelo hasta el manillar: 80 cm Se pliega y despliega f\u00e1cilmente Textiles que se pueden desenfundar para lavar (30\u00baC)Para mu\u00f1ecas de hasta 45cmA partir de 3 a\u00f1os EAN: 8434149674716 (*) Este producto incluye marcado CE de conformidad con la legislaci\u00f3n de la Uni\u00f3n Europea","breadcrumb":{"@id":"https:\/\/creandoregalos.com\/en\/producto\/carrito-de-munecas\/#breadcrumb"},"inLanguage":"en-US","potentialAction":[{"@type":"ReadAction","target":["https:\/\/creandoregalos.com\/en\/producto\/carrito-de-munecas\/"]}]},{"@type":"ImageObject","inLanguage":"en-US","@id":"https:\/\/creandoregalos.com\/en\/producto\/carrito-de-munecas\/#primaryimage","url":"https:\/\/creandoregalos.com\/wp-content\/uploads\/2025\/10\/Imagen-de-WhatsApp-2025-10-29-a-las-13.11.37_63fbe227.jpg","contentUrl":"https:\/\/creandoregalos.com\/wp-content\/uploads\/2025\/10\/Imagen-de-WhatsApp-2025-10-29-a-las-13.11.37_63fbe227.jpg","width":1079,"height":1799},{"@type":"BreadcrumbList","@id":"https:\/\/creandoregalos.com\/en\/producto\/carrito-de-munecas\/#breadcrumb","itemListElement":[{"@type":"ListItem","position":1,"name":"Portada","item":"https:\/\/creandoregalos.com\/en\/"},{"@type":"ListItem","position":2,"name":"Shop","item":"https:\/\/creandoregalos.com\/tienda\/"},{"@type":"ListItem","position":3,"name":"Carrito para mu\u00f1ecas flowers personalizable"}]},{"@type":"WebSite","@id":"https:\/\/creandoregalos.com\/en\/#website","url":"https:\/\/creandoregalos.com\/en\/","name":"Creando Regalos","description":"Tienda de regalos personalizados y mu\u00f1ecas newborn","publisher":{"@id":"https:\/\/creandoregalos.com\/en\/#organization"},"potentialAction":[{"@type":"SearchAction","target":{"@type":"EntryPoint","urlTemplate":"https:\/\/creandoregalos.com\/en\/?s={search_term_string}"},"query-input":{"@type":"PropertyValueSpecification","valueRequired":true,"valueName":"search_term_string"}}],"inLanguage":"en-US"},{"@type":"Organization","@id":"https:\/\/creandoregalos.com\/en\/#organization","name":"Creando Regalos","url":"https:\/\/creandoregalos.com\/en\/","logo":{"@type":"ImageObject","inLanguage":"en-US","@id":"https:\/\/creandoregalos.com\/en\/#\/schema\/logo\/image\/","url":"https:\/\/creandoregalos.com\/wp-content\/uploads\/2025\/01\/Creando-regalos-logo-1.svg","contentUrl":"https:\/\/creandoregalos.com\/wp-content\/uploads\/2025\/01\/Creando-regalos-logo-1.svg","width":286,"height":91,"caption":"Creando Regalos"},"image":{"@id":"https:\/\/creandoregalos.com\/en\/#\/schema\/logo\/image\/"}}]}},"_links":{"self":[{"href":"https:\/\/creandoregalos.com\/en\/wp-json\/wp\/v2\/product\/978","targetHints":{"allow":["GET"]}}],"collection":[{"href":"https:\/\/creandoregalos.com\/en\/wp-json\/wp\/v2\/product"}],"about":[{"href":"https:\/\/creandoregalos.com\/en\/wp-json\/wp\/v2\/types\/product"}],"wp:featuredmedia":[{"embeddable":true,"href":"https:\/\/creandoregalos.com\/en\/wp-json\/wp\/v2\/media\/991"}],"wp:attachment":[{"href":"https:\/\/creandoregalos.com\/en\/wp-json\/wp\/v2\/media?parent=978"}],"wp:term":[{"taxonomy":"product_brand","embeddable":true,"href":"https:\/\/creandoregalos.com\/en\/wp-json\/wp\/v2\/product_brand?post=978"},{"taxonomy":"product_cat","embeddable":true,"href":"https:\/\/creandoregalos.com\/en\/wp-json\/wp\/v2\/product_cat?post=978"},{"taxonomy":"product_tag","embeddable":true,"href":"https:\/\/creandoregalos.com\/en\/wp-json\/wp\/v2\/product_tag?post=978"}],"curies":[{"name":"wp","href":"https:\/\/api.w.org\/{rel}","templated":true}]}}